{"id":612,"date":"2024-06-07T15:15:30","date_gmt":"2024-06-07T15:15:30","guid":{"rendered":"https:\/\/laserbiomedic.com\/?page_id=612"},"modified":"2024-08-14T21:37:31","modified_gmt":"2024-08-14T21:37:31","slug":"pro-a-analizador-facial","status":"publish","type":"page","link":"https:\/\/laserbiomedic.com\/en\/pro-a-analizador-facial\/","title":{"rendered":"Pro A Analizador Facial"},"content":{"rendered":"<div data-elementor-type=\"wp-page\" data-elementor-id=\"612\" class=\"elementor elementor-612\" data-elementor-post-type=\"page\">\n\t\t\t\t<div class=\"elementor-element elementor-element-26225596 e-con-full e-flex e-con e-parent\" data-id=\"26225596\" data-element_type=\"container\" data-e-type=\"container\">\n\t\t\t\t<div class=\"elementor-element elementor-element-5952cd1d elementor-widget elementor-widget-image\" data-id=\"5952cd1d\" data-element_type=\"widget\" data-e-type=\"widget\" data-widget_type=\"image.default\">\n\t\t\t\t<div class=\"elementor-widget-container\">\n\t\t\t\t\t\t\t\t\t\t\t\t\t\t\t<img fetchpriority=\"high\" decoding=\"async\" width=\"1998\" height=\"822\" src=\"https:\/\/laserbiomedic.com\/wp-content\/uploads\/2024\/08\/Layer_1.png\" class=\"attachment-full size-full wp-image-1528\" alt=\"\" srcset=\"https:\/\/laserbiomedic.com\/wp-content\/uploads\/2024\/08\/Layer_1.png 1998w, https:\/\/laserbiomedic.com\/wp-content\/uploads\/2024\/08\/Layer_1-300x123.png 300w, https:\/\/laserbiomedic.com\/wp-content\/uploads\/2024\/08\/Layer_1-1024x421.png 1024w, https:\/\/laserbiomedic.com\/wp-content\/uploads\/2024\/08\/Layer_1-768x316.png 768w, https:\/\/laserbiomedic.com\/wp-content\/uploads\/2024\/08\/Layer_1-1536x632.png 1536w, https:\/\/laserbiomedic.com\/wp-content\/uploads\/2024\/08\/Layer_1-18x7.png 18w\" sizes=\"(max-width: 1998px) 100vw, 1998px\" \/>\t\t\t\t\t\t\t\t\t\t\t\t\t\t\t<\/div>\n\t\t\t\t<\/div>\n\t\t\t\t<\/div>\n\t\t<div class=\"elementor-element elementor-element-2a3bf50c e-flex e-con-boxed e-con e-parent\" data-id=\"2a3bf50c\" data-element_type=\"container\" data-e-type=\"container\">\n\t\t\t\t\t<div class=\"e-con-inner\">\n\t\t\t\t<div class=\"elementor-element elementor-element-4fee26d1 elementor-widget elementor-widget-heading\" data-id=\"4fee26d1\" data-element_type=\"widget\" data-e-type=\"widget\" data-widget_type=\"heading.default\">\n\t\t\t\t<div class=\"elementor-widget-container\">\n\t\t\t\t\t<h2 class=\"elementor-heading-title elementor-size-default\">PRO A ANALIZADOR FACIAL<\/h2>\t\t\t\t<\/div>\n\t\t\t\t<\/div>\n\t\t\t\t\t<\/div>\n\t\t\t\t<\/div>\n\t\t<div class=\"elementor-element elementor-element-33595f94 e-flex e-con-boxed e-con e-parent\" data-id=\"33595f94\" data-element_type=\"container\" data-e-type=\"container\">\n\t\t\t\t\t<div class=\"e-con-inner\">\n\t\t<div class=\"elementor-element elementor-element-7412e4df e-con-full e-flex e-con e-child\" data-id=\"7412e4df\" data-element_type=\"container\" data-e-type=\"container\">\n\t\t\t\t<div class=\"elementor-element elementor-element-8c86e71 elementor-widget elementor-widget-image\" data-id=\"8c86e71\" data-element_type=\"widget\" data-e-type=\"widget\" data-widget_type=\"image.default\">\n\t\t\t\t<div class=\"elementor-widget-container\">\n\t\t\t\t\t\t\t\t\t\t\t\t\t\t\t<img decoding=\"async\" width=\"990\" height=\"1144\" src=\"https:\/\/laserbiomedic.com\/wp-content\/uploads\/2024\/06\/Meicet-Pro-A-1.png\" class=\"elementor-animation-grow attachment-full size-full wp-image-618\" alt=\"\" srcset=\"https:\/\/laserbiomedic.com\/wp-content\/uploads\/2024\/06\/Meicet-Pro-A-1.png 990w, https:\/\/laserbiomedic.com\/wp-content\/uploads\/2024\/06\/Meicet-Pro-A-1-260x300.png 260w, https:\/\/laserbiomedic.com\/wp-content\/uploads\/2024\/06\/Meicet-Pro-A-1-886x1024.png 886w, https:\/\/laserbiomedic.com\/wp-content\/uploads\/2024\/06\/Meicet-Pro-A-1-768x887.png 768w\" sizes=\"(max-width: 990px) 100vw, 990px\" \/>\t\t\t\t\t\t\t\t\t\t\t\t\t\t\t<\/div>\n\t\t\t\t<\/div>\n\t\t\t\t<\/div>\n\t\t<div class=\"elementor-element elementor-element-3f487a2c e-con-full e-flex e-con e-child\" data-id=\"3f487a2c\" data-element_type=\"container\" data-e-type=\"container\">\n\t\t\t\t<div class=\"elementor-element elementor-element-466bce58 elementor-widget elementor-widget-heading\" data-id=\"466bce58\" data-element_type=\"widget\" data-e-type=\"widget\" data-widget_type=\"heading.default\">\n\t\t\t\t<div class=\"elementor-widget-container\">\n\t\t\t\t\t<h2 class=\"elementor-heading-title elementor-size-default\">Deteccio\u0301n u\u0301nica del envejecimiento, la sensibilidad, pigmentacio\u0301n, la textura y el tono de la piel<\/h2>\t\t\t\t<\/div>\n\t\t\t\t<\/div>\n\t\t\t\t<div class=\"elementor-element elementor-element-755b05c6 elementor-widget elementor-widget-text-editor\" data-id=\"755b05c6\" data-element_type=\"widget\" data-e-type=\"widget\" data-widget_type=\"text-editor.default\">\n\t\t\t\t<div class=\"elementor-widget-container\">\n\t\t\t\t\t\t\t\t\t<ul><li>Facial detection and analysis system<\/li><li>All-in-one minimalist design<\/li><li>Precise scanning system<\/li><li>Realistic image and analysis<\/li><li>Instant access to images<\/li><li>Artificial intelligence technology to prevent future damage<\/li><li>aging simulator<\/li><\/ul>\t\t\t\t\t\t\t\t<\/div>\n\t\t\t\t<\/div>\n\t\t\t\t<\/div>\n\t\t\t\t\t<\/div>\n\t\t\t\t<\/div>\n\t\t<div class=\"elementor-element elementor-element-511127a e-flex e-con-boxed e-con e-parent\" data-id=\"511127a\" data-element_type=\"container\" data-e-type=\"container\">\n\t\t\t\t\t<div class=\"e-con-inner\">\n\t\t\t\t<div class=\"elementor-element elementor-element-2b67b75 elementor-widget elementor-widget-heading\" data-id=\"2b67b75\" data-element_type=\"widget\" data-e-type=\"widget\" data-widget_type=\"heading.default\">\n\t\t\t\t<div class=\"elementor-widget-container\">\n\t\t\t\t\t<h2 class=\"elementor-heading-title elementor-size-default\">informaci\u00f3n t\u00e9cnica\n<\/h2>\t\t\t\t<\/div>\n\t\t\t\t<\/div>\n\t\t\t\t<div class=\"elementor-element elementor-element-fa89cd0 elementor-widget elementor-widget-image\" data-id=\"fa89cd0\" data-element_type=\"widget\" data-e-type=\"widget\" data-widget_type=\"image.default\">\n\t\t\t\t<div class=\"elementor-widget-container\">\n\t\t\t\t\t\t\t\t\t\t\t\t\t\t\t<img decoding=\"async\" width=\"1559\" height=\"799\" src=\"https:\/\/laserbiomedic.com\/wp-content\/uploads\/2024\/06\/Captura-de-pantalla-2024-06-07-a-las-8.49-1-1.png\" class=\"attachment-full size-full wp-image-970\" alt=\"\" srcset=\"https:\/\/laserbiomedic.com\/wp-content\/uploads\/2024\/06\/Captura-de-pantalla-2024-06-07-a-las-8.49-1-1.png 1559w, https:\/\/laserbiomedic.com\/wp-content\/uploads\/2024\/06\/Captura-de-pantalla-2024-06-07-a-las-8.49-1-1-300x154.png 300w, https:\/\/laserbiomedic.com\/wp-content\/uploads\/2024\/06\/Captura-de-pantalla-2024-06-07-a-las-8.49-1-1-1024x525.png 1024w, https:\/\/laserbiomedic.com\/wp-content\/uploads\/2024\/06\/Captura-de-pantalla-2024-06-07-a-las-8.49-1-1-768x394.png 768w, https:\/\/laserbiomedic.com\/wp-content\/uploads\/2024\/06\/Captura-de-pantalla-2024-06-07-a-las-8.49-1-1-1536x787.png 1536w, https:\/\/laserbiomedic.com\/wp-content\/uploads\/2024\/06\/Captura-de-pantalla-2024-06-07-a-las-8.49-1-1-18x9.png 18w\" sizes=\"(max-width: 1559px) 100vw, 1559px\" \/>\t\t\t\t\t\t\t\t\t\t\t\t\t\t\t<\/div>\n\t\t\t\t<\/div>\n\t\t\t\t<div class=\"elementor-element elementor-element-d82b041 elementor-widget elementor-widget-heading\" data-id=\"d82b041\" data-element_type=\"widget\" data-e-type=\"widget\" data-widget_type=\"heading.default\">\n\t\t\t\t<div class=\"elementor-widget-container\">\n\t\t\t\t\t<h2 class=\"elementor-heading-title elementor-size-default\">RESULTADOS<\/h2>\t\t\t\t<\/div>\n\t\t\t\t<\/div>\n\t\t\t\t<div class=\"elementor-element elementor-element-d96913f elementor-widget elementor-widget-image\" data-id=\"d96913f\" data-element_type=\"widget\" data-e-type=\"widget\" data-widget_type=\"image.default\">\n\t\t\t\t<div class=\"elementor-widget-container\">\n\t\t\t\t\t\t\t\t\t\t\t\t\t\t\t<img loading=\"lazy\" decoding=\"async\" width=\"1384\" height=\"1534\" src=\"https:\/\/laserbiomedic.com\/wp-content\/uploads\/2024\/06\/Group-9206.png\" class=\"attachment-full size-full wp-image-968\" alt=\"\" srcset=\"https:\/\/laserbiomedic.com\/wp-content\/uploads\/2024\/06\/Group-9206.png 1384w, https:\/\/laserbiomedic.com\/wp-content\/uploads\/2024\/06\/Group-9206-271x300.png 271w, https:\/\/laserbiomedic.com\/wp-content\/uploads\/2024\/06\/Group-9206-924x1024.png 924w, https:\/\/laserbiomedic.com\/wp-content\/uploads\/2024\/06\/Group-9206-768x851.png 768w, https:\/\/laserbiomedic.com\/wp-content\/uploads\/2024\/06\/Group-9206-11x12.png 11w\" sizes=\"(max-width: 1384px) 100vw, 1384px\" \/>\t\t\t\t\t\t\t\t\t\t\t\t\t\t\t<\/div>\n\t\t\t\t<\/div>\n\t\t\t\t<div class=\"elementor-element elementor-element-6a1834d elementor-align-center elementor-widget elementor-widget-button\" data-id=\"6a1834d\" data-element_type=\"widget\" data-e-type=\"widget\" data-widget_type=\"button.default\">\n\t\t\t\t<div class=\"elementor-widget-container\">\n\t\t\t\t\t\t\t\t\t<div class=\"elementor-button-wrapper\">\n\t\t\t\t\t<a class=\"elementor-button elementor-button-link elementor-size-sm elementor-animation-grow\" href=\"http:\/\/wa.link\/enzn9z\">\n\t\t\t\t\t\t<span class=\"elementor-button-content-wrapper\">\n\t\t\t\t\t\t\t\t\t<span class=\"elementor-button-text\">ASK FOR INFORMATION<\/span>\n\t\t\t\t\t<\/span>\n\t\t\t\t\t<\/a>\n\t\t\t\t<\/div>\n\t\t\t\t\t\t\t\t<\/div>\n\t\t\t\t<\/div>\n\t\t\t\t\t<\/div>\n\t\t\t\t<\/div>\n\t\t\t\t<\/div>","protected":false},"excerpt":{"rendered":"<p>PRO A ANALIZADOR FACIAL Deteccio\u0301n u\u0301nica del envejecimiento, la sensibilidad, pigmentacio\u0301n, la textura y el tono de la piel Sistema de detecci\u00f3n y an\u00e1lisis facial Dise\u00f1o minimalista todo en uno Sistema de escaneo preciso Imagen y an\u00e1lisis realista Acceso instant\u00e1neo a im\u00e1genes Tecnolog\u00eda de inteligencia artificial para prevenir da\u00f1os futuros Simulador de envejecimiento informaci\u00f3n t\u00e9cnica [&hellip;]<\/p>\n","protected":false},"author":1,"featured_media":0,"parent":0,"menu_order":0,"comment_status":"closed","ping_status":"closed","template":"","meta":{"footnotes":""},"class_list":["post-612","page","type-page","status-publish","hentry"],"_links":{"self":[{"href":"https:\/\/laserbiomedic.com\/en\/wp-json\/wp\/v2\/pages\/612","targetHints":{"allow":["GET"]}}],"collection":[{"href":"https:\/\/laserbiomedic.com\/en\/wp-json\/wp\/v2\/pages"}],"about":[{"href":"https:\/\/laserbiomedic.com\/en\/wp-json\/wp\/v2\/types\/page"}],"author":[{"embeddable":true,"href":"https:\/\/laserbiomedic.com\/en\/wp-json\/wp\/v2\/users\/1"}],"replies":[{"embeddable":true,"href":"https:\/\/laserbiomedic.com\/en\/wp-json\/wp\/v2\/comments?post=612"}],"version-history":[{"count":16,"href":"https:\/\/laserbiomedic.com\/en\/wp-json\/wp\/v2\/pages\/612\/revisions"}],"predecessor-version":[{"id":1531,"href":"https:\/\/laserbiomedic.com\/en\/wp-json\/wp\/v2\/pages\/612\/revisions\/1531"}],"wp:attachment":[{"href":"https:\/\/laserbiomedic.com\/en\/wp-json\/wp\/v2\/media?parent=612"}],"curies":[{"name":"wp","href":"https:\/\/api.w.org\/{rel}","templated":true}]}}