{"id":602,"date":"2024-06-07T15:13:07","date_gmt":"2024-06-07T15:13:07","guid":{"rendered":"https:\/\/laserbiomedic.com\/?page_id=602"},"modified":"2024-09-12T02:50:49","modified_gmt":"2024-09-12T02:50:49","slug":"gynfr-2-0-laser-co2","status":"publish","type":"page","link":"https:\/\/laserbiomedic.com\/en\/gynfr-2-0-laser-co2\/","title":{"rendered":"Gynfr 2.0 Laser Co2"},"content":{"rendered":"<div data-elementor-type=\"wp-page\" data-elementor-id=\"602\" class=\"elementor elementor-602\" data-elementor-post-type=\"page\">\n\t\t\t\t<div class=\"elementor-element elementor-element-59850ec8 e-con-full e-flex e-con e-parent\" data-id=\"59850ec8\" data-element_type=\"container\" data-e-type=\"container\">\n\t\t\t\t<div class=\"elementor-element elementor-element-39f2aae6 elementor-widget elementor-widget-image\" data-id=\"39f2aae6\" data-element_type=\"widget\" data-e-type=\"widget\" data-widget_type=\"image.default\">\n\t\t\t\t<div class=\"elementor-widget-container\">\n\t\t\t\t\t\t\t\t\t\t\t\t\t\t\t<img fetchpriority=\"high\" decoding=\"async\" width=\"1993\" height=\"811\" src=\"https:\/\/laserbiomedic.com\/wp-content\/uploads\/2024\/06\/BIOMEDIC-MANUAL-DXXE-IDENTIDAD-1.png\" class=\"attachment-full size-full wp-image-1165\" alt=\"\" srcset=\"https:\/\/laserbiomedic.com\/wp-content\/uploads\/2024\/06\/BIOMEDIC-MANUAL-DXXE-IDENTIDAD-1.png 1993w, https:\/\/laserbiomedic.com\/wp-content\/uploads\/2024\/06\/BIOMEDIC-MANUAL-DXXE-IDENTIDAD-1-300x122.png 300w, https:\/\/laserbiomedic.com\/wp-content\/uploads\/2024\/06\/BIOMEDIC-MANUAL-DXXE-IDENTIDAD-1-1024x417.png 1024w, https:\/\/laserbiomedic.com\/wp-content\/uploads\/2024\/06\/BIOMEDIC-MANUAL-DXXE-IDENTIDAD-1-768x313.png 768w, https:\/\/laserbiomedic.com\/wp-content\/uploads\/2024\/06\/BIOMEDIC-MANUAL-DXXE-IDENTIDAD-1-1536x625.png 1536w, https:\/\/laserbiomedic.com\/wp-content\/uploads\/2024\/06\/BIOMEDIC-MANUAL-DXXE-IDENTIDAD-1-18x7.png 18w\" sizes=\"(max-width: 1993px) 100vw, 1993px\" \/>\t\t\t\t\t\t\t\t\t\t\t\t\t\t\t<\/div>\n\t\t\t\t<\/div>\n\t\t\t\t<\/div>\n\t\t<div class=\"elementor-element elementor-element-4c201f23 e-flex e-con-boxed e-con e-parent\" data-id=\"4c201f23\" data-element_type=\"container\" data-e-type=\"container\">\n\t\t\t\t\t<div class=\"e-con-inner\">\n\t\t\t\t<div class=\"elementor-element elementor-element-6866da7d elementor-widget elementor-widget-heading\" data-id=\"6866da7d\" data-element_type=\"widget\" data-e-type=\"widget\" data-widget_type=\"heading.default\">\n\t\t\t\t<div class=\"elementor-widget-container\">\n\t\t\t\t\t<h2 class=\"elementor-heading-title elementor-size-default\">GYNFR 2.0 LASER CO2<\/h2>\t\t\t\t<\/div>\n\t\t\t\t<\/div>\n\t\t\t\t\t<\/div>\n\t\t\t\t<\/div>\n\t\t<div class=\"elementor-element elementor-element-4e510d13 e-flex e-con-boxed e-con e-parent\" data-id=\"4e510d13\" data-element_type=\"container\" data-e-type=\"container\">\n\t\t\t\t\t<div class=\"e-con-inner\">\n\t\t<div class=\"elementor-element elementor-element-1f4841c e-con-full e-flex e-con e-child\" data-id=\"1f4841c\" data-element_type=\"container\" data-e-type=\"container\">\n\t\t\t\t<div class=\"elementor-element elementor-element-4eacdbe5 elementor-widget elementor-widget-image\" data-id=\"4eacdbe5\" data-element_type=\"widget\" data-e-type=\"widget\" data-widget_type=\"image.default\">\n\t\t\t\t<div class=\"elementor-widget-container\">\n\t\t\t\t\t\t\t\t\t\t\t\t\t\t\t<img decoding=\"async\" width=\"1072\" height=\"1905\" src=\"https:\/\/laserbiomedic.com\/wp-content\/uploads\/2024\/06\/Co2-chino-1.png\" class=\"elementor-animation-grow attachment-full size-full wp-image-608\" alt=\"\" srcset=\"https:\/\/laserbiomedic.com\/wp-content\/uploads\/2024\/06\/Co2-chino-1.png 1072w, https:\/\/laserbiomedic.com\/wp-content\/uploads\/2024\/06\/Co2-chino-1-169x300.png 169w, https:\/\/laserbiomedic.com\/wp-content\/uploads\/2024\/06\/Co2-chino-1-576x1024.png 576w, https:\/\/laserbiomedic.com\/wp-content\/uploads\/2024\/06\/Co2-chino-1-768x1365.png 768w, https:\/\/laserbiomedic.com\/wp-content\/uploads\/2024\/06\/Co2-chino-1-864x1536.png 864w\" sizes=\"(max-width: 1072px) 100vw, 1072px\" \/>\t\t\t\t\t\t\t\t\t\t\t\t\t\t\t<\/div>\n\t\t\t\t<\/div>\n\t\t\t\t<\/div>\n\t\t<div class=\"elementor-element elementor-element-4c837fe e-con-full e-flex e-con e-child\" data-id=\"4c837fe\" data-element_type=\"container\" data-e-type=\"container\">\n\t\t\t\t<div class=\"elementor-element elementor-element-16730a31 elementor-widget elementor-widget-heading\" data-id=\"16730a31\" data-element_type=\"widget\" data-e-type=\"widget\" data-widget_type=\"heading.default\">\n\t\t\t\t<div class=\"elementor-widget-container\">\n\t\t\t\t\t<h2 class=\"elementor-heading-title elementor-size-default\">Laser Co2\n60W de potencia<\/h2>\t\t\t\t<\/div>\n\t\t\t\t<\/div>\n\t\t\t\t<div class=\"elementor-element elementor-element-295a1fed elementor-widget elementor-widget-text-editor\" data-id=\"295a1fed\" data-element_type=\"widget\" data-e-type=\"widget\" data-widget_type=\"text-editor.default\">\n\t\t\t\t<div class=\"elementor-widget-container\">\n\t\t\t\t\t\t\t\t\t<ul><li>2 operating modes, continuous and multi pulse<\/li><li>Vaporizes and heats the fabric<\/li><li>50.8mm focal length<\/li><li>Various scanning options<\/li><li>Fractional mode<\/li><li>VRL<\/li><li>Co2 Surgery<\/li><li>7 treatment patterns<\/li><\/ul>\t\t\t\t\t\t\t\t<\/div>\n\t\t\t\t<\/div>\n\t\t\t\t<\/div>\n\t\t\t\t\t<\/div>\n\t\t\t\t<\/div>\n\t\t<div class=\"elementor-element elementor-element-a0f0d5d e-flex e-con-boxed e-con e-parent\" data-id=\"a0f0d5d\" data-element_type=\"container\" data-e-type=\"container\">\n\t\t\t\t\t<div class=\"e-con-inner\">\n\t\t\t\t<div class=\"elementor-element elementor-element-a4a6109 elementor-widget elementor-widget-heading\" data-id=\"a4a6109\" data-element_type=\"widget\" data-e-type=\"widget\" data-widget_type=\"heading.default\">\n\t\t\t\t<div class=\"elementor-widget-container\">\n\t\t\t\t\t<h2 class=\"elementor-heading-title elementor-size-default\">informaci\u00f3n t\u00e9cnica\n<\/h2>\t\t\t\t<\/div>\n\t\t\t\t<\/div>\n\t\t\t\t<div class=\"elementor-element elementor-element-7e429cf elementor-widget elementor-widget-image\" data-id=\"7e429cf\" data-element_type=\"widget\" data-e-type=\"widget\" data-widget_type=\"image.default\">\n\t\t\t\t<div class=\"elementor-widget-container\">\n\t\t\t\t\t\t\t\t\t\t\t\t\t\t\t<img decoding=\"async\" width=\"1161\" height=\"1161\" src=\"https:\/\/laserbiomedic.com\/wp-content\/uploads\/2024\/06\/Sin-titulo-2DDD-1-1.png\" class=\"attachment-full size-full wp-image-974\" alt=\"\" srcset=\"https:\/\/laserbiomedic.com\/wp-content\/uploads\/2024\/06\/Sin-titulo-2DDD-1-1.png 1161w, https:\/\/laserbiomedic.com\/wp-content\/uploads\/2024\/06\/Sin-titulo-2DDD-1-1-300x300.png 300w, https:\/\/laserbiomedic.com\/wp-content\/uploads\/2024\/06\/Sin-titulo-2DDD-1-1-1024x1024.png 1024w, https:\/\/laserbiomedic.com\/wp-content\/uploads\/2024\/06\/Sin-titulo-2DDD-1-1-150x150.png 150w, https:\/\/laserbiomedic.com\/wp-content\/uploads\/2024\/06\/Sin-titulo-2DDD-1-1-768x768.png 768w, https:\/\/laserbiomedic.com\/wp-content\/uploads\/2024\/06\/Sin-titulo-2DDD-1-1-12x12.png 12w\" sizes=\"(max-width: 1161px) 100vw, 1161px\" \/>\t\t\t\t\t\t\t\t\t\t\t\t\t\t\t<\/div>\n\t\t\t\t<\/div>\n\t\t\t\t<div class=\"elementor-element elementor-element-5b60260 elementor-widget elementor-widget-heading\" data-id=\"5b60260\" data-element_type=\"widget\" data-e-type=\"widget\" data-widget_type=\"heading.default\">\n\t\t\t\t<div class=\"elementor-widget-container\">\n\t\t\t\t\t<h2 class=\"elementor-heading-title elementor-size-default\">PIEZAS DE MANO<\/h2>\t\t\t\t<\/div>\n\t\t\t\t<\/div>\n\t\t\t\t<div class=\"elementor-element elementor-element-75e2752 elementor-widget elementor-widget-text-editor\" data-id=\"75e2752\" data-element_type=\"widget\" data-e-type=\"widget\" data-widget_type=\"text-editor.default\">\n\t\t\t\t<div class=\"elementor-widget-container\">\n\t\t\t\t\t\t\t\t\t<p>Sistema flexible para ablaci\u00f3n de tejidos blandos, vaporizaci\u00f3n, escisi\u00f3n, incisi\u00f3n y coagulaci\u00f3n.<\/p>\t\t\t\t\t\t\t\t<\/div>\n\t\t\t\t<\/div>\n\t\t\t\t<div class=\"elementor-element elementor-element-2a32c46 elementor-widget elementor-widget-image\" data-id=\"2a32c46\" data-element_type=\"widget\" data-e-type=\"widget\" data-widget_type=\"image.default\">\n\t\t\t\t<div class=\"elementor-widget-container\">\n\t\t\t\t\t\t\t\t\t\t\t\t\t\t\t<img loading=\"lazy\" decoding=\"async\" width=\"800\" height=\"272\" src=\"https:\/\/laserbiomedic.com\/wp-content\/uploads\/2024\/09\/Group-9225-1024x348.png\" class=\"attachment-large size-large wp-image-1620\" alt=\"\" srcset=\"https:\/\/laserbiomedic.com\/wp-content\/uploads\/2024\/09\/Group-9225-1024x348.png 1024w, https:\/\/laserbiomedic.com\/wp-content\/uploads\/2024\/09\/Group-9225-300x102.png 300w, https:\/\/laserbiomedic.com\/wp-content\/uploads\/2024\/09\/Group-9225-768x261.png 768w, https:\/\/laserbiomedic.com\/wp-content\/uploads\/2024\/09\/Group-9225-1536x522.png 1536w, https:\/\/laserbiomedic.com\/wp-content\/uploads\/2024\/09\/Group-9225-18x6.png 18w, https:\/\/laserbiomedic.com\/wp-content\/uploads\/2024\/09\/Group-9225.png 1569w\" sizes=\"(max-width: 800px) 100vw, 800px\" \/>\t\t\t\t\t\t\t\t\t\t\t\t\t\t\t<\/div>\n\t\t\t\t<\/div>\n\t\t\t\t<div class=\"elementor-element elementor-element-fdbceb1 elementor-widget elementor-widget-heading\" data-id=\"fdbceb1\" data-element_type=\"widget\" data-e-type=\"widget\" data-widget_type=\"heading.default\">\n\t\t\t\t<div class=\"elementor-widget-container\">\n\t\t\t\t\t<h2 class=\"elementor-heading-title elementor-size-default\">\u00bfC\u00d3MO FUNCIONA?<\/h2>\t\t\t\t<\/div>\n\t\t\t\t<\/div>\n\t\t\t\t<div class=\"elementor-element elementor-element-9979418 elementor-widget elementor-widget-text-editor\" data-id=\"9979418\" data-element_type=\"widget\" data-e-type=\"widget\" data-widget_type=\"text-editor.default\">\n\t\t\t\t<div class=\"elementor-widget-container\">\n\t\t\t\t\t\t\t\t\t<p>El Laser Co2 GYNFR utiliza una longitud de onda de 10600 nm. Que es ideal para renovar la matriz de col\u00e1geno y es una opci\u00f3n para tratar una amplia gama de problemas dermatol\u00f3gicos. Es un sistema altamente flexible para abulaci\u00f3n, vaporizaci\u00f3n, escisi\u00f3n, incisi\u00f3n, y coagulaci\u00f3n de tejidos blandos sin carbonilla.<\/p>\t\t\t\t\t\t\t\t<\/div>\n\t\t\t\t<\/div>\n\t\t\t\t<div class=\"elementor-element elementor-element-6591c22 elementor-widget elementor-widget-image\" data-id=\"6591c22\" data-element_type=\"widget\" data-e-type=\"widget\" data-widget_type=\"image.default\">\n\t\t\t\t<div class=\"elementor-widget-container\">\n\t\t\t\t\t\t\t\t\t\t\t\t\t\t\t<img loading=\"lazy\" decoding=\"async\" width=\"800\" height=\"534\" src=\"https:\/\/laserbiomedic.com\/wp-content\/uploads\/2024\/09\/Group-1-1024x683.png\" class=\"attachment-large size-large wp-image-1621\" alt=\"\" srcset=\"https:\/\/laserbiomedic.com\/wp-content\/uploads\/2024\/09\/Group-1-1024x683.png 1024w, https:\/\/laserbiomedic.com\/wp-content\/uploads\/2024\/09\/Group-1-300x200.png 300w, https:\/\/laserbiomedic.com\/wp-content\/uploads\/2024\/09\/Group-1-768x512.png 768w, https:\/\/laserbiomedic.com\/wp-content\/uploads\/2024\/09\/Group-1-18x12.png 18w, https:\/\/laserbiomedic.com\/wp-content\/uploads\/2024\/09\/Group-1.png 1353w\" sizes=\"(max-width: 800px) 100vw, 800px\" \/>\t\t\t\t\t\t\t\t\t\t\t\t\t\t\t<\/div>\n\t\t\t\t<\/div>\n\t\t\t\t<div class=\"elementor-element elementor-element-3844b77 elementor-widget elementor-widget-heading\" data-id=\"3844b77\" data-element_type=\"widget\" data-e-type=\"widget\" data-widget_type=\"heading.default\">\n\t\t\t\t<div class=\"elementor-widget-container\">\n\t\t\t\t\t<h2 class=\"elementor-heading-title elementor-size-default\">OPERACI\u00d3N:<\/h2>\t\t\t\t<\/div>\n\t\t\t\t<\/div>\n\t\t\t\t<div class=\"elementor-element elementor-element-00c528b elementor-widget elementor-widget-image\" data-id=\"00c528b\" data-element_type=\"widget\" data-e-type=\"widget\" data-widget_type=\"image.default\">\n\t\t\t\t<div class=\"elementor-widget-container\">\n\t\t\t\t\t\t\t\t\t\t\t\t\t\t\t<img loading=\"lazy\" decoding=\"async\" width=\"800\" height=\"170\" src=\"https:\/\/laserbiomedic.com\/wp-content\/uploads\/2024\/09\/Group-2-1024x217.png\" class=\"attachment-large size-large wp-image-1622\" alt=\"\" srcset=\"https:\/\/laserbiomedic.com\/wp-content\/uploads\/2024\/09\/Group-2-1024x217.png 1024w, https:\/\/laserbiomedic.com\/wp-content\/uploads\/2024\/09\/Group-2-300x63.png 300w, https:\/\/laserbiomedic.com\/wp-content\/uploads\/2024\/09\/Group-2-768x163.png 768w, https:\/\/laserbiomedic.com\/wp-content\/uploads\/2024\/09\/Group-2-18x4.png 18w, https:\/\/laserbiomedic.com\/wp-content\/uploads\/2024\/09\/Group-2.png 1323w\" sizes=\"(max-width: 800px) 100vw, 800px\" \/>\t\t\t\t\t\t\t\t\t\t\t\t\t\t\t<\/div>\n\t\t\t\t<\/div>\n\t\t\t\t<div class=\"elementor-element elementor-element-d7b7709 elementor-widget elementor-widget-image\" data-id=\"d7b7709\" data-element_type=\"widget\" data-e-type=\"widget\" data-widget_type=\"image.default\">\n\t\t\t\t<div class=\"elementor-widget-container\">\n\t\t\t\t\t\t\t\t\t\t\t\t\t\t\t<img loading=\"lazy\" decoding=\"async\" width=\"800\" height=\"371\" src=\"https:\/\/laserbiomedic.com\/wp-content\/uploads\/2024\/09\/Clip-path-group-5.png\" class=\"attachment-large size-large wp-image-1623\" alt=\"\" srcset=\"https:\/\/laserbiomedic.com\/wp-content\/uploads\/2024\/09\/Clip-path-group-5.png 953w, https:\/\/laserbiomedic.com\/wp-content\/uploads\/2024\/09\/Clip-path-group-5-300x139.png 300w, https:\/\/laserbiomedic.com\/wp-content\/uploads\/2024\/09\/Clip-path-group-5-768x356.png 768w, https:\/\/laserbiomedic.com\/wp-content\/uploads\/2024\/09\/Clip-path-group-5-18x8.png 18w\" sizes=\"(max-width: 800px) 100vw, 800px\" \/>\t\t\t\t\t\t\t\t\t\t\t\t\t\t\t<\/div>\n\t\t\t\t<\/div>\n\t\t\t\t<div class=\"elementor-element elementor-element-48bc8cf elementor-widget elementor-widget-heading\" data-id=\"48bc8cf\" data-element_type=\"widget\" data-e-type=\"widget\" data-widget_type=\"heading.default\">\n\t\t\t\t<div class=\"elementor-widget-container\">\n\t\t\t\t\t<h2 class=\"elementor-heading-title elementor-size-default\">INTERFAZ<\/h2>\t\t\t\t<\/div>\n\t\t\t\t<\/div>\n\t\t\t\t<div class=\"elementor-element elementor-element-b318fbd elementor-widget elementor-widget-image\" data-id=\"b318fbd\" data-element_type=\"widget\" data-e-type=\"widget\" data-widget_type=\"image.default\">\n\t\t\t\t<div class=\"elementor-widget-container\">\n\t\t\t\t\t\t\t\t\t\t\t\t\t\t\t<img loading=\"lazy\" decoding=\"async\" width=\"800\" height=\"480\" src=\"https:\/\/laserbiomedic.com\/wp-content\/uploads\/2024\/09\/Group-9226-1024x614.png\" class=\"attachment-large size-large wp-image-1624\" alt=\"\" srcset=\"https:\/\/laserbiomedic.com\/wp-content\/uploads\/2024\/09\/Group-9226-1024x614.png 1024w, https:\/\/laserbiomedic.com\/wp-content\/uploads\/2024\/09\/Group-9226-300x180.png 300w, https:\/\/laserbiomedic.com\/wp-content\/uploads\/2024\/09\/Group-9226-768x460.png 768w, https:\/\/laserbiomedic.com\/wp-content\/uploads\/2024\/09\/Group-9226-18x12.png 18w, https:\/\/laserbiomedic.com\/wp-content\/uploads\/2024\/09\/Group-9226.png 1392w\" sizes=\"(max-width: 800px) 100vw, 800px\" \/>\t\t\t\t\t\t\t\t\t\t\t\t\t\t\t<\/div>\n\t\t\t\t<\/div>\n\t\t\t\t<div class=\"elementor-element elementor-element-6ffd858 elementor-widget elementor-widget-heading\" data-id=\"6ffd858\" data-element_type=\"widget\" data-e-type=\"widget\" data-widget_type=\"heading.default\">\n\t\t\t\t<div class=\"elementor-widget-container\">\n\t\t\t\t\t<h2 class=\"elementor-heading-title elementor-size-default\">BENEFICIOS<\/h2>\t\t\t\t<\/div>\n\t\t\t\t<\/div>\n\t\t\t\t<div class=\"elementor-element elementor-element-789d0f3 elementor-widget elementor-widget-text-editor\" data-id=\"789d0f3\" data-element_type=\"widget\" data-e-type=\"widget\" data-widget_type=\"text-editor.default\">\n\t\t\t\t<div class=\"elementor-widget-container\">\n\t\t\t\t\t\t\t\t\t<p>Plataforma ideal para resolver diferentes problemas de la piel y ayudar al m\u00e9dico a maximizar los resultados. <br \/><br \/>Conveniencia: 24 horas sin downtime, beneficio duradero.<br \/><br \/>Eficacia: Corto periodo de recuperaci\u00f3n, efectos r\u00e1pidos, alta satisfacci\u00f3n de los pacientes.<br \/><br \/>Reduce costos: Sin consumibles, inversi\u00f3n \u00fanicamente del equ\u00edpo.<\/p>\t\t\t\t\t\t\t\t<\/div>\n\t\t\t\t<\/div>\n\t\t\t\t<div class=\"elementor-element elementor-element-6b91f16 elementor-widget elementor-widget-heading\" data-id=\"6b91f16\" data-element_type=\"widget\" data-e-type=\"widget\" data-widget_type=\"heading.default\">\n\t\t\t\t<div class=\"elementor-widget-container\">\n\t\t\t\t\t<h2 class=\"elementor-heading-title elementor-size-default\">RESULTADOS<\/h2>\t\t\t\t<\/div>\n\t\t\t\t<\/div>\n\t\t\t\t<div class=\"elementor-element elementor-element-ec2a4bf elementor-widget elementor-widget-image\" data-id=\"ec2a4bf\" data-element_type=\"widget\" data-e-type=\"widget\" data-widget_type=\"image.default\">\n\t\t\t\t<div class=\"elementor-widget-container\">\n\t\t\t\t\t\t\t\t\t\t\t\t\t\t\t<img loading=\"lazy\" decoding=\"async\" width=\"1170\" height=\"1251\" src=\"https:\/\/laserbiomedic.com\/wp-content\/uploads\/2024\/06\/Sin-titulo-2zzxxx-1.png\" class=\"attachment-full size-full wp-image-971\" alt=\"\" srcset=\"https:\/\/laserbiomedic.com\/wp-content\/uploads\/2024\/06\/Sin-titulo-2zzxxx-1.png 1170w, https:\/\/laserbiomedic.com\/wp-content\/uploads\/2024\/06\/Sin-titulo-2zzxxx-1-281x300.png 281w, https:\/\/laserbiomedic.com\/wp-content\/uploads\/2024\/06\/Sin-titulo-2zzxxx-1-958x1024.png 958w, https:\/\/laserbiomedic.com\/wp-content\/uploads\/2024\/06\/Sin-titulo-2zzxxx-1-768x821.png 768w, https:\/\/laserbiomedic.com\/wp-content\/uploads\/2024\/06\/Sin-titulo-2zzxxx-1-11x12.png 11w\" sizes=\"(max-width: 1170px) 100vw, 1170px\" \/>\t\t\t\t\t\t\t\t\t\t\t\t\t\t\t<\/div>\n\t\t\t\t<\/div>\n\t\t\t\t<div class=\"elementor-element elementor-element-02da110 elementor-align-center elementor-widget elementor-widget-button\" data-id=\"02da110\" data-element_type=\"widget\" data-e-type=\"widget\" data-widget_type=\"button.default\">\n\t\t\t\t<div class=\"elementor-widget-container\">\n\t\t\t\t\t\t\t\t\t<div class=\"elementor-button-wrapper\">\n\t\t\t\t\t<a class=\"elementor-button elementor-button-link elementor-size-sm elementor-animation-grow\" href=\"http:\/\/wa.link\/enzn9z\">\n\t\t\t\t\t\t<span class=\"elementor-button-content-wrapper\">\n\t\t\t\t\t\t\t\t\t<span class=\"elementor-button-text\">ASK FOR INFORMATION<\/span>\n\t\t\t\t\t<\/span>\n\t\t\t\t\t<\/a>\n\t\t\t\t<\/div>\n\t\t\t\t\t\t\t\t<\/div>\n\t\t\t\t<\/div>\n\t\t\t\t\t<\/div>\n\t\t\t\t<\/div>\n\t\t\t\t<\/div>","protected":false},"excerpt":{"rendered":"<p>GYNFR 2.0 LASER CO2 Laser Co2 60W de potencia 2 modos de operar, continuo y multi pulso Vaporiza y calienta el tejido Distancia focal de 50,8mm Diversas opciones de escaneo Modo fraccional VRL Cirug\u00eda Co2 7 patrones de tratamiento informaci\u00f3n t\u00e9cnica PIEZAS DE MANO Sistema flexible para ablaci\u00f3n de tejidos blandos, vaporizaci\u00f3n, escisi\u00f3n, incisi\u00f3n y [&hellip;]<\/p>\n","protected":false},"author":1,"featured_media":0,"parent":0,"menu_order":0,"comment_status":"closed","ping_status":"closed","template":"","meta":{"footnotes":""},"class_list":["post-602","page","type-page","status-publish","hentry"],"_links":{"self":[{"href":"https:\/\/laserbiomedic.com\/en\/wp-json\/wp\/v2\/pages\/602","targetHints":{"allow":["GET"]}}],"collection":[{"href":"https:\/\/laserbiomedic.com\/en\/wp-json\/wp\/v2\/pages"}],"about":[{"href":"https:\/\/laserbiomedic.com\/en\/wp-json\/wp\/v2\/types\/page"}],"author":[{"embeddable":true,"href":"https:\/\/laserbiomedic.com\/en\/wp-json\/wp\/v2\/users\/1"}],"replies":[{"embeddable":true,"href":"https:\/\/laserbiomedic.com\/en\/wp-json\/wp\/v2\/comments?post=602"}],"version-history":[{"count":16,"href":"https:\/\/laserbiomedic.com\/en\/wp-json\/wp\/v2\/pages\/602\/revisions"}],"predecessor-version":[{"id":1627,"href":"https:\/\/laserbiomedic.com\/en\/wp-json\/wp\/v2\/pages\/602\/revisions\/1627"}],"wp:attachment":[{"href":"https:\/\/laserbiomedic.com\/en\/wp-json\/wp\/v2\/media?parent=602"}],"curies":[{"name":"wp","href":"https:\/\/api.w.org\/{rel}","templated":true}]}}