{"id":587,"date":"2024-06-07T15:09:42","date_gmt":"2024-06-07T15:09:42","guid":{"rendered":"https:\/\/laserbiomedic.com\/?page_id=587"},"modified":"2024-09-12T03:01:18","modified_gmt":"2024-09-12T03:01:18","slug":"gynfr-laser-co2","status":"publish","type":"page","link":"https:\/\/laserbiomedic.com\/en\/gynfr-laser-co2\/","title":{"rendered":"Gynfr Laser Co2"},"content":{"rendered":"<div data-elementor-type=\"wp-page\" data-elementor-id=\"587\" class=\"elementor elementor-587\" data-elementor-post-type=\"page\">\n\t\t\t\t<div class=\"elementor-element elementor-element-5b40bb43 e-con-full e-flex e-con e-parent\" data-id=\"5b40bb43\" data-element_type=\"container\" data-e-type=\"container\">\n\t\t\t\t<div class=\"elementor-element elementor-element-2e528c56 elementor-widget elementor-widget-image\" data-id=\"2e528c56\" data-element_type=\"widget\" data-e-type=\"widget\" data-widget_type=\"image.default\">\n\t\t\t\t<div class=\"elementor-widget-container\">\n\t\t\t\t\t\t\t\t\t\t\t\t\t\t\t<img fetchpriority=\"high\" decoding=\"async\" width=\"1993\" height=\"811\" src=\"https:\/\/laserbiomedic.com\/wp-content\/uploads\/2024\/06\/BIOMEDIC-MANUAL-DXXE-IDENTIDAD-1.png\" class=\"attachment-full size-full wp-image-1165\" alt=\"\" srcset=\"https:\/\/laserbiomedic.com\/wp-content\/uploads\/2024\/06\/BIOMEDIC-MANUAL-DXXE-IDENTIDAD-1.png 1993w, https:\/\/laserbiomedic.com\/wp-content\/uploads\/2024\/06\/BIOMEDIC-MANUAL-DXXE-IDENTIDAD-1-300x122.png 300w, https:\/\/laserbiomedic.com\/wp-content\/uploads\/2024\/06\/BIOMEDIC-MANUAL-DXXE-IDENTIDAD-1-1024x417.png 1024w, https:\/\/laserbiomedic.com\/wp-content\/uploads\/2024\/06\/BIOMEDIC-MANUAL-DXXE-IDENTIDAD-1-768x313.png 768w, https:\/\/laserbiomedic.com\/wp-content\/uploads\/2024\/06\/BIOMEDIC-MANUAL-DXXE-IDENTIDAD-1-1536x625.png 1536w, https:\/\/laserbiomedic.com\/wp-content\/uploads\/2024\/06\/BIOMEDIC-MANUAL-DXXE-IDENTIDAD-1-18x7.png 18w\" sizes=\"(max-width: 1993px) 100vw, 1993px\" \/>\t\t\t\t\t\t\t\t\t\t\t\t\t\t\t<\/div>\n\t\t\t\t<\/div>\n\t\t\t\t<\/div>\n\t\t<div class=\"elementor-element elementor-element-13e2bc2c e-flex e-con-boxed e-con e-parent\" data-id=\"13e2bc2c\" data-element_type=\"container\" data-e-type=\"container\">\n\t\t\t\t\t<div class=\"e-con-inner\">\n\t\t\t\t<div class=\"elementor-element elementor-element-525c1278 elementor-widget elementor-widget-heading\" data-id=\"525c1278\" data-element_type=\"widget\" data-e-type=\"widget\" data-widget_type=\"heading.default\">\n\t\t\t\t<div class=\"elementor-widget-container\">\n\t\t\t\t\t<h2 class=\"elementor-heading-title elementor-size-default\">GYNFR LASER CO2<\/h2>\t\t\t\t<\/div>\n\t\t\t\t<\/div>\n\t\t\t\t\t<\/div>\n\t\t\t\t<\/div>\n\t\t<div class=\"elementor-element elementor-element-3e16c2c0 e-flex e-con-boxed e-con e-parent\" data-id=\"3e16c2c0\" data-element_type=\"container\" data-e-type=\"container\">\n\t\t\t\t\t<div class=\"e-con-inner\">\n\t\t<div class=\"elementor-element elementor-element-540056fe e-con-full e-flex e-con e-child\" data-id=\"540056fe\" data-element_type=\"container\" data-e-type=\"container\">\n\t\t\t\t<div class=\"elementor-element elementor-element-4f1923b9 elementor-widget elementor-widget-image\" data-id=\"4f1923b9\" data-element_type=\"widget\" data-e-type=\"widget\" data-widget_type=\"image.default\">\n\t\t\t\t<div class=\"elementor-widget-container\">\n\t\t\t\t\t\t\t\t\t\t\t\t\t\t\t<img decoding=\"async\" width=\"976\" height=\"2173\" src=\"https:\/\/laserbiomedic.com\/wp-content\/uploads\/2024\/06\/GYNFR-Co2-1.png\" class=\"elementor-animation-grow attachment-full size-full wp-image-598\" alt=\"\" srcset=\"https:\/\/laserbiomedic.com\/wp-content\/uploads\/2024\/06\/GYNFR-Co2-1.png 976w, https:\/\/laserbiomedic.com\/wp-content\/uploads\/2024\/06\/GYNFR-Co2-1-135x300.png 135w, https:\/\/laserbiomedic.com\/wp-content\/uploads\/2024\/06\/GYNFR-Co2-1-460x1024.png 460w, https:\/\/laserbiomedic.com\/wp-content\/uploads\/2024\/06\/GYNFR-Co2-1-768x1710.png 768w, https:\/\/laserbiomedic.com\/wp-content\/uploads\/2024\/06\/GYNFR-Co2-1-690x1536.png 690w, https:\/\/laserbiomedic.com\/wp-content\/uploads\/2024\/06\/GYNFR-Co2-1-920x2048.png 920w\" sizes=\"(max-width: 976px) 100vw, 976px\" \/>\t\t\t\t\t\t\t\t\t\t\t\t\t\t\t<\/div>\n\t\t\t\t<\/div>\n\t\t\t\t<\/div>\n\t\t<div class=\"elementor-element elementor-element-77fa53d8 e-con-full e-flex e-con e-child\" data-id=\"77fa53d8\" data-element_type=\"container\" data-e-type=\"container\">\n\t\t\t\t<div class=\"elementor-element elementor-element-7e9cab7c elementor-widget elementor-widget-heading\" data-id=\"7e9cab7c\" data-element_type=\"widget\" data-e-type=\"widget\" data-widget_type=\"heading.default\">\n\t\t\t\t<div class=\"elementor-widget-container\">\n\t\t\t\t\t<h2 class=\"elementor-heading-title elementor-size-default\">Fraccional con longitud de onda 10600nm<\/h2>\t\t\t\t<\/div>\n\t\t\t\t<\/div>\n\t\t\t\t<div class=\"elementor-element elementor-element-2766da38 elementor-widget elementor-widget-text-editor\" data-id=\"2766da38\" data-element_type=\"widget\" data-e-type=\"widget\" data-widget_type=\"text-editor.default\">\n\t\t\t\t<div class=\"elementor-widget-container\">\n\t\t\t\t\t\t\t\t\t<ul><li>Collagen matrix renewal<\/li><li>Soft tissue ablation, vaporization, excision, incision and coagulation<\/li><li>Various scanning options<\/li><li>Fractional mode<\/li><li>VRL<\/li><li>Co2 Surgery<\/li><li>7 treatment patterns<\/li><li>4 treatment modes<\/li><\/ul>\t\t\t\t\t\t\t\t<\/div>\n\t\t\t\t<\/div>\n\t\t\t\t<\/div>\n\t\t\t\t\t<\/div>\n\t\t\t\t<\/div>\n\t\t<div class=\"elementor-element elementor-element-dfc9e6c e-flex e-con-boxed e-con e-parent\" data-id=\"dfc9e6c\" data-element_type=\"container\" data-e-type=\"container\">\n\t\t\t\t\t<div class=\"e-con-inner\">\n\t\t\t\t<div class=\"elementor-element elementor-element-e7db9f1 elementor-widget elementor-widget-heading\" data-id=\"e7db9f1\" data-element_type=\"widget\" data-e-type=\"widget\" data-widget_type=\"heading.default\">\n\t\t\t\t<div class=\"elementor-widget-container\">\n\t\t\t\t\t<h2 class=\"elementor-heading-title elementor-size-default\">informaci\u00f3n t\u00e9cnica\n<\/h2>\t\t\t\t<\/div>\n\t\t\t\t<\/div>\n\t\t\t\t<div class=\"elementor-element elementor-element-f1461d9 elementor-widget elementor-widget-image\" data-id=\"f1461d9\" data-element_type=\"widget\" data-e-type=\"widget\" data-widget_type=\"image.default\">\n\t\t\t\t<div class=\"elementor-widget-container\">\n\t\t\t\t\t\t\t\t\t\t\t\t\t\t\t<img decoding=\"async\" width=\"1585\" height=\"678\" src=\"https:\/\/laserbiomedic.com\/wp-content\/uploads\/2024\/06\/Captura-de-pantalla-2024-06-07-a-las-8.37-1-1.png\" class=\"attachment-full size-full wp-image-961\" alt=\"\" srcset=\"https:\/\/laserbiomedic.com\/wp-content\/uploads\/2024\/06\/Captura-de-pantalla-2024-06-07-a-las-8.37-1-1.png 1585w, https:\/\/laserbiomedic.com\/wp-content\/uploads\/2024\/06\/Captura-de-pantalla-2024-06-07-a-las-8.37-1-1-300x128.png 300w, https:\/\/laserbiomedic.com\/wp-content\/uploads\/2024\/06\/Captura-de-pantalla-2024-06-07-a-las-8.37-1-1-1024x438.png 1024w, https:\/\/laserbiomedic.com\/wp-content\/uploads\/2024\/06\/Captura-de-pantalla-2024-06-07-a-las-8.37-1-1-768x329.png 768w, https:\/\/laserbiomedic.com\/wp-content\/uploads\/2024\/06\/Captura-de-pantalla-2024-06-07-a-las-8.37-1-1-1536x657.png 1536w, https:\/\/laserbiomedic.com\/wp-content\/uploads\/2024\/06\/Captura-de-pantalla-2024-06-07-a-las-8.37-1-1-18x8.png 18w\" sizes=\"(max-width: 1585px) 100vw, 1585px\" \/>\t\t\t\t\t\t\t\t\t\t\t\t\t\t\t<\/div>\n\t\t\t\t<\/div>\n\t\t\t\t<div class=\"elementor-element elementor-element-f671040 elementor-widget elementor-widget-heading\" data-id=\"f671040\" data-element_type=\"widget\" data-e-type=\"widget\" data-widget_type=\"heading.default\">\n\t\t\t\t<div class=\"elementor-widget-container\">\n\t\t\t\t\t<h2 class=\"elementor-heading-title elementor-size-default\">PIEZAS DE MANO<\/h2>\t\t\t\t<\/div>\n\t\t\t\t<\/div>\n\t\t\t\t<div class=\"elementor-element elementor-element-f6549b9 elementor-widget elementor-widget-text-editor\" data-id=\"f6549b9\" data-element_type=\"widget\" data-e-type=\"widget\" data-widget_type=\"text-editor.default\">\n\t\t\t\t<div class=\"elementor-widget-container\">\n\t\t\t\t\t\t\t\t\t<p>Sistema flexible para ablaci\u00f3n de tejidos blandos, vaporizaci\u00f3n, escisi\u00f3n, incisi\u00f3n y coagulaci\u00f3n.<\/p>\t\t\t\t\t\t\t\t<\/div>\n\t\t\t\t<\/div>\n\t\t\t\t<div class=\"elementor-element elementor-element-0e8fed1 elementor-widget elementor-widget-image\" data-id=\"0e8fed1\" data-element_type=\"widget\" data-e-type=\"widget\" data-widget_type=\"image.default\">\n\t\t\t\t<div class=\"elementor-widget-container\">\n\t\t\t\t\t\t\t\t\t\t\t\t\t\t\t<img loading=\"lazy\" decoding=\"async\" width=\"800\" height=\"272\" src=\"https:\/\/laserbiomedic.com\/wp-content\/uploads\/2024\/09\/Group-9225-1024x348.png\" class=\"attachment-large size-large wp-image-1620\" alt=\"\" srcset=\"https:\/\/laserbiomedic.com\/wp-content\/uploads\/2024\/09\/Group-9225-1024x348.png 1024w, https:\/\/laserbiomedic.com\/wp-content\/uploads\/2024\/09\/Group-9225-300x102.png 300w, https:\/\/laserbiomedic.com\/wp-content\/uploads\/2024\/09\/Group-9225-768x261.png 768w, https:\/\/laserbiomedic.com\/wp-content\/uploads\/2024\/09\/Group-9225-1536x522.png 1536w, https:\/\/laserbiomedic.com\/wp-content\/uploads\/2024\/09\/Group-9225-18x6.png 18w, https:\/\/laserbiomedic.com\/wp-content\/uploads\/2024\/09\/Group-9225.png 1569w\" sizes=\"(max-width: 800px) 100vw, 800px\" \/>\t\t\t\t\t\t\t\t\t\t\t\t\t\t\t<\/div>\n\t\t\t\t<\/div>\n\t\t\t\t<div class=\"elementor-element elementor-element-c1db2b5 elementor-widget elementor-widget-heading\" data-id=\"c1db2b5\" data-element_type=\"widget\" data-e-type=\"widget\" data-widget_type=\"heading.default\">\n\t\t\t\t<div class=\"elementor-widget-container\">\n\t\t\t\t\t<h2 class=\"elementor-heading-title elementor-size-default\">\u00bfC\u00d3MO FUNCIONA?<\/h2>\t\t\t\t<\/div>\n\t\t\t\t<\/div>\n\t\t\t\t<div class=\"elementor-element elementor-element-1cdd1be elementor-widget elementor-widget-text-editor\" data-id=\"1cdd1be\" data-element_type=\"widget\" data-e-type=\"widget\" data-widget_type=\"text-editor.default\">\n\t\t\t\t<div class=\"elementor-widget-container\">\n\t\t\t\t\t\t\t\t\t<p>El Laser Co2 GYNFR utiliza una longitud de onda de 10600 nm. Que es ideal para renovar la matriz de col\u00e1geno y es una opci\u00f3n para tratar una amplia gama de problemas dermatol\u00f3gicos. Es un sistema altamente flexible para abulaci\u00f3n, vaporizaci\u00f3n, escisi\u00f3n, incisi\u00f3n, y coagulaci\u00f3n de tejidos blandos sin carbonilla.<\/p>\t\t\t\t\t\t\t\t<\/div>\n\t\t\t\t<\/div>\n\t\t\t\t<div class=\"elementor-element elementor-element-3e2d2ac elementor-widget elementor-widget-image\" data-id=\"3e2d2ac\" data-element_type=\"widget\" data-e-type=\"widget\" data-widget_type=\"image.default\">\n\t\t\t\t<div class=\"elementor-widget-container\">\n\t\t\t\t\t\t\t\t\t\t\t\t\t\t\t<img loading=\"lazy\" decoding=\"async\" width=\"800\" height=\"700\" src=\"https:\/\/laserbiomedic.com\/wp-content\/uploads\/2024\/09\/Clip-path-group-6.png\" class=\"attachment-large size-large wp-image-1630\" alt=\"\" srcset=\"https:\/\/laserbiomedic.com\/wp-content\/uploads\/2024\/09\/Clip-path-group-6.png 858w, https:\/\/laserbiomedic.com\/wp-content\/uploads\/2024\/09\/Clip-path-group-6-300x263.png 300w, https:\/\/laserbiomedic.com\/wp-content\/uploads\/2024\/09\/Clip-path-group-6-768x672.png 768w, https:\/\/laserbiomedic.com\/wp-content\/uploads\/2024\/09\/Clip-path-group-6-14x12.png 14w\" sizes=\"(max-width: 800px) 100vw, 800px\" \/>\t\t\t\t\t\t\t\t\t\t\t\t\t\t\t<\/div>\n\t\t\t\t<\/div>\n\t\t\t\t<div class=\"elementor-element elementor-element-23b2b15 elementor-widget elementor-widget-heading\" data-id=\"23b2b15\" data-element_type=\"widget\" data-e-type=\"widget\" data-widget_type=\"heading.default\">\n\t\t\t\t<div class=\"elementor-widget-container\">\n\t\t\t\t\t<h2 class=\"elementor-heading-title elementor-size-default\">APLICACIONES<\/h2>\t\t\t\t<\/div>\n\t\t\t\t<\/div>\n\t\t\t\t<div class=\"elementor-element elementor-element-1a5cf9c elementor-widget elementor-widget-image\" data-id=\"1a5cf9c\" data-element_type=\"widget\" data-e-type=\"widget\" data-widget_type=\"image.default\">\n\t\t\t\t<div class=\"elementor-widget-container\">\n\t\t\t\t\t\t\t\t\t\t\t\t\t\t\t<img loading=\"lazy\" decoding=\"async\" width=\"800\" height=\"298\" src=\"https:\/\/laserbiomedic.com\/wp-content\/uploads\/2024\/09\/Group-9228-1024x382.png\" class=\"attachment-large size-large wp-image-1631\" alt=\"\" srcset=\"https:\/\/laserbiomedic.com\/wp-content\/uploads\/2024\/09\/Group-9228-1024x382.png 1024w, https:\/\/laserbiomedic.com\/wp-content\/uploads\/2024\/09\/Group-9228-300x112.png 300w, https:\/\/laserbiomedic.com\/wp-content\/uploads\/2024\/09\/Group-9228-768x287.png 768w, https:\/\/laserbiomedic.com\/wp-content\/uploads\/2024\/09\/Group-9228-18x7.png 18w, https:\/\/laserbiomedic.com\/wp-content\/uploads\/2024\/09\/Group-9228.png 1447w\" sizes=\"(max-width: 800px) 100vw, 800px\" \/>\t\t\t\t\t\t\t\t\t\t\t\t\t\t\t<\/div>\n\t\t\t\t<\/div>\n\t\t\t\t<div class=\"elementor-element elementor-element-a48cef8 elementor-widget elementor-widget-heading\" data-id=\"a48cef8\" data-element_type=\"widget\" data-e-type=\"widget\" data-widget_type=\"heading.default\">\n\t\t\t\t<div class=\"elementor-widget-container\">\n\t\t\t\t\t<h2 class=\"elementor-heading-title elementor-size-default\">OPERACI\u00d3N:<\/h2>\t\t\t\t<\/div>\n\t\t\t\t<\/div>\n\t\t\t\t<div class=\"elementor-element elementor-element-8d25d98 elementor-widget elementor-widget-image\" data-id=\"8d25d98\" data-element_type=\"widget\" data-e-type=\"widget\" data-widget_type=\"image.default\">\n\t\t\t\t<div class=\"elementor-widget-container\">\n\t\t\t\t\t\t\t\t\t\t\t\t\t\t\t<img loading=\"lazy\" decoding=\"async\" width=\"800\" height=\"470\" src=\"https:\/\/laserbiomedic.com\/wp-content\/uploads\/2024\/09\/Group-9227-1024x601.png\" class=\"attachment-large size-large wp-image-1629\" alt=\"\" srcset=\"https:\/\/laserbiomedic.com\/wp-content\/uploads\/2024\/09\/Group-9227-1024x601.png 1024w, https:\/\/laserbiomedic.com\/wp-content\/uploads\/2024\/09\/Group-9227-300x176.png 300w, https:\/\/laserbiomedic.com\/wp-content\/uploads\/2024\/09\/Group-9227-768x451.png 768w, https:\/\/laserbiomedic.com\/wp-content\/uploads\/2024\/09\/Group-9227-18x12.png 18w, https:\/\/laserbiomedic.com\/wp-content\/uploads\/2024\/09\/Group-9227.png 1311w\" sizes=\"(max-width: 800px) 100vw, 800px\" \/>\t\t\t\t\t\t\t\t\t\t\t\t\t\t\t<\/div>\n\t\t\t\t<\/div>\n\t\t\t\t<div class=\"elementor-element elementor-element-fee3638 elementor-widget elementor-widget-image\" data-id=\"fee3638\" data-element_type=\"widget\" data-e-type=\"widget\" data-widget_type=\"image.default\">\n\t\t\t\t<div class=\"elementor-widget-container\">\n\t\t\t\t\t\t\t\t\t\t\t\t\t\t\t<img loading=\"lazy\" decoding=\"async\" width=\"800\" height=\"170\" src=\"https:\/\/laserbiomedic.com\/wp-content\/uploads\/2024\/09\/Group-2-1024x217.png\" class=\"attachment-large size-large wp-image-1622\" alt=\"\" srcset=\"https:\/\/laserbiomedic.com\/wp-content\/uploads\/2024\/09\/Group-2-1024x217.png 1024w, https:\/\/laserbiomedic.com\/wp-content\/uploads\/2024\/09\/Group-2-300x63.png 300w, https:\/\/laserbiomedic.com\/wp-content\/uploads\/2024\/09\/Group-2-768x163.png 768w, https:\/\/laserbiomedic.com\/wp-content\/uploads\/2024\/09\/Group-2-18x4.png 18w, https:\/\/laserbiomedic.com\/wp-content\/uploads\/2024\/09\/Group-2.png 1323w\" sizes=\"(max-width: 800px) 100vw, 800px\" \/>\t\t\t\t\t\t\t\t\t\t\t\t\t\t\t<\/div>\n\t\t\t\t<\/div>\n\t\t\t\t<div class=\"elementor-element elementor-element-74ff0f4 elementor-widget elementor-widget-image\" data-id=\"74ff0f4\" data-element_type=\"widget\" data-e-type=\"widget\" data-widget_type=\"image.default\">\n\t\t\t\t<div class=\"elementor-widget-container\">\n\t\t\t\t\t\t\t\t\t\t\t\t\t\t\t<img loading=\"lazy\" decoding=\"async\" width=\"800\" height=\"371\" src=\"https:\/\/laserbiomedic.com\/wp-content\/uploads\/2024\/09\/Clip-path-group-5.png\" class=\"attachment-large size-large wp-image-1623\" alt=\"\" srcset=\"https:\/\/laserbiomedic.com\/wp-content\/uploads\/2024\/09\/Clip-path-group-5.png 953w, https:\/\/laserbiomedic.com\/wp-content\/uploads\/2024\/09\/Clip-path-group-5-300x139.png 300w, https:\/\/laserbiomedic.com\/wp-content\/uploads\/2024\/09\/Clip-path-group-5-768x356.png 768w, https:\/\/laserbiomedic.com\/wp-content\/uploads\/2024\/09\/Clip-path-group-5-18x8.png 18w\" sizes=\"(max-width: 800px) 100vw, 800px\" \/>\t\t\t\t\t\t\t\t\t\t\t\t\t\t\t<\/div>\n\t\t\t\t<\/div>\n\t\t\t\t<div class=\"elementor-element elementor-element-bc29802 elementor-widget elementor-widget-heading\" data-id=\"bc29802\" data-element_type=\"widget\" data-e-type=\"widget\" data-widget_type=\"heading.default\">\n\t\t\t\t<div class=\"elementor-widget-container\">\n\t\t\t\t\t<h2 class=\"elementor-heading-title elementor-size-default\">BENEFICIOS<\/h2>\t\t\t\t<\/div>\n\t\t\t\t<\/div>\n\t\t\t\t<div class=\"elementor-element elementor-element-edb2e02 elementor-widget elementor-widget-text-editor\" data-id=\"edb2e02\" data-element_type=\"widget\" data-e-type=\"widget\" data-widget_type=\"text-editor.default\">\n\t\t\t\t<div class=\"elementor-widget-container\">\n\t\t\t\t\t\t\t\t\t<p>Plataforma ideal para resolver diferentes problemas de la piel y ayudar al m\u00e9dico a maximizar los resultados. <br \/><br \/>Conveniencia: 24 horas sin downtime, beneficio duradero.<br \/><br \/>Eficacia: Corto periodo de recuperaci\u00f3n, efectos r\u00e1pidos, alta satisfacci\u00f3n de los pacientes.<br \/><br \/>Reduce costos: Sin consumibles, inversi\u00f3n \u00fanicamente del equ\u00edpo.<\/p>\t\t\t\t\t\t\t\t<\/div>\n\t\t\t\t<\/div>\n\t\t\t\t<div class=\"elementor-element elementor-element-3e25cc5 elementor-widget elementor-widget-heading\" data-id=\"3e25cc5\" data-element_type=\"widget\" data-e-type=\"widget\" data-widget_type=\"heading.default\">\n\t\t\t\t<div class=\"elementor-widget-container\">\n\t\t\t\t\t<h2 class=\"elementor-heading-title elementor-size-default\">RESULTADOS<\/h2>\t\t\t\t<\/div>\n\t\t\t\t<\/div>\n\t\t\t\t<div class=\"elementor-element elementor-element-6daeed4 elementor-widget elementor-widget-image\" data-id=\"6daeed4\" data-element_type=\"widget\" data-e-type=\"widget\" data-widget_type=\"image.default\">\n\t\t\t\t<div class=\"elementor-widget-container\">\n\t\t\t\t\t\t\t\t\t\t\t\t\t\t\t<img loading=\"lazy\" decoding=\"async\" width=\"1537\" height=\"934\" src=\"https:\/\/laserbiomedic.com\/wp-content\/uploads\/2024\/06\/Sin-titulo-2zz-1.png\" class=\"attachment-full size-full wp-image-960\" alt=\"\" srcset=\"https:\/\/laserbiomedic.com\/wp-content\/uploads\/2024\/06\/Sin-titulo-2zz-1.png 1537w, https:\/\/laserbiomedic.com\/wp-content\/uploads\/2024\/06\/Sin-titulo-2zz-1-300x182.png 300w, https:\/\/laserbiomedic.com\/wp-content\/uploads\/2024\/06\/Sin-titulo-2zz-1-1024x622.png 1024w, https:\/\/laserbiomedic.com\/wp-content\/uploads\/2024\/06\/Sin-titulo-2zz-1-768x467.png 768w, https:\/\/laserbiomedic.com\/wp-content\/uploads\/2024\/06\/Sin-titulo-2zz-1-18x12.png 18w\" sizes=\"(max-width: 1537px) 100vw, 1537px\" \/>\t\t\t\t\t\t\t\t\t\t\t\t\t\t\t<\/div>\n\t\t\t\t<\/div>\n\t\t\t\t<div class=\"elementor-element elementor-element-ec15f97 elementor-align-center elementor-widget elementor-widget-button\" data-id=\"ec15f97\" data-element_type=\"widget\" data-e-type=\"widget\" data-widget_type=\"button.default\">\n\t\t\t\t<div class=\"elementor-widget-container\">\n\t\t\t\t\t\t\t\t\t<div class=\"elementor-button-wrapper\">\n\t\t\t\t\t<a class=\"elementor-button elementor-button-link elementor-size-sm elementor-animation-grow\" href=\"http:\/\/wa.link\/enzn9z\">\n\t\t\t\t\t\t<span class=\"elementor-button-content-wrapper\">\n\t\t\t\t\t\t\t\t\t<span class=\"elementor-button-text\">ASK FOR INFORMATION<\/span>\n\t\t\t\t\t<\/span>\n\t\t\t\t\t<\/a>\n\t\t\t\t<\/div>\n\t\t\t\t\t\t\t\t<\/div>\n\t\t\t\t<\/div>\n\t\t\t\t\t<\/div>\n\t\t\t\t<\/div>\n\t\t\t\t<\/div>","protected":false},"excerpt":{"rendered":"<p>GYNFR LASER CO2 Fraccional con longitud de onda 10600nm Renovaci\u00f3n de matriz de col\u00e1geno Ablaci\u00f3n, vaporizaci\u00f3n, escisi\u00f3n, incisi\u00f3n y coagulaci\u00f3n de tejidos blandos Diversas opciones de escaneo Modo fraccional VRL Cirug\u00eda Co2 7 patrones de tratamiento 4 modos de tratamiento informaci\u00f3n t\u00e9cnica PIEZAS DE MANO Sistema flexible para ablaci\u00f3n de tejidos blandos, vaporizaci\u00f3n, escisi\u00f3n, incisi\u00f3n [&hellip;]<\/p>\n","protected":false},"author":1,"featured_media":0,"parent":0,"menu_order":0,"comment_status":"closed","ping_status":"closed","template":"","meta":{"footnotes":""},"class_list":["post-587","page","type-page","status-publish","hentry"],"_links":{"self":[{"href":"https:\/\/laserbiomedic.com\/en\/wp-json\/wp\/v2\/pages\/587","targetHints":{"allow":["GET"]}}],"collection":[{"href":"https:\/\/laserbiomedic.com\/en\/wp-json\/wp\/v2\/pages"}],"about":[{"href":"https:\/\/laserbiomedic.com\/en\/wp-json\/wp\/v2\/types\/page"}],"author":[{"embeddable":true,"href":"https:\/\/laserbiomedic.com\/en\/wp-json\/wp\/v2\/users\/1"}],"replies":[{"embeddable":true,"href":"https:\/\/laserbiomedic.com\/en\/wp-json\/wp\/v2\/comments?post=587"}],"version-history":[{"count":22,"href":"https:\/\/laserbiomedic.com\/en\/wp-json\/wp\/v2\/pages\/587\/revisions"}],"predecessor-version":[{"id":1634,"href":"https:\/\/laserbiomedic.com\/en\/wp-json\/wp\/v2\/pages\/587\/revisions\/1634"}],"wp:attachment":[{"href":"https:\/\/laserbiomedic.com\/en\/wp-json\/wp\/v2\/media?parent=587"}],"curies":[{"name":"wp","href":"https:\/\/api.w.org\/{rel}","templated":true}]}}