{"id":572,"date":"2024-06-07T15:04:06","date_gmt":"2024-06-07T15:04:06","guid":{"rendered":"https:\/\/laserbiomedic.com\/?page_id=572"},"modified":"2024-09-12T02:41:06","modified_gmt":"2024-09-12T02:41:06","slug":"cool-360-cryolipolysis","status":"publish","type":"page","link":"https:\/\/laserbiomedic.com\/en\/cool-360-cryolipolysis\/","title":{"rendered":"Cool 360 Cryolipolysis"},"content":{"rendered":"<div data-elementor-type=\"wp-page\" data-elementor-id=\"572\" class=\"elementor elementor-572\" data-elementor-post-type=\"page\">\n\t\t\t\t<div class=\"elementor-element elementor-element-29ee3984 e-con-full e-flex e-con e-parent\" data-id=\"29ee3984\" data-element_type=\"container\" data-e-type=\"container\">\n\t\t\t\t<div class=\"elementor-element elementor-element-207f4ccd elementor-widget elementor-widget-image\" data-id=\"207f4ccd\" data-element_type=\"widget\" data-e-type=\"widget\" data-widget_type=\"image.default\">\n\t\t\t\t<div class=\"elementor-widget-container\">\n\t\t\t\t\t\t\t\t\t\t\t\t\t\t\t<img fetchpriority=\"high\" decoding=\"async\" width=\"1993\" height=\"811\" src=\"https:\/\/laserbiomedic.com\/wp-content\/uploads\/2024\/06\/BIOMEDIC-MANUAL-DXXE-IDENTIDAD-1.png\" class=\"attachment-full size-full wp-image-1165\" alt=\"\" srcset=\"https:\/\/laserbiomedic.com\/wp-content\/uploads\/2024\/06\/BIOMEDIC-MANUAL-DXXE-IDENTIDAD-1.png 1993w, https:\/\/laserbiomedic.com\/wp-content\/uploads\/2024\/06\/BIOMEDIC-MANUAL-DXXE-IDENTIDAD-1-300x122.png 300w, https:\/\/laserbiomedic.com\/wp-content\/uploads\/2024\/06\/BIOMEDIC-MANUAL-DXXE-IDENTIDAD-1-1024x417.png 1024w, https:\/\/laserbiomedic.com\/wp-content\/uploads\/2024\/06\/BIOMEDIC-MANUAL-DXXE-IDENTIDAD-1-768x313.png 768w, https:\/\/laserbiomedic.com\/wp-content\/uploads\/2024\/06\/BIOMEDIC-MANUAL-DXXE-IDENTIDAD-1-1536x625.png 1536w, https:\/\/laserbiomedic.com\/wp-content\/uploads\/2024\/06\/BIOMEDIC-MANUAL-DXXE-IDENTIDAD-1-18x7.png 18w\" sizes=\"(max-width: 1993px) 100vw, 1993px\" \/>\t\t\t\t\t\t\t\t\t\t\t\t\t\t\t<\/div>\n\t\t\t\t<\/div>\n\t\t\t\t<\/div>\n\t\t<div class=\"elementor-element elementor-element-3b7df775 e-flex e-con-boxed e-con e-parent\" data-id=\"3b7df775\" data-element_type=\"container\" data-e-type=\"container\">\n\t\t\t\t\t<div class=\"e-con-inner\">\n\t\t\t\t<div class=\"elementor-element elementor-element-278c6f2b elementor-widget elementor-widget-heading\" data-id=\"278c6f2b\" data-element_type=\"widget\" data-e-type=\"widget\" data-widget_type=\"heading.default\">\n\t\t\t\t<div class=\"elementor-widget-container\">\n\t\t\t\t\t<h2 class=\"elementor-heading-title elementor-size-default\">cool 360 cRYOLIPOLYSIS<\/h2>\t\t\t\t<\/div>\n\t\t\t\t<\/div>\n\t\t\t\t\t<\/div>\n\t\t\t\t<\/div>\n\t\t<div class=\"elementor-element elementor-element-637564bc e-flex e-con-boxed e-con e-parent\" data-id=\"637564bc\" data-element_type=\"container\" data-e-type=\"container\">\n\t\t\t\t\t<div class=\"e-con-inner\">\n\t\t<div class=\"elementor-element elementor-element-4901a172 e-con-full e-flex e-con e-child\" data-id=\"4901a172\" data-element_type=\"container\" data-e-type=\"container\">\n\t\t\t\t<div class=\"elementor-element elementor-element-772d74b8 elementor-widget elementor-widget-image\" data-id=\"772d74b8\" data-element_type=\"widget\" data-e-type=\"widget\" data-widget_type=\"image.default\">\n\t\t\t\t<div class=\"elementor-widget-container\">\n\t\t\t\t\t\t\t\t\t\t\t\t\t\t\t<img decoding=\"async\" width=\"576\" height=\"1611\" src=\"https:\/\/laserbiomedic.com\/wp-content\/uploads\/2024\/06\/Cryilipolysis-Cool-360-1.png\" class=\"elementor-animation-grow attachment-full size-full wp-image-580\" alt=\"\" srcset=\"https:\/\/laserbiomedic.com\/wp-content\/uploads\/2024\/06\/Cryilipolysis-Cool-360-1.png 576w, https:\/\/laserbiomedic.com\/wp-content\/uploads\/2024\/06\/Cryilipolysis-Cool-360-1-107x300.png 107w, https:\/\/laserbiomedic.com\/wp-content\/uploads\/2024\/06\/Cryilipolysis-Cool-360-1-366x1024.png 366w, https:\/\/laserbiomedic.com\/wp-content\/uploads\/2024\/06\/Cryilipolysis-Cool-360-1-549x1536.png 549w\" sizes=\"(max-width: 576px) 100vw, 576px\" \/>\t\t\t\t\t\t\t\t\t\t\t\t\t\t\t<\/div>\n\t\t\t\t<\/div>\n\t\t\t\t<\/div>\n\t\t<div class=\"elementor-element elementor-element-11d43edb e-con-full e-flex e-con e-child\" data-id=\"11d43edb\" data-element_type=\"container\" data-e-type=\"container\">\n\t\t\t\t<div class=\"elementor-element elementor-element-5b15e79a elementor-widget elementor-widget-heading\" data-id=\"5b15e79a\" data-element_type=\"widget\" data-e-type=\"widget\" data-widget_type=\"heading.default\">\n\t\t\t\t<div class=\"elementor-widget-container\">\n\t\t\t\t\t<h2 class=\"elementor-heading-title elementor-size-default\">Destrucci\u00f3n de c\u00e9lulas grasas a congelaci\u00f3n<\/h2>\t\t\t\t<\/div>\n\t\t\t\t<\/div>\n\t\t\t\t<div class=\"elementor-element elementor-element-4c3d59b9 elementor-widget elementor-widget-text-editor\" data-id=\"4c3d59b9\" data-element_type=\"widget\" data-e-type=\"widget\" data-widget_type=\"text-editor.default\">\n\t\t\t\t<div class=\"elementor-widget-container\">\n\t\t\t\t\t\t\t\t\t<ul><li><span style=\"white-space-collapse: preserve;\">Ultrasonic cavitation<\/span><\/li><li><span style=\"white-space-collapse: preserve;\">Multi frequency<\/span><\/li><li><span style=\"white-space-collapse: preserve;\">Freezing technology<\/span><\/li><li><span style=\"white-space-collapse: preserve;\">Slimming and body shaping<\/span><\/li><li><span style=\"white-space-collapse: preserve;\">skin tightening<\/span><\/li><li><span style=\"white-space-collapse: preserve;\">Fat reduction<\/span><\/li><li><span style=\"white-space-collapse: preserve;\">Metabolism acceleration<\/span><\/li><li><span style=\"white-space-collapse: preserve;\">4 heads with silicone rubber<\/span><\/li><li><span style=\"white-space-collapse: preserve;\">Ideal para cintura, espalda, abdomen, gl\u00fateos, papada y piernas.<\/span><\/li><\/ul>\t\t\t\t\t\t\t\t<\/div>\n\t\t\t\t<\/div>\n\t\t\t\t<\/div>\n\t\t\t\t\t<\/div>\n\t\t\t\t<\/div>\n\t\t<div class=\"elementor-element elementor-element-19c26e5 e-flex e-con-boxed e-con e-parent\" data-id=\"19c26e5\" data-element_type=\"container\" data-e-type=\"container\">\n\t\t\t\t\t<div class=\"e-con-inner\">\n\t\t\t\t<div class=\"elementor-element elementor-element-cb930db elementor-widget elementor-widget-heading\" data-id=\"cb930db\" data-element_type=\"widget\" data-e-type=\"widget\" data-widget_type=\"heading.default\">\n\t\t\t\t<div class=\"elementor-widget-container\">\n\t\t\t\t\t<h2 class=\"elementor-heading-title elementor-size-default\">informaci\u00f3n t\u00e9cnica\n<\/h2>\t\t\t\t<\/div>\n\t\t\t\t<\/div>\n\t\t\t\t<div class=\"elementor-element elementor-element-be4b62d elementor-widget elementor-widget-image\" data-id=\"be4b62d\" data-element_type=\"widget\" data-e-type=\"widget\" data-widget_type=\"image.default\">\n\t\t\t\t<div class=\"elementor-widget-container\">\n\t\t\t\t\t\t\t\t\t\t\t\t\t\t\t<img decoding=\"async\" width=\"1419\" height=\"585\" src=\"https:\/\/laserbiomedic.com\/wp-content\/uploads\/2024\/06\/Captura-de-pantalla-2024-06-11-a-las-13.54-1-1.png\" class=\"attachment-full size-full wp-image-956\" alt=\"\" srcset=\"https:\/\/laserbiomedic.com\/wp-content\/uploads\/2024\/06\/Captura-de-pantalla-2024-06-11-a-las-13.54-1-1.png 1419w, https:\/\/laserbiomedic.com\/wp-content\/uploads\/2024\/06\/Captura-de-pantalla-2024-06-11-a-las-13.54-1-1-300x124.png 300w, https:\/\/laserbiomedic.com\/wp-content\/uploads\/2024\/06\/Captura-de-pantalla-2024-06-11-a-las-13.54-1-1-1024x422.png 1024w, https:\/\/laserbiomedic.com\/wp-content\/uploads\/2024\/06\/Captura-de-pantalla-2024-06-11-a-las-13.54-1-1-768x317.png 768w, https:\/\/laserbiomedic.com\/wp-content\/uploads\/2024\/06\/Captura-de-pantalla-2024-06-11-a-las-13.54-1-1-18x7.png 18w\" sizes=\"(max-width: 1419px) 100vw, 1419px\" \/>\t\t\t\t\t\t\t\t\t\t\t\t\t\t\t<\/div>\n\t\t\t\t<\/div>\n\t\t\t\t<div class=\"elementor-element elementor-element-c9fb672 elementor-widget elementor-widget-heading\" data-id=\"c9fb672\" data-element_type=\"widget\" data-e-type=\"widget\" data-widget_type=\"heading.default\">\n\t\t\t\t<div class=\"elementor-widget-container\">\n\t\t\t\t\t<h2 class=\"elementor-heading-title elementor-size-default\">\u00bfQU\u00c9 ES LA CRIOLIP\u00d3LISIS?<\/h2>\t\t\t\t<\/div>\n\t\t\t\t<\/div>\n\t\t\t\t<div class=\"elementor-element elementor-element-29de708 elementor-widget elementor-widget-text-editor\" data-id=\"29de708\" data-element_type=\"widget\" data-e-type=\"widget\" data-widget_type=\"text-editor.default\">\n\t\t\t\t<div class=\"elementor-widget-container\">\n\t\t\t\t\t\t\t\t\t<p>Es un tratamiento que reduce la grasa localizada sin anestesia, sin cirug\u00eda, sin dolor, sin bajas m\u00e9dicas, sin agujas y sin medicamentos. Pero s\u00ed hay que tener muy clara una cosa si apuestas por la criolip\u00f3lisis, no va a eliminar los 10 o 20 kilos que te sobran. Es un tratamiento perfecto para tratar zonas concretas de las que queremos reducir unos cent\u00edmetros que nos cuestan m\u00e1s de la cuenta. Pero tambi\u00e9n debemos acompa\u00f1ar la criolip\u00f3lisis de una dieta sana y equilibrada y ejercicio f\u00edsico.<\/p>\t\t\t\t\t\t\t\t<\/div>\n\t\t\t\t<\/div>\n\t\t\t\t<div class=\"elementor-element elementor-element-ea384f4 elementor-widget elementor-widget-heading\" data-id=\"ea384f4\" data-element_type=\"widget\" data-e-type=\"widget\" data-widget_type=\"heading.default\">\n\t\t\t\t<div class=\"elementor-widget-container\">\n\t\t\t\t\t<h2 class=\"elementor-heading-title elementor-size-default\">APLICACIONES<\/h2>\t\t\t\t<\/div>\n\t\t\t\t<\/div>\n\t\t\t\t<div class=\"elementor-element elementor-element-1c926e7 elementor-widget elementor-widget-text-editor\" data-id=\"1c926e7\" data-element_type=\"widget\" data-e-type=\"widget\" data-widget_type=\"text-editor.default\">\n\t\t\t\t<div class=\"elementor-widget-container\">\n\t\t\t\t\t\t\t\t\t<p>Cara interna de los muslos <br \/>Caderas <br \/>Abdomen superior <br \/>Abdomen inferior <br \/>Brazos -Flancos <br \/>Papada -Gl\u00fateos <br \/>Pliegue axilar <br \/>Rodillas <br \/>Cuello <br \/>Y todas las zonas en las que la grasa est\u00e9 realmente acumulada y la m\u00e1quina pueda succionarla y no se trate de flacidez.<\/p>\t\t\t\t\t\t\t\t<\/div>\n\t\t\t\t<\/div>\n\t\t\t\t<div class=\"elementor-element elementor-element-294f865 elementor-widget elementor-widget-image\" data-id=\"294f865\" data-element_type=\"widget\" data-e-type=\"widget\" data-widget_type=\"image.default\">\n\t\t\t\t<div class=\"elementor-widget-container\">\n\t\t\t\t\t\t\t\t\t\t\t\t\t\t\t<img loading=\"lazy\" decoding=\"async\" width=\"1559\" height=\"567\" src=\"https:\/\/laserbiomedic.com\/wp-content\/uploads\/2024\/09\/Group.png\" class=\"attachment-full size-full wp-image-1614\" alt=\"\" srcset=\"https:\/\/laserbiomedic.com\/wp-content\/uploads\/2024\/09\/Group.png 1559w, https:\/\/laserbiomedic.com\/wp-content\/uploads\/2024\/09\/Group-300x109.png 300w, https:\/\/laserbiomedic.com\/wp-content\/uploads\/2024\/09\/Group-1024x372.png 1024w, https:\/\/laserbiomedic.com\/wp-content\/uploads\/2024\/09\/Group-768x279.png 768w, https:\/\/laserbiomedic.com\/wp-content\/uploads\/2024\/09\/Group-1536x559.png 1536w, https:\/\/laserbiomedic.com\/wp-content\/uploads\/2024\/09\/Group-18x7.png 18w\" sizes=\"(max-width: 1559px) 100vw, 1559px\" \/>\t\t\t\t\t\t\t\t\t\t\t\t\t\t\t<\/div>\n\t\t\t\t<\/div>\n\t\t\t\t<div class=\"elementor-element elementor-element-55e1ab9 elementor-widget elementor-widget-heading\" data-id=\"55e1ab9\" data-element_type=\"widget\" data-e-type=\"widget\" data-widget_type=\"heading.default\">\n\t\t\t\t<div class=\"elementor-widget-container\">\n\t\t\t\t\t<h2 class=\"elementor-heading-title elementor-size-default\">4 PIEZAS DE MANO:<\/h2>\t\t\t\t<\/div>\n\t\t\t\t<\/div>\n\t\t\t\t<div class=\"elementor-element elementor-element-2e08f3f elementor-widget elementor-widget-text-editor\" data-id=\"2e08f3f\" data-element_type=\"widget\" data-e-type=\"widget\" data-widget_type=\"text-editor.default\">\n\t\t\t\t<div class=\"elementor-widget-container\">\n\t\t\t\t\t\t\t\t\t<p>Los 4 cabezales hechos de caucho de silic\u00f3n han sido aprobados por la FDA, donde el paciente puede experimentar un tratamiento suave y sin dolor. El cabezal de mayor tama\u00f1o es ideal para \u00e1reas como espalda, pecho, abdomen, muslos y gl\u00fateos. Mientras que los de menor tama\u00f1o se adaptan perfectamente en \u00e1reas como cuello, chamorros y brazos.<\/p><p>Las 4 piezas pueden funcionar al mismo tiempo para cuatro personas diferentes, o las mismas piezas en un solo paciente<\/p><p>\u00a0<\/p>\t\t\t\t\t\t\t\t<\/div>\n\t\t\t\t<\/div>\n\t\t\t\t<div class=\"elementor-element elementor-element-6535038 elementor-widget elementor-widget-image\" data-id=\"6535038\" data-element_type=\"widget\" data-e-type=\"widget\" data-widget_type=\"image.default\">\n\t\t\t\t<div class=\"elementor-widget-container\">\n\t\t\t\t\t\t\t\t\t\t\t\t\t\t\t<img loading=\"lazy\" decoding=\"async\" width=\"1501\" height=\"1049\" src=\"https:\/\/laserbiomedic.com\/wp-content\/uploads\/2024\/09\/Clip-path-group-3.png\" class=\"attachment-full size-full wp-image-1615\" alt=\"\" srcset=\"https:\/\/laserbiomedic.com\/wp-content\/uploads\/2024\/09\/Clip-path-group-3.png 1501w, https:\/\/laserbiomedic.com\/wp-content\/uploads\/2024\/09\/Clip-path-group-3-300x210.png 300w, https:\/\/laserbiomedic.com\/wp-content\/uploads\/2024\/09\/Clip-path-group-3-1024x716.png 1024w, https:\/\/laserbiomedic.com\/wp-content\/uploads\/2024\/09\/Clip-path-group-3-768x537.png 768w, https:\/\/laserbiomedic.com\/wp-content\/uploads\/2024\/09\/Clip-path-group-3-18x12.png 18w\" sizes=\"(max-width: 1501px) 100vw, 1501px\" \/>\t\t\t\t\t\t\t\t\t\t\t\t\t\t\t<\/div>\n\t\t\t\t<\/div>\n\t\t\t\t<div class=\"elementor-element elementor-element-44245a8 elementor-widget elementor-widget-heading\" data-id=\"44245a8\" data-element_type=\"widget\" data-e-type=\"widget\" data-widget_type=\"heading.default\">\n\t\t\t\t<div class=\"elementor-widget-container\">\n\t\t\t\t\t<h2 class=\"elementor-heading-title elementor-size-default\">INTERFAZ DE OPERACI\u00d3N\n \n\n\n\n\n<\/h2>\t\t\t\t<\/div>\n\t\t\t\t<\/div>\n\t\t\t\t<div class=\"elementor-element elementor-element-3777fbe elementor-widget elementor-widget-image\" data-id=\"3777fbe\" data-element_type=\"widget\" data-e-type=\"widget\" data-widget_type=\"image.default\">\n\t\t\t\t<div class=\"elementor-widget-container\">\n\t\t\t\t\t\t\t\t\t\t\t\t\t\t\t<img loading=\"lazy\" decoding=\"async\" width=\"1316\" height=\"1148\" src=\"https:\/\/laserbiomedic.com\/wp-content\/uploads\/2024\/09\/Clip-path-group-4.png\" class=\"attachment-full size-full wp-image-1616\" alt=\"\" srcset=\"https:\/\/laserbiomedic.com\/wp-content\/uploads\/2024\/09\/Clip-path-group-4.png 1316w, https:\/\/laserbiomedic.com\/wp-content\/uploads\/2024\/09\/Clip-path-group-4-300x262.png 300w, https:\/\/laserbiomedic.com\/wp-content\/uploads\/2024\/09\/Clip-path-group-4-1024x893.png 1024w, https:\/\/laserbiomedic.com\/wp-content\/uploads\/2024\/09\/Clip-path-group-4-768x670.png 768w, https:\/\/laserbiomedic.com\/wp-content\/uploads\/2024\/09\/Clip-path-group-4-14x12.png 14w\" sizes=\"(max-width: 1316px) 100vw, 1316px\" \/>\t\t\t\t\t\t\t\t\t\t\t\t\t\t\t<\/div>\n\t\t\t\t<\/div>\n\t\t\t\t<div class=\"elementor-element elementor-element-e52e272 elementor-widget elementor-widget-heading\" data-id=\"e52e272\" data-element_type=\"widget\" data-e-type=\"widget\" data-widget_type=\"heading.default\">\n\t\t\t\t<div class=\"elementor-widget-container\">\n\t\t\t\t\t<h2 class=\"elementor-heading-title elementor-size-default\">RESULTADOS<\/h2>\t\t\t\t<\/div>\n\t\t\t\t<\/div>\n\t\t\t\t<div class=\"elementor-element elementor-element-02d86ab elementor-widget elementor-widget-image\" data-id=\"02d86ab\" data-element_type=\"widget\" data-e-type=\"widget\" data-widget_type=\"image.default\">\n\t\t\t\t<div class=\"elementor-widget-container\">\n\t\t\t\t\t\t\t\t\t\t\t\t\t\t\t<img loading=\"lazy\" decoding=\"async\" width=\"1594\" height=\"919\" src=\"https:\/\/laserbiomedic.com\/wp-content\/uploads\/2024\/06\/Sin-titulo-2aa-1-1.png\" class=\"attachment-full size-full wp-image-955\" alt=\"\" srcset=\"https:\/\/laserbiomedic.com\/wp-content\/uploads\/2024\/06\/Sin-titulo-2aa-1-1.png 1594w, https:\/\/laserbiomedic.com\/wp-content\/uploads\/2024\/06\/Sin-titulo-2aa-1-1-300x173.png 300w, https:\/\/laserbiomedic.com\/wp-content\/uploads\/2024\/06\/Sin-titulo-2aa-1-1-1024x590.png 1024w, https:\/\/laserbiomedic.com\/wp-content\/uploads\/2024\/06\/Sin-titulo-2aa-1-1-768x443.png 768w, https:\/\/laserbiomedic.com\/wp-content\/uploads\/2024\/06\/Sin-titulo-2aa-1-1-1536x886.png 1536w, https:\/\/laserbiomedic.com\/wp-content\/uploads\/2024\/06\/Sin-titulo-2aa-1-1-18x10.png 18w\" sizes=\"(max-width: 1594px) 100vw, 1594px\" \/>\t\t\t\t\t\t\t\t\t\t\t\t\t\t\t<\/div>\n\t\t\t\t<\/div>\n\t\t\t\t<div class=\"elementor-element elementor-element-9bdb85c elementor-align-center elementor-widget elementor-widget-button\" data-id=\"9bdb85c\" data-element_type=\"widget\" data-e-type=\"widget\" data-widget_type=\"button.default\">\n\t\t\t\t<div class=\"elementor-widget-container\">\n\t\t\t\t\t\t\t\t\t<div class=\"elementor-button-wrapper\">\n\t\t\t\t\t<a class=\"elementor-button elementor-button-link elementor-size-sm elementor-animation-grow\" href=\"http:\/\/wa.link\/enzn9z\">\n\t\t\t\t\t\t<span class=\"elementor-button-content-wrapper\">\n\t\t\t\t\t\t\t\t\t<span class=\"elementor-button-text\">ASK FOR INFORMATION<\/span>\n\t\t\t\t\t<\/span>\n\t\t\t\t\t<\/a>\n\t\t\t\t<\/div>\n\t\t\t\t\t\t\t\t<\/div>\n\t\t\t\t<\/div>\n\t\t\t\t\t<\/div>\n\t\t\t\t<\/div>\n\t\t\t\t<\/div>","protected":false},"excerpt":{"rendered":"<p>cool 360 cRYOLIPOLYSIS Destrucci\u00f3n de c\u00e9lulas grasas a congelaci\u00f3n Cavitaci\u00f3n ultras\u00f3nica Multi frecuencia Tecnolog\u00eda de congelaci\u00f3n Adelgazamiento y modelado del cuerpo Estiramiento de piel Reducci\u00f3n de grasa Aceleraci\u00f3n de metabolismo 4 cabezales con caucho de silicona Ideal para cintura, espalda, abdomen, gl\u00fateos, papada y piernas. informaci\u00f3n t\u00e9cnica \u00bfQU\u00c9 ES LA CRIOLIP\u00d3LISIS? Es un tratamiento que [&hellip;]<\/p>\n","protected":false},"author":1,"featured_media":0,"parent":0,"menu_order":0,"comment_status":"closed","ping_status":"closed","template":"","meta":{"footnotes":""},"class_list":["post-572","page","type-page","status-publish","hentry"],"_links":{"self":[{"href":"https:\/\/laserbiomedic.com\/en\/wp-json\/wp\/v2\/pages\/572","targetHints":{"allow":["GET"]}}],"collection":[{"href":"https:\/\/laserbiomedic.com\/en\/wp-json\/wp\/v2\/pages"}],"about":[{"href":"https:\/\/laserbiomedic.com\/en\/wp-json\/wp\/v2\/types\/page"}],"author":[{"embeddable":true,"href":"https:\/\/laserbiomedic.com\/en\/wp-json\/wp\/v2\/users\/1"}],"replies":[{"embeddable":true,"href":"https:\/\/laserbiomedic.com\/en\/wp-json\/wp\/v2\/comments?post=572"}],"version-history":[{"count":25,"href":"https:\/\/laserbiomedic.com\/en\/wp-json\/wp\/v2\/pages\/572\/revisions"}],"predecessor-version":[{"id":1619,"href":"https:\/\/laserbiomedic.com\/en\/wp-json\/wp\/v2\/pages\/572\/revisions\/1619"}],"wp:attachment":[{"href":"https:\/\/laserbiomedic.com\/en\/wp-json\/wp\/v2\/media?parent=572"}],"curies":[{"name":"wp","href":"https:\/\/api.w.org\/{rel}","templated":true}]}}