{"id":526,"date":"2024-06-07T05:29:58","date_gmt":"2024-06-07T05:29:58","guid":{"rendered":"https:\/\/laserbiomedic.com\/?page_id=526"},"modified":"2024-09-12T01:21:05","modified_gmt":"2024-09-12T01:21:05","slug":"aqua-peel-hydrafacil","status":"publish","type":"page","link":"https:\/\/laserbiomedic.com\/en\/aqua-peel-hydrafacil\/","title":{"rendered":"Aqua Peel Hydrafacil"},"content":{"rendered":"<div data-elementor-type=\"wp-page\" data-elementor-id=\"526\" class=\"elementor elementor-526\" data-elementor-post-type=\"page\">\n\t\t\t\t<div class=\"elementor-element elementor-element-57e6cb40 e-con-full e-flex e-con e-parent\" data-id=\"57e6cb40\" data-element_type=\"container\" data-e-type=\"container\">\n\t\t\t\t<div class=\"elementor-element elementor-element-279466db elementor-widget elementor-widget-image\" data-id=\"279466db\" data-element_type=\"widget\" data-e-type=\"widget\" data-widget_type=\"image.default\">\n\t\t\t\t<div class=\"elementor-widget-container\">\n\t\t\t\t\t\t\t\t\t\t\t\t\t\t\t<img fetchpriority=\"high\" decoding=\"async\" width=\"1993\" height=\"811\" src=\"https:\/\/laserbiomedic.com\/wp-content\/uploads\/2024\/06\/BIOMEDIC-MANUAL-DXXE-IDENTIDAD-1.png\" class=\"attachment-full size-full wp-image-1165\" alt=\"\" srcset=\"https:\/\/laserbiomedic.com\/wp-content\/uploads\/2024\/06\/BIOMEDIC-MANUAL-DXXE-IDENTIDAD-1.png 1993w, https:\/\/laserbiomedic.com\/wp-content\/uploads\/2024\/06\/BIOMEDIC-MANUAL-DXXE-IDENTIDAD-1-300x122.png 300w, https:\/\/laserbiomedic.com\/wp-content\/uploads\/2024\/06\/BIOMEDIC-MANUAL-DXXE-IDENTIDAD-1-1024x417.png 1024w, https:\/\/laserbiomedic.com\/wp-content\/uploads\/2024\/06\/BIOMEDIC-MANUAL-DXXE-IDENTIDAD-1-768x313.png 768w, https:\/\/laserbiomedic.com\/wp-content\/uploads\/2024\/06\/BIOMEDIC-MANUAL-DXXE-IDENTIDAD-1-1536x625.png 1536w, https:\/\/laserbiomedic.com\/wp-content\/uploads\/2024\/06\/BIOMEDIC-MANUAL-DXXE-IDENTIDAD-1-18x7.png 18w\" sizes=\"(max-width: 1993px) 100vw, 1993px\" \/>\t\t\t\t\t\t\t\t\t\t\t\t\t\t\t<\/div>\n\t\t\t\t<\/div>\n\t\t\t\t<\/div>\n\t\t<div class=\"elementor-element elementor-element-3db4f14c e-flex e-con-boxed e-con e-parent\" data-id=\"3db4f14c\" data-element_type=\"container\" data-e-type=\"container\">\n\t\t\t\t\t<div class=\"e-con-inner\">\n\t\t\t\t<div class=\"elementor-element elementor-element-42f1e710 elementor-widget elementor-widget-heading\" data-id=\"42f1e710\" data-element_type=\"widget\" data-e-type=\"widget\" data-widget_type=\"heading.default\">\n\t\t\t\t<div class=\"elementor-widget-container\">\n\t\t\t\t\t<h2 class=\"elementor-heading-title elementor-size-default\">AQUA PEEL HYDRAFACIAL<\/h2>\t\t\t\t<\/div>\n\t\t\t\t<\/div>\n\t\t\t\t\t<\/div>\n\t\t\t\t<\/div>\n\t\t<div class=\"elementor-element elementor-element-74e41d93 e-flex e-con-boxed e-con e-parent\" data-id=\"74e41d93\" data-element_type=\"container\" data-e-type=\"container\">\n\t\t\t\t\t<div class=\"e-con-inner\">\n\t\t<div class=\"elementor-element elementor-element-5ddb4151 e-con-full e-flex e-con e-child\" data-id=\"5ddb4151\" data-element_type=\"container\" data-e-type=\"container\">\n\t\t\t\t<div class=\"elementor-element elementor-element-5ebac273 elementor-widget elementor-widget-image\" data-id=\"5ebac273\" data-element_type=\"widget\" data-e-type=\"widget\" data-widget_type=\"image.default\">\n\t\t\t\t<div class=\"elementor-widget-container\">\n\t\t\t\t\t\t\t\t\t\t\t\t\t\t\t<img decoding=\"async\" width=\"825\" height=\"1652\" src=\"https:\/\/laserbiomedic.com\/wp-content\/uploads\/2024\/06\/Aquapeel-encendido-1-1.png\" class=\"elementor-animation-grow attachment-full size-full wp-image-530\" alt=\"\" srcset=\"https:\/\/laserbiomedic.com\/wp-content\/uploads\/2024\/06\/Aquapeel-encendido-1-1.png 825w, https:\/\/laserbiomedic.com\/wp-content\/uploads\/2024\/06\/Aquapeel-encendido-1-1-150x300.png 150w, https:\/\/laserbiomedic.com\/wp-content\/uploads\/2024\/06\/Aquapeel-encendido-1-1-511x1024.png 511w, https:\/\/laserbiomedic.com\/wp-content\/uploads\/2024\/06\/Aquapeel-encendido-1-1-768x1538.png 768w, https:\/\/laserbiomedic.com\/wp-content\/uploads\/2024\/06\/Aquapeel-encendido-1-1-767x1536.png 767w\" sizes=\"(max-width: 825px) 100vw, 825px\" \/>\t\t\t\t\t\t\t\t\t\t\t\t\t\t\t<\/div>\n\t\t\t\t<\/div>\n\t\t\t\t<\/div>\n\t\t<div class=\"elementor-element elementor-element-407ff897 e-con-full e-flex e-con e-child\" data-id=\"407ff897\" data-element_type=\"container\" data-e-type=\"container\">\n\t\t\t\t<div class=\"elementor-element elementor-element-76747fe7 elementor-widget elementor-widget-heading\" data-id=\"76747fe7\" data-element_type=\"widget\" data-e-type=\"widget\" data-widget_type=\"heading.default\">\n\t\t\t\t<div class=\"elementor-widget-container\">\n\t\t\t\t\t<h2 class=\"elementor-heading-title elementor-size-default\">hydrafacial + rF\ndiferentes tratamientos en un mismo equipo<\/h2>\t\t\t\t<\/div>\n\t\t\t\t<\/div>\n\t\t\t\t<div class=\"elementor-element elementor-element-2aea8dc4 elementor-widget elementor-widget-text-editor\" data-id=\"2aea8dc4\" data-element_type=\"widget\" data-e-type=\"widget\" data-widget_type=\"text-editor.default\">\n\t\t\t\t<div class=\"elementor-widget-container\">\n\t\t\t\t\t\t\t\t\t<ul><li>Peeling<\/li><li>Ultrasound<\/li><li>RF multipolar<\/li><li>Iontoforesis<\/li><li>BOHR Handle<\/li><li>Cabezal fr\u00edo\/calor<\/li><li>Oxygen spray handle<\/li><li>Detoxification of dead cells<\/li><li>Produces collagen and elastin<\/li><li>Remodels collagen<\/li><li>Stimulates skin tissue<\/li><li>Shrinks and expands pores<\/li><\/ul>\t\t\t\t\t\t\t\t<\/div>\n\t\t\t\t<\/div>\n\t\t\t\t<\/div>\n\t\t\t\t\t<\/div>\n\t\t\t\t<\/div>\n\t\t<div class=\"elementor-element elementor-element-6f0599e e-flex e-con-boxed e-con e-parent\" data-id=\"6f0599e\" data-element_type=\"container\" data-e-type=\"container\">\n\t\t\t\t\t<div class=\"e-con-inner\">\n\t\t\t\t<div class=\"elementor-element elementor-element-9d39683 elementor-widget elementor-widget-heading\" data-id=\"9d39683\" data-element_type=\"widget\" data-e-type=\"widget\" data-widget_type=\"heading.default\">\n\t\t\t\t<div class=\"elementor-widget-container\">\n\t\t\t\t\t<h2 class=\"elementor-heading-title elementor-size-default\">informaci\u00f3n t\u00e9cnica\n<\/h2>\t\t\t\t<\/div>\n\t\t\t\t<\/div>\n\t\t\t\t<div class=\"elementor-element elementor-element-49d99e0 elementor-widget elementor-widget-image\" data-id=\"49d99e0\" data-element_type=\"widget\" data-e-type=\"widget\" data-widget_type=\"image.default\">\n\t\t\t\t<div class=\"elementor-widget-container\">\n\t\t\t\t\t\t\t\t\t\t\t\t\t\t\t<img decoding=\"async\" width=\"1554\" height=\"483\" src=\"https:\/\/laserbiomedic.com\/wp-content\/uploads\/2024\/06\/Group-9186-1.png\" class=\"attachment-full size-full wp-image-920\" alt=\"\" srcset=\"https:\/\/laserbiomedic.com\/wp-content\/uploads\/2024\/06\/Group-9186-1.png 1554w, https:\/\/laserbiomedic.com\/wp-content\/uploads\/2024\/06\/Group-9186-1-300x93.png 300w, https:\/\/laserbiomedic.com\/wp-content\/uploads\/2024\/06\/Group-9186-1-1024x318.png 1024w, https:\/\/laserbiomedic.com\/wp-content\/uploads\/2024\/06\/Group-9186-1-768x239.png 768w, https:\/\/laserbiomedic.com\/wp-content\/uploads\/2024\/06\/Group-9186-1-1536x477.png 1536w, https:\/\/laserbiomedic.com\/wp-content\/uploads\/2024\/06\/Group-9186-1-18x6.png 18w\" sizes=\"(max-width: 1554px) 100vw, 1554px\" \/>\t\t\t\t\t\t\t\t\t\t\t\t\t\t\t<\/div>\n\t\t\t\t<\/div>\n\t\t\t\t\t<\/div>\n\t\t\t\t<\/div>\n\t\t<div class=\"elementor-element elementor-element-c65e3ef e-flex e-con-boxed e-con e-parent\" data-id=\"c65e3ef\" data-element_type=\"container\" data-e-type=\"container\">\n\t\t\t\t\t<div class=\"e-con-inner\">\n\t\t\t\t<div class=\"elementor-element elementor-element-de0b0aa elementor-widget elementor-widget-text-editor\" data-id=\"de0b0aa\" data-element_type=\"widget\" data-e-type=\"widget\" data-widget_type=\"text-editor.default\">\n\t\t\t\t<div class=\"elementor-widget-container\">\n\t\t\t\t\t\t\t\t\t<h2><span style=\"color: #0871b6;\">\u00bfQu\u00e9 es un Hydrafacial?<\/span><\/h2><p>Es un tratamiento de rejuvenecimiento e hidrataci\u00f3n facial no invasivo que combina varias t\u00e9cnicas en una sola sesi\u00f3n: Limpieza facial profunda, extracci\u00f3n de impurezas, exfoliaci\u00f3n e hidrataci\u00f3n. En consecuencia, la combinaci\u00f3n de estos procedimientos trae como resultado una piel con un aspecto m\u00e1s fresco, saludable, radiante y brillante.<\/p><h2><span style=\"color: #0871b6;\">\u00bfC\u00f3mo funciona?<\/span><\/h2><p>Es un procedimiento vers\u00e1til que beneficia a todos los tipos de piel, incluyendo las m\u00e1s sensibles, aquellas propensas al acn\u00e9 y con diversas condiciones dermatol\u00f3gicas. Gracias a su naturaleza no invasiva, es adecuado para personas de todas las edades, sin importar el g\u00e9nero o el tono de piel. Su principal ventaja radica en su capacidad para adaptarse a las necesidades individuales de cada piel, por lo que puede incluirse sueros de tratamiento personalizados o ajustar el procedimiento para abordar las condiciones y requerimientos \u00fanicos de tu piel, como poros dilatados, obstrucciones, acn\u00e9, manchas solares, entre otros.<\/p><h2><span style=\"color: #0871b6;\">Beneficios:<\/span><\/h2><p>Ayuda a renovar la piel al eliminar y remover impurezas y c\u00e9lulas muertas. <br \/>Contribuye a retrasar el envejecimiento y la aparici\u00f3n de l\u00edneas de expresi\u00f3n.<br \/>Logra un aspecto m\u00e1s luminoso, suave y tersa en el rostro. <br \/>Elimina puntos negros y acumulaci\u00f3n de sebo o grasa. <br \/>Favorece la absorci\u00f3n de algunos principios activos que aportan nutrientes a la piel mejorando la elasticidad y firmeza. <br \/>Aumenta la hidrataci\u00f3n y permite la oxigenaci\u00f3n de la piel.<\/p><h2><span style=\"color: #0871b6;\">Piezas de mano:<\/span><\/h2><p>Hidrafacial: Ilumina y suaviza las zonas de tu cuerpo para mejorar la textura, combatir la opacidad y prevenir los brotes y los poros obstruidos. <br \/>Ultrasonido: Estimula la producci\u00f3n de col\u00e1geno y tensa la piel eliminando la flacidez.<br \/>RF Multipolar: Remodela el col\u00e1geno y la elasticidad de la piel, disuelve la grasa y la celulitis, favorece la circulaci\u00f3n sangu\u00ednea. <br \/>Iontoforesis: Estimula el tejido de la piel, las ra\u00edces del cabello, m\u00fasculos de la piel para dar elasticidad y rejuvenecimiento.<\/p>\t\t\t\t\t\t\t\t<\/div>\n\t\t\t\t<\/div>\n\t\t\t\t<div class=\"elementor-element elementor-element-d7d3512 elementor-widget elementor-widget-image\" data-id=\"d7d3512\" data-element_type=\"widget\" data-e-type=\"widget\" data-widget_type=\"image.default\">\n\t\t\t\t<div class=\"elementor-widget-container\">\n\t\t\t\t\t\t\t\t\t\t\t\t\t\t\t<img loading=\"lazy\" decoding=\"async\" width=\"1551\" height=\"644\" src=\"https:\/\/laserbiomedic.com\/wp-content\/uploads\/2024\/09\/Clip-path-group.png\" class=\"attachment-full size-full wp-image-1603\" alt=\"\" srcset=\"https:\/\/laserbiomedic.com\/wp-content\/uploads\/2024\/09\/Clip-path-group.png 1551w, https:\/\/laserbiomedic.com\/wp-content\/uploads\/2024\/09\/Clip-path-group-300x125.png 300w, https:\/\/laserbiomedic.com\/wp-content\/uploads\/2024\/09\/Clip-path-group-1024x425.png 1024w, https:\/\/laserbiomedic.com\/wp-content\/uploads\/2024\/09\/Clip-path-group-768x319.png 768w, https:\/\/laserbiomedic.com\/wp-content\/uploads\/2024\/09\/Clip-path-group-1536x638.png 1536w, https:\/\/laserbiomedic.com\/wp-content\/uploads\/2024\/09\/Clip-path-group-18x7.png 18w\" sizes=\"(max-width: 1551px) 100vw, 1551px\" \/>\t\t\t\t\t\t\t\t\t\t\t\t\t\t\t<\/div>\n\t\t\t\t<\/div>\n\t\t\t\t<div class=\"elementor-element elementor-element-73ae10d elementor-widget elementor-widget-text-editor\" data-id=\"73ae10d\" data-element_type=\"widget\" data-e-type=\"widget\" data-widget_type=\"text-editor.default\">\n\t\t\t\t<div class=\"elementor-widget-container\">\n\t\t\t\t\t\t\t\t\t<p>Maneral BOHR: Reafirmaci\u00f3n facial, mejora y previene el envejecimiento de la piel. Blanquea y libera oxigeno en la piel. <br \/>Cabezal Fr\u00edo\/Calor: Contrae y expande los poros para permitir mejor entrada de soluciones a la piel. <br \/>Pulverizaci\u00f3n de oxigeno: Limpieza de la piel e inyecci\u00f3n de soluci\u00f3n.<\/p>\t\t\t\t\t\t\t\t<\/div>\n\t\t\t\t<\/div>\n\t\t\t\t<div class=\"elementor-element elementor-element-b95538e elementor-widget elementor-widget-image\" data-id=\"b95538e\" data-element_type=\"widget\" data-e-type=\"widget\" data-widget_type=\"image.default\">\n\t\t\t\t<div class=\"elementor-widget-container\">\n\t\t\t\t\t\t\t\t\t\t\t\t\t\t\t<img loading=\"lazy\" decoding=\"async\" width=\"1182\" height=\"529\" src=\"https:\/\/laserbiomedic.com\/wp-content\/uploads\/2024\/09\/Group-9223.png\" class=\"attachment-full size-full wp-image-1604\" alt=\"\" srcset=\"https:\/\/laserbiomedic.com\/wp-content\/uploads\/2024\/09\/Group-9223.png 1182w, https:\/\/laserbiomedic.com\/wp-content\/uploads\/2024\/09\/Group-9223-300x134.png 300w, https:\/\/laserbiomedic.com\/wp-content\/uploads\/2024\/09\/Group-9223-1024x458.png 1024w, https:\/\/laserbiomedic.com\/wp-content\/uploads\/2024\/09\/Group-9223-768x344.png 768w, https:\/\/laserbiomedic.com\/wp-content\/uploads\/2024\/09\/Group-9223-18x8.png 18w\" sizes=\"(max-width: 1182px) 100vw, 1182px\" \/>\t\t\t\t\t\t\t\t\t\t\t\t\t\t\t<\/div>\n\t\t\t\t<\/div>\n\t\t\t\t<div class=\"elementor-element elementor-element-6967513 elementor-widget elementor-widget-text-editor\" data-id=\"6967513\" data-element_type=\"widget\" data-e-type=\"widget\" data-widget_type=\"text-editor.default\">\n\t\t\t\t<div class=\"elementor-widget-container\">\n\t\t\t\t\t\t\t\t\t<h2><span style=\"color: #0871b6;\">Ventajas:<\/span><\/h2><p>Minimiza las lineas de expresi\u00f3n. <br \/>Elimina puntos negros del rostro. <br \/>Da mayor hidrataci\u00f3n y firmeza al rostro. <br \/>Rostro m\u00e1s luminoso.<\/p>\t\t\t\t\t\t\t\t<\/div>\n\t\t\t\t<\/div>\n\t\t\t\t\t<\/div>\n\t\t\t\t<\/div>\n\t\t<div class=\"elementor-element elementor-element-cea0571 e-flex e-con-boxed e-con e-parent\" data-id=\"cea0571\" data-element_type=\"container\" data-e-type=\"container\">\n\t\t\t\t\t<div class=\"e-con-inner\">\n\t\t\t\t<div class=\"elementor-element elementor-element-d2d0acc elementor-widget elementor-widget-heading\" data-id=\"d2d0acc\" data-element_type=\"widget\" data-e-type=\"widget\" data-widget_type=\"heading.default\">\n\t\t\t\t<div class=\"elementor-widget-container\">\n\t\t\t\t\t<h2 class=\"elementor-heading-title elementor-size-default\">RESULTADOS<\/h2>\t\t\t\t<\/div>\n\t\t\t\t<\/div>\n\t\t\t\t<div class=\"elementor-element elementor-element-6bdc094 elementor-widget elementor-widget-image\" data-id=\"6bdc094\" data-element_type=\"widget\" data-e-type=\"widget\" data-widget_type=\"image.default\">\n\t\t\t\t<div class=\"elementor-widget-container\">\n\t\t\t\t\t\t\t\t\t\t\t\t\t\t\t<img loading=\"lazy\" decoding=\"async\" width=\"1647\" height=\"458\" src=\"https:\/\/laserbiomedic.com\/wp-content\/uploads\/2024\/06\/Clip-path-group-2.png\" class=\"attachment-full size-full wp-image-916\" alt=\"\" srcset=\"https:\/\/laserbiomedic.com\/wp-content\/uploads\/2024\/06\/Clip-path-group-2.png 1647w, https:\/\/laserbiomedic.com\/wp-content\/uploads\/2024\/06\/Clip-path-group-2-300x83.png 300w, https:\/\/laserbiomedic.com\/wp-content\/uploads\/2024\/06\/Clip-path-group-2-1024x285.png 1024w, https:\/\/laserbiomedic.com\/wp-content\/uploads\/2024\/06\/Clip-path-group-2-768x214.png 768w, https:\/\/laserbiomedic.com\/wp-content\/uploads\/2024\/06\/Clip-path-group-2-1536x427.png 1536w, https:\/\/laserbiomedic.com\/wp-content\/uploads\/2024\/06\/Clip-path-group-2-18x5.png 18w\" sizes=\"(max-width: 1647px) 100vw, 1647px\" \/>\t\t\t\t\t\t\t\t\t\t\t\t\t\t\t<\/div>\n\t\t\t\t<\/div>\n\t\t\t\t<div class=\"elementor-element elementor-element-d7a3418 elementor-widget elementor-widget-image\" data-id=\"d7a3418\" data-element_type=\"widget\" data-e-type=\"widget\" data-widget_type=\"image.default\">\n\t\t\t\t<div class=\"elementor-widget-container\">\n\t\t\t\t\t\t\t\t\t\t\t\t\t\t\t<img loading=\"lazy\" decoding=\"async\" width=\"1584\" height=\"235\" src=\"https:\/\/laserbiomedic.com\/wp-content\/uploads\/2024\/06\/Clip-path-group-1.png\" class=\"attachment-full size-full wp-image-914\" alt=\"\" srcset=\"https:\/\/laserbiomedic.com\/wp-content\/uploads\/2024\/06\/Clip-path-group-1.png 1584w, https:\/\/laserbiomedic.com\/wp-content\/uploads\/2024\/06\/Clip-path-group-1-300x45.png 300w, https:\/\/laserbiomedic.com\/wp-content\/uploads\/2024\/06\/Clip-path-group-1-1024x152.png 1024w, https:\/\/laserbiomedic.com\/wp-content\/uploads\/2024\/06\/Clip-path-group-1-768x114.png 768w, https:\/\/laserbiomedic.com\/wp-content\/uploads\/2024\/06\/Clip-path-group-1-1536x228.png 1536w, https:\/\/laserbiomedic.com\/wp-content\/uploads\/2024\/06\/Clip-path-group-1-18x3.png 18w\" sizes=\"(max-width: 1584px) 100vw, 1584px\" \/>\t\t\t\t\t\t\t\t\t\t\t\t\t\t\t<\/div>\n\t\t\t\t<\/div>\n\t\t\t\t<div class=\"elementor-element elementor-element-1f5d8ed4 elementor-align-center elementor-widget elementor-widget-button\" data-id=\"1f5d8ed4\" data-element_type=\"widget\" data-e-type=\"widget\" data-widget_type=\"button.default\">\n\t\t\t\t<div class=\"elementor-widget-container\">\n\t\t\t\t\t\t\t\t\t<div class=\"elementor-button-wrapper\">\n\t\t\t\t\t<a class=\"elementor-button elementor-button-link elementor-size-sm elementor-animation-grow\" href=\"http:\/\/wa.link\/enzn9z\">\n\t\t\t\t\t\t<span class=\"elementor-button-content-wrapper\">\n\t\t\t\t\t\t\t\t\t<span class=\"elementor-button-text\">ASK FOR INFORMATION<\/span>\n\t\t\t\t\t<\/span>\n\t\t\t\t\t<\/a>\n\t\t\t\t<\/div>\n\t\t\t\t\t\t\t\t<\/div>\n\t\t\t\t<\/div>\n\t\t\t\t\t<\/div>\n\t\t\t\t<\/div>\n\t\t\t\t<\/div>","protected":false},"excerpt":{"rendered":"<p>AQUA PEEL HYDRAFACIAL hydrafacial + rF diferentes tratamientos en un mismo equipo Peeling Ultrasonido RF multipolar Iontoforesis Maneral BOHR Cabezal fr\u00edo\/calor Mango de pulverizaci\u00f3n de ox\u00edgeno Desintoxicaci\u00f3n de c\u00e9lulas muertas Produce col\u00e1geno y elastina Remodela col\u00e1geno Estimula tejido de la piel Contrae y expande poros informaci\u00f3n t\u00e9cnica \u00bfQu\u00e9 es un Hydrafacial? Es un tratamiento de [&hellip;]<\/p>\n","protected":false},"author":1,"featured_media":0,"parent":0,"menu_order":0,"comment_status":"closed","ping_status":"closed","template":"","meta":{"footnotes":""},"class_list":["post-526","page","type-page","status-publish","hentry"],"_links":{"self":[{"href":"https:\/\/laserbiomedic.com\/en\/wp-json\/wp\/v2\/pages\/526","targetHints":{"allow":["GET"]}}],"collection":[{"href":"https:\/\/laserbiomedic.com\/en\/wp-json\/wp\/v2\/pages"}],"about":[{"href":"https:\/\/laserbiomedic.com\/en\/wp-json\/wp\/v2\/types\/page"}],"author":[{"embeddable":true,"href":"https:\/\/laserbiomedic.com\/en\/wp-json\/wp\/v2\/users\/1"}],"replies":[{"embeddable":true,"href":"https:\/\/laserbiomedic.com\/en\/wp-json\/wp\/v2\/comments?post=526"}],"version-history":[{"count":37,"href":"https:\/\/laserbiomedic.com\/en\/wp-json\/wp\/v2\/pages\/526\/revisions"}],"predecessor-version":[{"id":1607,"href":"https:\/\/laserbiomedic.com\/en\/wp-json\/wp\/v2\/pages\/526\/revisions\/1607"}],"wp:attachment":[{"href":"https:\/\/laserbiomedic.com\/en\/wp-json\/wp\/v2\/media?parent=526"}],"curies":[{"name":"wp","href":"https:\/\/api.w.org\/{rel}","templated":true}]}}