{"id":511,"date":"2024-06-07T05:26:31","date_gmt":"2024-06-07T05:26:31","guid":{"rendered":"https:\/\/laserbiomedic.com\/?page_id=511"},"modified":"2024-07-06T00:26:20","modified_gmt":"2024-07-06T00:26:20","slug":"silkro-rf","status":"publish","type":"page","link":"https:\/\/laserbiomedic.com\/en\/silkro-rf\/","title":{"rendered":"Silkro Rf"},"content":{"rendered":"\t\t<div data-elementor-type=\"wp-page\" data-elementor-id=\"511\" class=\"elementor elementor-511\" data-elementor-post-type=\"page\">\n\t\t\t\t<div class=\"elementor-element elementor-element-623d36c7 e-con-full e-flex e-con e-parent\" data-id=\"623d36c7\" data-element_type=\"container\" data-e-type=\"container\">\n\t\t\t\t<div class=\"elementor-element elementor-element-21d9f8b4 elementor-widget elementor-widget-image\" data-id=\"21d9f8b4\" data-element_type=\"widget\" data-e-type=\"widget\" data-widget_type=\"image.default\">\n\t\t\t\t<div class=\"elementor-widget-container\">\n\t\t\t\t\t\t\t\t\t\t\t\t\t\t\t<img fetchpriority=\"high\" decoding=\"async\" width=\"1993\" height=\"806\" src=\"https:\/\/laserbiomedic.com\/wp-content\/uploads\/2024\/06\/BIOMEDIC-MASSSNUAL-DE-IDENTIDAD-1.png\" class=\"attachment-full size-full wp-image-1314\" alt=\"\" srcset=\"https:\/\/laserbiomedic.com\/wp-content\/uploads\/2024\/06\/BIOMEDIC-MASSSNUAL-DE-IDENTIDAD-1.png 1993w, https:\/\/laserbiomedic.com\/wp-content\/uploads\/2024\/06\/BIOMEDIC-MASSSNUAL-DE-IDENTIDAD-1-300x121.png 300w, https:\/\/laserbiomedic.com\/wp-content\/uploads\/2024\/06\/BIOMEDIC-MASSSNUAL-DE-IDENTIDAD-1-1024x414.png 1024w, https:\/\/laserbiomedic.com\/wp-content\/uploads\/2024\/06\/BIOMEDIC-MASSSNUAL-DE-IDENTIDAD-1-768x311.png 768w, https:\/\/laserbiomedic.com\/wp-content\/uploads\/2024\/06\/BIOMEDIC-MASSSNUAL-DE-IDENTIDAD-1-1536x621.png 1536w, https:\/\/laserbiomedic.com\/wp-content\/uploads\/2024\/06\/BIOMEDIC-MASSSNUAL-DE-IDENTIDAD-1-18x7.png 18w\" sizes=\"(max-width: 1993px) 100vw, 1993px\" \/>\t\t\t\t\t\t\t\t\t\t\t\t\t\t\t<\/div>\n\t\t\t\t<\/div>\n\t\t\t\t<\/div>\n\t\t<div class=\"elementor-element elementor-element-f2b64a3 e-flex e-con-boxed e-con e-parent\" data-id=\"f2b64a3\" data-element_type=\"container\" data-e-type=\"container\">\n\t\t\t\t\t<div class=\"e-con-inner\">\n\t\t\t\t<div class=\"elementor-element elementor-element-7dfc9ec9 elementor-widget elementor-widget-heading\" data-id=\"7dfc9ec9\" data-element_type=\"widget\" data-e-type=\"widget\" data-widget_type=\"heading.default\">\n\t\t\t\t<div class=\"elementor-widget-container\">\n\t\t\t\t\t<h2 class=\"elementor-heading-title elementor-size-default\">SILKRO RF<\/h2>\t\t\t\t<\/div>\n\t\t\t\t<\/div>\n\t\t\t\t\t<\/div>\n\t\t\t\t<\/div>\n\t\t<div class=\"elementor-element elementor-element-412bc130 e-flex e-con-boxed e-con e-parent\" data-id=\"412bc130\" data-element_type=\"container\" data-e-type=\"container\">\n\t\t\t\t\t<div class=\"e-con-inner\">\n\t\t<div class=\"elementor-element elementor-element-7df18e24 e-con-full e-flex e-con e-child\" data-id=\"7df18e24\" data-element_type=\"container\" data-e-type=\"container\">\n\t\t\t\t<div class=\"elementor-element elementor-element-26ea3916 elementor-widget elementor-widget-image\" data-id=\"26ea3916\" data-element_type=\"widget\" data-e-type=\"widget\" data-widget_type=\"image.default\">\n\t\t\t\t<div class=\"elementor-widget-container\">\n\t\t\t\t\t\t\t\t\t\t\t\t\t\t\t<img decoding=\"async\" width=\"1358\" height=\"2019\" src=\"https:\/\/laserbiomedic.com\/wp-content\/uploads\/2024\/06\/Group-9204.png\" class=\"elementor-animation-grow attachment-full size-full wp-image-940\" alt=\"\" srcset=\"https:\/\/laserbiomedic.com\/wp-content\/uploads\/2024\/06\/Group-9204.png 1358w, https:\/\/laserbiomedic.com\/wp-content\/uploads\/2024\/06\/Group-9204-202x300.png 202w, https:\/\/laserbiomedic.com\/wp-content\/uploads\/2024\/06\/Group-9204-689x1024.png 689w, https:\/\/laserbiomedic.com\/wp-content\/uploads\/2024\/06\/Group-9204-768x1142.png 768w, https:\/\/laserbiomedic.com\/wp-content\/uploads\/2024\/06\/Group-9204-1033x1536.png 1033w, https:\/\/laserbiomedic.com\/wp-content\/uploads\/2024\/06\/Group-9204-8x12.png 8w\" sizes=\"(max-width: 1358px) 100vw, 1358px\" \/>\t\t\t\t\t\t\t\t\t\t\t\t\t\t\t<\/div>\n\t\t\t\t<\/div>\n\t\t\t\t<\/div>\n\t\t\t\t\t<\/div>\n\t\t\t\t<\/div>\n\t\t<div class=\"elementor-element elementor-element-56cbfa7e e-flex e-con-boxed e-con e-parent\" data-id=\"56cbfa7e\" data-element_type=\"container\" data-e-type=\"container\">\n\t\t\t\t\t<div class=\"e-con-inner\">\n\t\t\t\t<div class=\"elementor-element elementor-element-26a69b5d elementor-widget elementor-widget-button\" data-id=\"26a69b5d\" data-element_type=\"widget\" data-e-type=\"widget\" data-widget_type=\"button.default\">\n\t\t\t\t<div class=\"elementor-widget-container\">\n\t\t\t\t\t\t\t\t\t<div class=\"elementor-button-wrapper\">\n\t\t\t\t\t<a class=\"elementor-button elementor-button-link elementor-size-sm elementor-animation-grow\" href=\"http:\/\/wa.link\/enzn9z\">\n\t\t\t\t\t\t<span class=\"elementor-button-content-wrapper\">\n\t\t\t\t\t\t\t\t\t<span class=\"elementor-button-text\">SOLICITAR INFORMACION<\/span>\n\t\t\t\t\t<\/span>\n\t\t\t\t\t<\/a>\n\t\t\t\t<\/div>\n\t\t\t\t\t\t\t\t<\/div>\n\t\t\t\t<\/div>\n\t\t\t\t\t<\/div>\n\t\t\t\t<\/div>\n\t\t<div class=\"elementor-element elementor-element-538ed0b4 e-con-full e-flex e-con e-parent\" data-id=\"538ed0b4\" data-element_type=\"container\" data-e-type=\"container\">\n\t\t\t\t<div class=\"elementor-element elementor-element-f30f9f2 elementor-widget elementor-widget-heading\" data-id=\"f30f9f2\" data-element_type=\"widget\" data-e-type=\"widget\" data-widget_type=\"heading.default\">\n\t\t\t\t<div class=\"elementor-widget-container\">\n\t\t\t\t\t<h2 class=\"elementor-heading-title elementor-size-default\">INN0VADORA SOLUCI\u00d3N EN MICROAGUJAS \nY <br>PLASMA<\/h2>\t\t\t\t<\/div>\n\t\t\t\t<\/div>\n\t\t\t\t<div class=\"elementor-element elementor-element-6ff03421 elementor-widget elementor-widget-image\" data-id=\"6ff03421\" data-element_type=\"widget\" data-e-type=\"widget\" data-widget_type=\"image.default\">\n\t\t\t\t<div class=\"elementor-widget-container\">\n\t\t\t\t\t\t\t\t\t\t\t\t\t\t\t<img decoding=\"async\" width=\"1998\" height=\"926\" src=\"https:\/\/laserbiomedic.com\/wp-content\/uploads\/2024\/06\/image-100.png\" class=\"attachment-full size-full wp-image-939\" alt=\"\" srcset=\"https:\/\/laserbiomedic.com\/wp-content\/uploads\/2024\/06\/image-100.png 1998w, https:\/\/laserbiomedic.com\/wp-content\/uploads\/2024\/06\/image-100-300x139.png 300w, https:\/\/laserbiomedic.com\/wp-content\/uploads\/2024\/06\/image-100-1024x475.png 1024w, https:\/\/laserbiomedic.com\/wp-content\/uploads\/2024\/06\/image-100-768x356.png 768w, https:\/\/laserbiomedic.com\/wp-content\/uploads\/2024\/06\/image-100-1536x712.png 1536w, https:\/\/laserbiomedic.com\/wp-content\/uploads\/2024\/06\/image-100-18x8.png 18w\" sizes=\"(max-width: 1998px) 100vw, 1998px\" \/>\t\t\t\t\t\t\t\t\t\t\t\t\t\t\t<\/div>\n\t\t\t\t<\/div>\n\t\t\t\t<\/div>\n\t\t<div class=\"elementor-element elementor-element-246559ed e-flex e-con-boxed e-con e-parent\" data-id=\"246559ed\" data-element_type=\"container\" data-e-type=\"container\">\n\t\t\t\t\t<div class=\"e-con-inner\">\n\t\t\t\t<div class=\"elementor-element elementor-element-590bbfb1 elementor-widget elementor-widget-heading\" data-id=\"590bbfb1\" data-element_type=\"widget\" data-e-type=\"widget\" data-widget_type=\"heading.default\">\n\t\t\t\t<div class=\"elementor-widget-container\">\n\t\t\t\t\t<h2 class=\"elementor-heading-title elementor-size-default\">SOLUCI\u00d3N TOTAL RF<\/h2>\t\t\t\t<\/div>\n\t\t\t\t<\/div>\n\t\t\t\t<div class=\"elementor-element elementor-element-504f6383 elementor-widget elementor-widget-text-editor\" data-id=\"504f6383\" data-element_type=\"widget\" data-e-type=\"widget\" data-widget_type=\"text-editor.default\">\n\t\t\t\t<div class=\"elementor-widget-container\">\n\t\t\t\t\t\t\t\t\t<p>Silkro es un dispositivo que proporciona varias soluciones de RF a trav\u00e9s de 4 piezas de mano diferentes.<br \/><br \/>Puede maximizar el efecto sin\u00e9rgico del tratamiento de la piel desde la epidermis hasta la dermis y ofrece resultados \u00f3ptimos como acn\u00e9, arrugas, estiramiento y rejuvenecimiento de la piel en general.<\/p>\t\t\t\t\t\t\t\t<\/div>\n\t\t\t\t<\/div>\n\t\t\t\t<div class=\"elementor-element elementor-element-18a7a0ef elementor-widget elementor-widget-image\" data-id=\"18a7a0ef\" data-element_type=\"widget\" data-e-type=\"widget\" data-widget_type=\"image.default\">\n\t\t\t\t<div class=\"elementor-widget-container\">\n\t\t\t\t\t\t\t\t\t\t\t\t\t\t\t<img loading=\"lazy\" decoding=\"async\" width=\"1434\" height=\"478\" src=\"https:\/\/laserbiomedic.com\/wp-content\/uploads\/2024\/06\/SIRO-1.png\" class=\"attachment-full size-full wp-image-938\" alt=\"\" srcset=\"https:\/\/laserbiomedic.com\/wp-content\/uploads\/2024\/06\/SIRO-1.png 1434w, https:\/\/laserbiomedic.com\/wp-content\/uploads\/2024\/06\/SIRO-1-300x100.png 300w, https:\/\/laserbiomedic.com\/wp-content\/uploads\/2024\/06\/SIRO-1-1024x341.png 1024w, https:\/\/laserbiomedic.com\/wp-content\/uploads\/2024\/06\/SIRO-1-768x256.png 768w, https:\/\/laserbiomedic.com\/wp-content\/uploads\/2024\/06\/SIRO-1-18x6.png 18w\" sizes=\"(max-width: 1434px) 100vw, 1434px\" \/>\t\t\t\t\t\t\t\t\t\t\t\t\t\t\t<\/div>\n\t\t\t\t<\/div>\n\t\t\t\t<div class=\"elementor-element elementor-element-e8906ed elementor-widget elementor-widget-image\" data-id=\"e8906ed\" data-element_type=\"widget\" data-e-type=\"widget\" data-widget_type=\"image.default\">\n\t\t\t\t<div class=\"elementor-widget-container\">\n\t\t\t\t\t\t\t\t\t\t\t\t\t\t\t<img loading=\"lazy\" decoding=\"async\" width=\"1493\" height=\"503\" src=\"https:\/\/laserbiomedic.com\/wp-content\/uploads\/2024\/06\/SIRO-2-1.png\" class=\"attachment-full size-full wp-image-937\" alt=\"\" srcset=\"https:\/\/laserbiomedic.com\/wp-content\/uploads\/2024\/06\/SIRO-2-1.png 1493w, https:\/\/laserbiomedic.com\/wp-content\/uploads\/2024\/06\/SIRO-2-1-300x101.png 300w, https:\/\/laserbiomedic.com\/wp-content\/uploads\/2024\/06\/SIRO-2-1-1024x345.png 1024w, https:\/\/laserbiomedic.com\/wp-content\/uploads\/2024\/06\/SIRO-2-1-768x259.png 768w, https:\/\/laserbiomedic.com\/wp-content\/uploads\/2024\/06\/SIRO-2-1-18x6.png 18w\" sizes=\"(max-width: 1493px) 100vw, 1493px\" \/>\t\t\t\t\t\t\t\t\t\t\t\t\t\t\t<\/div>\n\t\t\t\t<\/div>\n\t\t\t\t\t<\/div>\n\t\t\t\t<\/div>\n\t\t<div class=\"elementor-element elementor-element-3167f4fa e-flex e-con-boxed e-con e-parent\" data-id=\"3167f4fa\" data-element_type=\"container\" data-e-type=\"container\">\n\t\t\t\t\t<div class=\"e-con-inner\">\n\t\t\t\t<div class=\"elementor-element elementor-element-2d73406e elementor-widget elementor-widget-heading\" data-id=\"2d73406e\" data-element_type=\"widget\" data-e-type=\"widget\" data-widget_type=\"heading.default\">\n\t\t\t\t<div class=\"elementor-widget-container\">\n\t\t\t\t\t<h2 class=\"elementor-heading-title elementor-size-default\">Equipo Todo en 1, soluci\u00f3n tecnol\u00f3gica <br>en RF con 5 piezas de mano<\/h2>\t\t\t\t<\/div>\n\t\t\t\t<\/div>\n\t\t\t\t<div class=\"elementor-element elementor-element-2f4d55fa elementor-widget elementor-widget-image\" data-id=\"2f4d55fa\" data-element_type=\"widget\" data-e-type=\"widget\" data-widget_type=\"image.default\">\n\t\t\t\t<div class=\"elementor-widget-container\">\n\t\t\t\t\t\t\t\t\t\t\t\t\t\t\t<img loading=\"lazy\" decoding=\"async\" width=\"1998\" height=\"2116\" src=\"https:\/\/laserbiomedic.com\/wp-content\/uploads\/2024\/06\/image-101.png\" class=\"attachment-full size-full wp-image-936\" alt=\"\" srcset=\"https:\/\/laserbiomedic.com\/wp-content\/uploads\/2024\/06\/image-101.png 1998w, https:\/\/laserbiomedic.com\/wp-content\/uploads\/2024\/06\/image-101-283x300.png 283w, https:\/\/laserbiomedic.com\/wp-content\/uploads\/2024\/06\/image-101-967x1024.png 967w, https:\/\/laserbiomedic.com\/wp-content\/uploads\/2024\/06\/image-101-768x813.png 768w, https:\/\/laserbiomedic.com\/wp-content\/uploads\/2024\/06\/image-101-1450x1536.png 1450w, https:\/\/laserbiomedic.com\/wp-content\/uploads\/2024\/06\/image-101-1934x2048.png 1934w, https:\/\/laserbiomedic.com\/wp-content\/uploads\/2024\/06\/image-101-11x12.png 11w\" sizes=\"(max-width: 1998px) 100vw, 1998px\" \/>\t\t\t\t\t\t\t\t\t\t\t\t\t\t\t<\/div>\n\t\t\t\t<\/div>\n\t\t\t\t<div class=\"elementor-element elementor-element-b2eb429 elementor-widget elementor-widget-image\" data-id=\"b2eb429\" data-element_type=\"widget\" data-e-type=\"widget\" data-widget_type=\"image.default\">\n\t\t\t\t<div class=\"elementor-widget-container\">\n\t\t\t\t\t\t\t\t\t\t\t\t\t\t\t<img loading=\"lazy\" decoding=\"async\" width=\"1998\" height=\"2433\" src=\"https:\/\/laserbiomedic.com\/wp-content\/uploads\/2024\/06\/image-102.png\" class=\"attachment-full size-full wp-image-935\" alt=\"\" srcset=\"https:\/\/laserbiomedic.com\/wp-content\/uploads\/2024\/06\/image-102.png 1998w, https:\/\/laserbiomedic.com\/wp-content\/uploads\/2024\/06\/image-102-246x300.png 246w, https:\/\/laserbiomedic.com\/wp-content\/uploads\/2024\/06\/image-102-841x1024.png 841w, https:\/\/laserbiomedic.com\/wp-content\/uploads\/2024\/06\/image-102-768x935.png 768w, https:\/\/laserbiomedic.com\/wp-content\/uploads\/2024\/06\/image-102-1261x1536.png 1261w, https:\/\/laserbiomedic.com\/wp-content\/uploads\/2024\/06\/image-102-1682x2048.png 1682w, https:\/\/laserbiomedic.com\/wp-content\/uploads\/2024\/06\/image-102-10x12.png 10w\" sizes=\"(max-width: 1998px) 100vw, 1998px\" \/>\t\t\t\t\t\t\t\t\t\t\t\t\t\t\t<\/div>\n\t\t\t\t<\/div>\n\t\t\t\t<div class=\"elementor-element elementor-element-69d0af38 elementor-widget elementor-widget-heading\" data-id=\"69d0af38\" data-element_type=\"widget\" data-e-type=\"widget\" data-widget_type=\"heading.default\">\n\t\t\t\t<div class=\"elementor-widget-container\">\n\t\t\t\t\t<h2 class=\"elementor-heading-title elementor-size-default\">informaci\u00f3n t\u00e9cnica\n<\/h2>\t\t\t\t<\/div>\n\t\t\t\t<\/div>\n\t\t\t\t<div class=\"elementor-element elementor-element-4c30d441 elementor-widget elementor-widget-image\" data-id=\"4c30d441\" data-element_type=\"widget\" data-e-type=\"widget\" data-widget_type=\"image.default\">\n\t\t\t\t<div class=\"elementor-widget-container\">\n\t\t\t\t\t\t\t\t\t\t\t\t\t\t\t<img loading=\"lazy\" decoding=\"async\" width=\"1620\" height=\"1405\" src=\"https:\/\/laserbiomedic.com\/wp-content\/uploads\/2024\/06\/image-103.png\" class=\"attachment-full size-full wp-image-934\" alt=\"\" srcset=\"https:\/\/laserbiomedic.com\/wp-content\/uploads\/2024\/06\/image-103.png 1620w, https:\/\/laserbiomedic.com\/wp-content\/uploads\/2024\/06\/image-103-300x260.png 300w, https:\/\/laserbiomedic.com\/wp-content\/uploads\/2024\/06\/image-103-1024x888.png 1024w, https:\/\/laserbiomedic.com\/wp-content\/uploads\/2024\/06\/image-103-768x666.png 768w, https:\/\/laserbiomedic.com\/wp-content\/uploads\/2024\/06\/image-103-1536x1332.png 1536w, https:\/\/laserbiomedic.com\/wp-content\/uploads\/2024\/06\/image-103-14x12.png 14w\" sizes=\"(max-width: 1620px) 100vw, 1620px\" \/>\t\t\t\t\t\t\t\t\t\t\t\t\t\t\t<\/div>\n\t\t\t\t<\/div>\n\t\t\t\t<div class=\"elementor-element elementor-element-35050ff7 elementor-widget elementor-widget-heading\" data-id=\"35050ff7\" data-element_type=\"widget\" data-e-type=\"widget\" data-widget_type=\"heading.default\">\n\t\t\t\t<div class=\"elementor-widget-container\">\n\t\t\t\t\t<h2 class=\"elementor-heading-title elementor-size-default\">RESULTADOS<\/h2>\t\t\t\t<\/div>\n\t\t\t\t<\/div>\n\t\t\t\t<div class=\"elementor-element elementor-element-3118c838 elementor-widget elementor-widget-image\" data-id=\"3118c838\" data-element_type=\"widget\" data-e-type=\"widget\" data-widget_type=\"image.default\">\n\t\t\t\t<div class=\"elementor-widget-container\">\n\t\t\t\t\t\t\t\t\t\t\t\t\t\t\t<img loading=\"lazy\" decoding=\"async\" width=\"1646\" height=\"864\" src=\"https:\/\/laserbiomedic.com\/wp-content\/uploads\/2024\/06\/image-104.png\" class=\"attachment-full size-full wp-image-933\" alt=\"\" srcset=\"https:\/\/laserbiomedic.com\/wp-content\/uploads\/2024\/06\/image-104.png 1646w, https:\/\/laserbiomedic.com\/wp-content\/uploads\/2024\/06\/image-104-300x157.png 300w, https:\/\/laserbiomedic.com\/wp-content\/uploads\/2024\/06\/image-104-1024x538.png 1024w, https:\/\/laserbiomedic.com\/wp-content\/uploads\/2024\/06\/image-104-768x403.png 768w, https:\/\/laserbiomedic.com\/wp-content\/uploads\/2024\/06\/image-104-1536x806.png 1536w, https:\/\/laserbiomedic.com\/wp-content\/uploads\/2024\/06\/image-104-18x9.png 18w\" sizes=\"(max-width: 1646px) 100vw, 1646px\" \/>\t\t\t\t\t\t\t\t\t\t\t\t\t\t\t<\/div>\n\t\t\t\t<\/div>\n\t\t\t\t<div class=\"elementor-element elementor-element-64d924aa elementor-widget elementor-widget-image\" data-id=\"64d924aa\" data-element_type=\"widget\" data-e-type=\"widget\" data-widget_type=\"image.default\">\n\t\t\t\t<div class=\"elementor-widget-container\">\n\t\t\t\t\t\t\t\t\t\t\t\t\t\t\t<img loading=\"lazy\" decoding=\"async\" width=\"1661\" height=\"872\" src=\"https:\/\/laserbiomedic.com\/wp-content\/uploads\/2024\/06\/image-105.png\" class=\"attachment-full size-full wp-image-932\" alt=\"\" srcset=\"https:\/\/laserbiomedic.com\/wp-content\/uploads\/2024\/06\/image-105.png 1661w, https:\/\/laserbiomedic.com\/wp-content\/uploads\/2024\/06\/image-105-300x157.png 300w, https:\/\/laserbiomedic.com\/wp-content\/uploads\/2024\/06\/image-105-1024x538.png 1024w, https:\/\/laserbiomedic.com\/wp-content\/uploads\/2024\/06\/image-105-768x403.png 768w, https:\/\/laserbiomedic.com\/wp-content\/uploads\/2024\/06\/image-105-1536x806.png 1536w, https:\/\/laserbiomedic.com\/wp-content\/uploads\/2024\/06\/image-105-18x9.png 18w\" sizes=\"(max-width: 1661px) 100vw, 1661px\" \/>\t\t\t\t\t\t\t\t\t\t\t\t\t\t\t<\/div>\n\t\t\t\t<\/div>\n\t\t\t\t<div class=\"elementor-element elementor-element-22339f1 elementor-widget elementor-widget-image\" data-id=\"22339f1\" data-element_type=\"widget\" data-e-type=\"widget\" data-widget_type=\"image.default\">\n\t\t\t\t<div class=\"elementor-widget-container\">\n\t\t\t\t\t\t\t\t\t\t\t\t\t\t\t<img loading=\"lazy\" decoding=\"async\" width=\"1633\" height=\"857\" src=\"https:\/\/laserbiomedic.com\/wp-content\/uploads\/2024\/06\/image-106.png\" class=\"attachment-full size-full wp-image-931\" alt=\"\" srcset=\"https:\/\/laserbiomedic.com\/wp-content\/uploads\/2024\/06\/image-106.png 1633w, https:\/\/laserbiomedic.com\/wp-content\/uploads\/2024\/06\/image-106-300x157.png 300w, https:\/\/laserbiomedic.com\/wp-content\/uploads\/2024\/06\/image-106-1024x537.png 1024w, https:\/\/laserbiomedic.com\/wp-content\/uploads\/2024\/06\/image-106-768x403.png 768w, https:\/\/laserbiomedic.com\/wp-content\/uploads\/2024\/06\/image-106-1536x806.png 1536w, https:\/\/laserbiomedic.com\/wp-content\/uploads\/2024\/06\/image-106-18x9.png 18w\" sizes=\"(max-width: 1633px) 100vw, 1633px\" \/>\t\t\t\t\t\t\t\t\t\t\t\t\t\t\t<\/div>\n\t\t\t\t<\/div>\n\t\t\t\t<div class=\"elementor-element elementor-element-47fe98cf elementor-widget elementor-widget-image\" data-id=\"47fe98cf\" data-element_type=\"widget\" data-e-type=\"widget\" data-widget_type=\"image.default\">\n\t\t\t\t<div class=\"elementor-widget-container\">\n\t\t\t\t\t\t\t\t\t\t\t\t\t\t\t<img loading=\"lazy\" decoding=\"async\" width=\"1644\" height=\"1441\" src=\"https:\/\/laserbiomedic.com\/wp-content\/uploads\/2024\/06\/image-107.png\" class=\"attachment-full size-full wp-image-930\" alt=\"\" srcset=\"https:\/\/laserbiomedic.com\/wp-content\/uploads\/2024\/06\/image-107.png 1644w, https:\/\/laserbiomedic.com\/wp-content\/uploads\/2024\/06\/image-107-300x263.png 300w, https:\/\/laserbiomedic.com\/wp-content\/uploads\/2024\/06\/image-107-1024x898.png 1024w, https:\/\/laserbiomedic.com\/wp-content\/uploads\/2024\/06\/image-107-768x673.png 768w, https:\/\/laserbiomedic.com\/wp-content\/uploads\/2024\/06\/image-107-1536x1346.png 1536w, https:\/\/laserbiomedic.com\/wp-content\/uploads\/2024\/06\/image-107-14x12.png 14w\" sizes=\"(max-width: 1644px) 100vw, 1644px\" \/>\t\t\t\t\t\t\t\t\t\t\t\t\t\t\t<\/div>\n\t\t\t\t<\/div>\n\t\t\t\t<div class=\"elementor-element elementor-element-abff984 elementor-align-center elementor-widget elementor-widget-button\" data-id=\"abff984\" data-element_type=\"widget\" data-e-type=\"widget\" data-widget_type=\"button.default\">\n\t\t\t\t<div class=\"elementor-widget-container\">\n\t\t\t\t\t\t\t\t\t<div class=\"elementor-button-wrapper\">\n\t\t\t\t\t<a class=\"elementor-button elementor-button-link elementor-size-sm elementor-animation-grow\" href=\"http:\/\/wa.link\/enzn9z\">\n\t\t\t\t\t\t<span class=\"elementor-button-content-wrapper\">\n\t\t\t\t\t\t\t\t\t<span class=\"elementor-button-text\">SOLICITAR INFORMACION<\/span>\n\t\t\t\t\t<\/span>\n\t\t\t\t\t<\/a>\n\t\t\t\t<\/div>\n\t\t\t\t\t\t\t\t<\/div>\n\t\t\t\t<\/div>\n\t\t\t\t\t<\/div>\n\t\t\t\t<\/div>\n\t\t<div class=\"elementor-element elementor-element-42ca355e e-flex e-con-boxed elementor-invisible e-con e-parent\" data-id=\"42ca355e\" data-element_type=\"container\" data-e-type=\"container\" data-settings=\"{&quot;animation&quot;:&quot;fadeInUp&quot;}\">\n\t\t\t\t\t<div class=\"e-con-inner\">\n\t\t\t\t<div class=\"elementor-element elementor-element-72aac2d6 elementor-widget elementor-widget-heading\" data-id=\"72aac2d6\" data-element_type=\"widget\" data-e-type=\"widget\" data-widget_type=\"heading.default\">\n\t\t\t\t<div class=\"elementor-widget-container\">\n\t\t\t\t\t<h2 class=\"elementor-heading-title elementor-size-default\">CONT\u00c1CTANOS<\/h2>\t\t\t\t<\/div>\n\t\t\t\t<\/div>\n\t\t\t\t<div class=\"elementor-element elementor-element-36537164 elementor-widget-divider--view-line elementor-widget elementor-widget-divider\" data-id=\"36537164\" data-element_type=\"widget\" data-e-type=\"widget\" data-widget_type=\"divider.default\">\n\t\t\t\t<div class=\"elementor-widget-container\">\n\t\t\t\t\t\t\t<div class=\"elementor-divider\">\n\t\t\t<span class=\"elementor-divider-separator\">\n\t\t\t\t\t\t<\/span>\n\t\t<\/div>\n\t\t\t\t\t\t<\/div>\n\t\t\t\t<\/div>\n\t\t\t\t<div class=\"elementor-element elementor-element-153e8817 elementor-button-align-center elementor-widget elementor-widget-form\" data-id=\"153e8817\" data-element_type=\"widget\" data-e-type=\"widget\" data-settings=\"{&quot;step_next_label&quot;:&quot;Next&quot;,&quot;step_previous_label&quot;:&quot;Previous&quot;,&quot;button_width&quot;:&quot;100&quot;,&quot;step_type&quot;:&quot;number_text&quot;,&quot;step_icon_shape&quot;:&quot;circle&quot;}\" data-widget_type=\"form.default\">\n\t\t\t\t<div class=\"elementor-widget-container\">\n\t\t\t\t\t\t\t<form class=\"elementor-form\" method=\"post\" name=\"Laser Biomedic Contact\">\n\t\t\t<input type=\"hidden\" name=\"post_id\" value=\"511\"\/>\n\t\t\t<input type=\"hidden\" name=\"form_id\" value=\"153e8817\"\/>\n\t\t\t<input type=\"hidden\" name=\"referer_title\" value=\"Silkro Rf\" \/>\n\n\t\t\t\t\t\t\t<input type=\"hidden\" name=\"queried_id\" value=\"511\"\/>\n\t\t\t\n\t\t\t<div class=\"elementor-form-fields-wrapper elementor-labels-above\">\n\t\t\t\t\t\t\t\t<div class=\"elementor-field-type-textarea elementor-field-group elementor-column elementor-field-group-message elementor-col-100 elementor-field-required elementor-mark-required\">\n\t\t\t\t\t\t\t\t\t\t\t\t<label for=\"form-field-message\" class=\"elementor-field-label\">\n\t\t\t\t\t\t\t\t\u00bfC\u00d3MO PODEMOS AYUDARTE?\t\t\t\t\t\t\t<\/label>\n\t\t\t\t\t\t<textarea class=\"elementor-field-textual elementor-field  elementor-size-xs\" name=\"form_fields[message]\" id=\"form-field-message\" rows=\"4\" required=\"required\" aria-required=\"true\"><\/textarea>\t\t\t\t<\/div>\n\t\t\t\t\t\t\t\t<div class=\"elementor-field-type-text elementor-field-group elementor-column elementor-field-group-name elementor-col-50 elementor-field-required elementor-mark-required\">\n\t\t\t\t\t\t\t\t\t\t\t\t<label for=\"form-field-name\" class=\"elementor-field-label\">\n\t\t\t\t\t\t\t\tNOMBRE\t\t\t\t\t\t\t<\/label>\n\t\t\t\t\t\t\t\t\t\t\t\t\t\t<input size=\"1\" type=\"text\" name=\"form_fields[name]\" id=\"form-field-name\" class=\"elementor-field elementor-size-xs  elementor-field-textual\" required=\"required\" aria-required=\"true\">\n\t\t\t\t\t\t\t\t\t\t\t<\/div>\n\t\t\t\t\t\t\t\t<div class=\"elementor-field-type-email elementor-field-group elementor-column elementor-field-group-email elementor-col-50 elementor-field-required elementor-mark-required\">\n\t\t\t\t\t\t\t\t\t\t\t\t<label for=\"form-field-email\" class=\"elementor-field-label\">\n\t\t\t\t\t\t\t\tCORREO ELECTR\u00d3NICO\t\t\t\t\t\t\t<\/label>\n\t\t\t\t\t\t\t\t\t\t\t\t\t\t<input size=\"1\" type=\"email\" name=\"form_fields[email]\" id=\"form-field-email\" class=\"elementor-field elementor-size-xs  elementor-field-textual\" required=\"required\" aria-required=\"true\">\n\t\t\t\t\t\t\t\t\t\t\t<\/div>\n\t\t\t\t\t\t\t\t<div class=\"elementor-field-type-tel elementor-field-group elementor-column elementor-field-group-field_7c42165 elementor-col-100 elementor-field-required elementor-mark-required\">\n\t\t\t\t\t\t\t\t\t\t\t\t<label for=\"form-field-field_7c42165\" class=\"elementor-field-label\">\n\t\t\t\t\t\t\t\tTEL\u00c9FONO\t\t\t\t\t\t\t<\/label>\n\t\t\t\t\t\t\t\t<input size=\"1\" type=\"tel\" name=\"form_fields[field_7c42165]\" id=\"form-field-field_7c42165\" class=\"elementor-field elementor-size-xs  elementor-field-textual\" required=\"required\" aria-required=\"true\" pattern=\"[0-9()#&amp;+*-=.]+\" title=\"Only numbers and phone characters (#, -, *, etc) are accepted.\">\n\n\t\t\t\t\t\t<\/div>\n\t\t\t\t\t\t\t\t<div class=\"elementor-field-group elementor-column elementor-field-type-submit elementor-col-100 e-form__buttons\">\n\t\t\t\t\t<button class=\"elementor-button elementor-size-sm elementor-animation-grow\" type=\"submit\">\n\t\t\t\t\t\t<span class=\"elementor-button-content-wrapper\">\n\t\t\t\t\t\t\t\t\t\t\t\t\t\t\t\t\t\t\t\t\t\t<span class=\"elementor-button-text\">Enviar<\/span>\n\t\t\t\t\t\t\t\t\t\t\t\t\t<\/span>\n\t\t\t\t\t<\/button>\n\t\t\t\t<\/div>\n\t\t\t<\/div>\n\t\t<\/form>\n\t\t\t\t\t\t<\/div>\n\t\t\t\t<\/div>\n\t\t\t\t\t<\/div>\n\t\t\t\t<\/div>\n\t\t\t\t<\/div>\n\t\t","protected":false},"excerpt":{"rendered":"<p>SILKRO RF SOLICITAR INFORMACION INN0VADORA SOLUCI\u00d3N EN MICROAGUJAS Y PLASMA SOLUCI\u00d3N TOTAL RF Silkro es un dispositivo que proporciona varias soluciones de RF a trav\u00e9s de 4 piezas de mano diferentes. Puede maximizar el efecto sin\u00e9rgico del tratamiento de la piel desde la epidermis hasta la dermis y ofrece resultados \u00f3ptimos como acn\u00e9, arrugas, estiramiento [&hellip;]<\/p>\n","protected":false},"author":1,"featured_media":0,"parent":0,"menu_order":0,"comment_status":"closed","ping_status":"closed","template":"","meta":{"footnotes":""},"class_list":["post-511","page","type-page","status-publish","hentry"],"_links":{"self":[{"href":"https:\/\/laserbiomedic.com\/en\/wp-json\/wp\/v2\/pages\/511","targetHints":{"allow":["GET"]}}],"collection":[{"href":"https:\/\/laserbiomedic.com\/en\/wp-json\/wp\/v2\/pages"}],"about":[{"href":"https:\/\/laserbiomedic.com\/en\/wp-json\/wp\/v2\/types\/page"}],"author":[{"embeddable":true,"href":"https:\/\/laserbiomedic.com\/en\/wp-json\/wp\/v2\/users\/1"}],"replies":[{"embeddable":true,"href":"https:\/\/laserbiomedic.com\/en\/wp-json\/wp\/v2\/comments?post=511"}],"version-history":[{"count":37,"href":"https:\/\/laserbiomedic.com\/en\/wp-json\/wp\/v2\/pages\/511\/revisions"}],"predecessor-version":[{"id":1449,"href":"https:\/\/laserbiomedic.com\/en\/wp-json\/wp\/v2\/pages\/511\/revisions\/1449"}],"wp:attachment":[{"href":"https:\/\/laserbiomedic.com\/en\/wp-json\/wp\/v2\/media?parent=511"}],"curies":[{"name":"wp","href":"https:\/\/api.w.org\/{rel}","templated":true}]}}