{"id":466,"date":"2024-06-07T05:02:57","date_gmt":"2024-06-07T05:02:57","guid":{"rendered":"https:\/\/laserbiomedic.com\/?page_id=466"},"modified":"2024-07-06T00:27:24","modified_gmt":"2024-07-06T00:27:24","slug":"doublo-gold-mfu","status":"publish","type":"page","link":"https:\/\/laserbiomedic.com\/en\/doublo-gold-mfu\/","title":{"rendered":"Doublo Gold Mfu"},"content":{"rendered":"\t\t<div data-elementor-type=\"wp-page\" data-elementor-id=\"466\" class=\"elementor elementor-466\" data-elementor-post-type=\"page\">\n\t\t\t\t<div class=\"elementor-element elementor-element-1e3e7ddf e-con-full e-flex e-con e-parent\" data-id=\"1e3e7ddf\" data-element_type=\"container\" data-e-type=\"container\">\n\t\t\t\t<div class=\"elementor-element elementor-element-671d82cf elementor-widget elementor-widget-image\" data-id=\"671d82cf\" data-element_type=\"widget\" data-e-type=\"widget\" data-widget_type=\"image.default\">\n\t\t\t\t<div class=\"elementor-widget-container\">\n\t\t\t\t\t\t\t\t\t\t\t\t\t\t\t<img fetchpriority=\"high\" decoding=\"async\" width=\"1993\" height=\"806\" src=\"https:\/\/laserbiomedic.com\/wp-content\/uploads\/2024\/06\/BIOMEDIC-MASSSNUAL-DE-IDENTIDAD-1.png\" class=\"attachment-full size-full wp-image-1314\" alt=\"\" srcset=\"https:\/\/laserbiomedic.com\/wp-content\/uploads\/2024\/06\/BIOMEDIC-MASSSNUAL-DE-IDENTIDAD-1.png 1993w, https:\/\/laserbiomedic.com\/wp-content\/uploads\/2024\/06\/BIOMEDIC-MASSSNUAL-DE-IDENTIDAD-1-300x121.png 300w, https:\/\/laserbiomedic.com\/wp-content\/uploads\/2024\/06\/BIOMEDIC-MASSSNUAL-DE-IDENTIDAD-1-1024x414.png 1024w, https:\/\/laserbiomedic.com\/wp-content\/uploads\/2024\/06\/BIOMEDIC-MASSSNUAL-DE-IDENTIDAD-1-768x311.png 768w, https:\/\/laserbiomedic.com\/wp-content\/uploads\/2024\/06\/BIOMEDIC-MASSSNUAL-DE-IDENTIDAD-1-1536x621.png 1536w, https:\/\/laserbiomedic.com\/wp-content\/uploads\/2024\/06\/BIOMEDIC-MASSSNUAL-DE-IDENTIDAD-1-18x7.png 18w\" sizes=\"(max-width: 1993px) 100vw, 1993px\" \/>\t\t\t\t\t\t\t\t\t\t\t\t\t\t\t<\/div>\n\t\t\t\t<\/div>\n\t\t\t\t<\/div>\n\t\t<div class=\"elementor-element elementor-element-6ab11d0c e-flex e-con-boxed e-con e-parent\" data-id=\"6ab11d0c\" data-element_type=\"container\" data-e-type=\"container\">\n\t\t\t\t\t<div class=\"e-con-inner\">\n\t\t\t\t<div class=\"elementor-element elementor-element-780b8b92 elementor-widget elementor-widget-heading\" data-id=\"780b8b92\" data-element_type=\"widget\" data-e-type=\"widget\" data-widget_type=\"heading.default\">\n\t\t\t\t<div class=\"elementor-widget-container\">\n\t\t\t\t\t<h2 class=\"elementor-heading-title elementor-size-default\">DOUBLO GOLD MFU<\/h2>\t\t\t\t<\/div>\n\t\t\t\t<\/div>\n\t\t\t\t\t<\/div>\n\t\t\t\t<\/div>\n\t\t<div class=\"elementor-element elementor-element-2dc2c316 e-flex e-con-boxed e-con e-parent\" data-id=\"2dc2c316\" data-element_type=\"container\" data-e-type=\"container\">\n\t\t\t\t\t<div class=\"e-con-inner\">\n\t\t<div class=\"elementor-element elementor-element-108168cd e-con-full e-flex e-con e-child\" data-id=\"108168cd\" data-element_type=\"container\" data-e-type=\"container\">\n\t\t\t\t<div class=\"elementor-element elementor-element-5cb93a12 elementor-widget elementor-widget-image\" data-id=\"5cb93a12\" data-element_type=\"widget\" data-e-type=\"widget\" data-widget_type=\"image.default\">\n\t\t\t\t<div class=\"elementor-widget-container\">\n\t\t\t\t\t\t\t\t\t\t\t\t\t\t\t<img decoding=\"async\" width=\"1744\" height=\"1691\" src=\"https:\/\/laserbiomedic.com\/wp-content\/uploads\/2024\/06\/Group-9202.png\" class=\"elementor-animation-grow attachment-full size-full wp-image-906\" alt=\"\" srcset=\"https:\/\/laserbiomedic.com\/wp-content\/uploads\/2024\/06\/Group-9202.png 1744w, https:\/\/laserbiomedic.com\/wp-content\/uploads\/2024\/06\/Group-9202-300x291.png 300w, https:\/\/laserbiomedic.com\/wp-content\/uploads\/2024\/06\/Group-9202-1024x993.png 1024w, https:\/\/laserbiomedic.com\/wp-content\/uploads\/2024\/06\/Group-9202-768x745.png 768w, https:\/\/laserbiomedic.com\/wp-content\/uploads\/2024\/06\/Group-9202-1536x1489.png 1536w, https:\/\/laserbiomedic.com\/wp-content\/uploads\/2024\/06\/Group-9202-12x12.png 12w\" sizes=\"(max-width: 1744px) 100vw, 1744px\" \/>\t\t\t\t\t\t\t\t\t\t\t\t\t\t\t<\/div>\n\t\t\t\t<\/div>\n\t\t\t\t<\/div>\n\t\t\t\t\t<\/div>\n\t\t\t\t<\/div>\n\t\t<div class=\"elementor-element elementor-element-d28385d e-flex e-con-boxed e-con e-parent\" data-id=\"d28385d\" data-element_type=\"container\" data-e-type=\"container\">\n\t\t\t\t\t<div class=\"e-con-inner\">\n\t\t\t\t<div class=\"elementor-element elementor-element-79613e97 elementor-widget elementor-widget-button\" data-id=\"79613e97\" data-element_type=\"widget\" data-e-type=\"widget\" data-widget_type=\"button.default\">\n\t\t\t\t<div class=\"elementor-widget-container\">\n\t\t\t\t\t\t\t\t\t<div class=\"elementor-button-wrapper\">\n\t\t\t\t\t<a class=\"elementor-button elementor-button-link elementor-size-sm elementor-animation-grow\" href=\"http:\/\/wa.link\/enzn9z\">\n\t\t\t\t\t\t<span class=\"elementor-button-content-wrapper\">\n\t\t\t\t\t\t\t\t\t<span class=\"elementor-button-text\">SOLICITAR INFORMACION<\/span>\n\t\t\t\t\t<\/span>\n\t\t\t\t\t<\/a>\n\t\t\t\t<\/div>\n\t\t\t\t\t\t\t\t<\/div>\n\t\t\t\t<\/div>\n\t\t\t\t\t<\/div>\n\t\t\t\t<\/div>\n\t\t<div class=\"elementor-element elementor-element-5090d47d e-flex e-con-boxed e-con e-parent\" data-id=\"5090d47d\" data-element_type=\"container\" data-e-type=\"container\">\n\t\t\t\t\t<div class=\"e-con-inner\">\n\t\t\t\t<div class=\"elementor-element elementor-element-c3087ae elementor-widget elementor-widget-image\" data-id=\"c3087ae\" data-element_type=\"widget\" data-e-type=\"widget\" data-widget_type=\"image.default\">\n\t\t\t\t<div class=\"elementor-widget-container\">\n\t\t\t\t\t\t\t\t\t\t\t\t\t\t\t<img decoding=\"async\" width=\"1998\" height=\"1169\" src=\"https:\/\/laserbiomedic.com\/wp-content\/uploads\/2024\/06\/image-88.png\" class=\"attachment-full size-full wp-image-905\" alt=\"\" srcset=\"https:\/\/laserbiomedic.com\/wp-content\/uploads\/2024\/06\/image-88.png 1998w, https:\/\/laserbiomedic.com\/wp-content\/uploads\/2024\/06\/image-88-300x176.png 300w, https:\/\/laserbiomedic.com\/wp-content\/uploads\/2024\/06\/image-88-1024x599.png 1024w, https:\/\/laserbiomedic.com\/wp-content\/uploads\/2024\/06\/image-88-768x449.png 768w, https:\/\/laserbiomedic.com\/wp-content\/uploads\/2024\/06\/image-88-1536x899.png 1536w, https:\/\/laserbiomedic.com\/wp-content\/uploads\/2024\/06\/image-88-18x12.png 18w\" sizes=\"(max-width: 1998px) 100vw, 1998px\" \/>\t\t\t\t\t\t\t\t\t\t\t\t\t\t\t<\/div>\n\t\t\t\t<\/div>\n\t\t\t\t<div class=\"elementor-element elementor-element-f28486f elementor-widget elementor-widget-heading\" data-id=\"f28486f\" data-element_type=\"widget\" data-e-type=\"widget\" data-widget_type=\"heading.default\">\n\t\t\t\t<div class=\"elementor-widget-container\">\n\t\t\t\t\t<h2 class=\"elementor-heading-title elementor-size-default\">Con Funci\u00f3n Doble Lifting<\/h2>\t\t\t\t<\/div>\n\t\t\t\t<\/div>\n\t\t\t\t<div class=\"elementor-element elementor-element-39cb0bdf elementor-widget elementor-widget-text-editor\" data-id=\"39cb0bdf\" data-element_type=\"widget\" data-e-type=\"widget\" data-widget_type=\"text-editor.default\">\n\t\t\t\t<div class=\"elementor-widget-container\">\n\t\t\t\t\t\t\t\t\t<p>Alta estabilidad con precisi\u00f3n de coagulaci\u00f3n t\u00e9rmica a profundidades objetivas.<\/p><p>Varios cartuchos para indicaciones faciales como S7 (1.5mm), M7 (3.0mm) y D4 (4.5mm). Cartucho L4 (13mm) para procedimientos corporales.<\/p><p>Se puede complementar con otros tratamientos como RF, l\u00e1ser fraccional, botox y procedimientos de relleno, etc.<\/p>\t\t\t\t\t\t\t\t<\/div>\n\t\t\t\t<\/div>\n\t\t\t\t<div class=\"elementor-element elementor-element-462e1c5f elementor-widget elementor-widget-image\" data-id=\"462e1c5f\" data-element_type=\"widget\" data-e-type=\"widget\" data-widget_type=\"image.default\">\n\t\t\t\t<div class=\"elementor-widget-container\">\n\t\t\t\t\t\t\t\t\t\t\t\t\t\t\t<img loading=\"lazy\" decoding=\"async\" width=\"1764\" height=\"465\" src=\"https:\/\/laserbiomedic.com\/wp-content\/uploads\/2024\/06\/Captura-de-pantalla-2024-06-11-a-las-4.48-1.png\" class=\"attachment-full size-full wp-image-904\" alt=\"\" srcset=\"https:\/\/laserbiomedic.com\/wp-content\/uploads\/2024\/06\/Captura-de-pantalla-2024-06-11-a-las-4.48-1.png 1764w, https:\/\/laserbiomedic.com\/wp-content\/uploads\/2024\/06\/Captura-de-pantalla-2024-06-11-a-las-4.48-1-300x79.png 300w, https:\/\/laserbiomedic.com\/wp-content\/uploads\/2024\/06\/Captura-de-pantalla-2024-06-11-a-las-4.48-1-1024x270.png 1024w, https:\/\/laserbiomedic.com\/wp-content\/uploads\/2024\/06\/Captura-de-pantalla-2024-06-11-a-las-4.48-1-768x202.png 768w, https:\/\/laserbiomedic.com\/wp-content\/uploads\/2024\/06\/Captura-de-pantalla-2024-06-11-a-las-4.48-1-1536x405.png 1536w, https:\/\/laserbiomedic.com\/wp-content\/uploads\/2024\/06\/Captura-de-pantalla-2024-06-11-a-las-4.48-1-18x5.png 18w\" sizes=\"(max-width: 1764px) 100vw, 1764px\" \/>\t\t\t\t\t\t\t\t\t\t\t\t\t\t\t<\/div>\n\t\t\t\t<\/div>\n\t\t\t\t\t<\/div>\n\t\t\t\t<\/div>\n\t\t<div class=\"elementor-element elementor-element-19af0c99 e-flex e-con-boxed e-con e-parent\" data-id=\"19af0c99\" data-element_type=\"container\" data-e-type=\"container\">\n\t\t\t\t\t<div class=\"e-con-inner\">\n\t\t\t\t<div class=\"elementor-element elementor-element-2ae85015 elementor-widget elementor-widget-heading\" data-id=\"2ae85015\" data-element_type=\"widget\" data-e-type=\"widget\" data-widget_type=\"heading.default\">\n\t\t\t\t<div class=\"elementor-widget-container\">\n\t\t\t\t\t<h2 class=\"elementor-heading-title elementor-size-default\">C\u00f3modo sistema de activaci\u00f3n por  <br>medio del pedal o pieza de mano\n<\/h2>\t\t\t\t<\/div>\n\t\t\t\t<\/div>\n\t\t\t\t<div class=\"elementor-element elementor-element-2b40519a elementor-widget elementor-widget-image\" data-id=\"2b40519a\" data-element_type=\"widget\" data-e-type=\"widget\" data-widget_type=\"image.default\">\n\t\t\t\t<div class=\"elementor-widget-container\">\n\t\t\t\t\t\t\t\t\t\t\t\t\t\t\t<img loading=\"lazy\" decoding=\"async\" width=\"1764\" height=\"949\" src=\"https:\/\/laserbiomedic.com\/wp-content\/uploads\/2024\/06\/image-89.png\" class=\"attachment-full size-full wp-image-903\" alt=\"\" srcset=\"https:\/\/laserbiomedic.com\/wp-content\/uploads\/2024\/06\/image-89.png 1764w, https:\/\/laserbiomedic.com\/wp-content\/uploads\/2024\/06\/image-89-300x161.png 300w, https:\/\/laserbiomedic.com\/wp-content\/uploads\/2024\/06\/image-89-1024x551.png 1024w, https:\/\/laserbiomedic.com\/wp-content\/uploads\/2024\/06\/image-89-768x413.png 768w, https:\/\/laserbiomedic.com\/wp-content\/uploads\/2024\/06\/image-89-1536x826.png 1536w, https:\/\/laserbiomedic.com\/wp-content\/uploads\/2024\/06\/image-89-18x10.png 18w\" sizes=\"(max-width: 1764px) 100vw, 1764px\" \/>\t\t\t\t\t\t\t\t\t\t\t\t\t\t\t<\/div>\n\t\t\t\t<\/div>\n\t\t\t\t<div class=\"elementor-element elementor-element-3c04c135 elementor-widget elementor-widget-image\" data-id=\"3c04c135\" data-element_type=\"widget\" data-e-type=\"widget\" data-widget_type=\"image.default\">\n\t\t\t\t<div class=\"elementor-widget-container\">\n\t\t\t\t\t\t\t\t\t\t\t\t\t\t\t<img loading=\"lazy\" decoding=\"async\" width=\"1928\" height=\"1377\" src=\"https:\/\/laserbiomedic.com\/wp-content\/uploads\/2024\/06\/image-90.png\" class=\"attachment-full size-full wp-image-902\" alt=\"\" srcset=\"https:\/\/laserbiomedic.com\/wp-content\/uploads\/2024\/06\/image-90.png 1928w, https:\/\/laserbiomedic.com\/wp-content\/uploads\/2024\/06\/image-90-300x214.png 300w, https:\/\/laserbiomedic.com\/wp-content\/uploads\/2024\/06\/image-90-1024x731.png 1024w, https:\/\/laserbiomedic.com\/wp-content\/uploads\/2024\/06\/image-90-768x549.png 768w, https:\/\/laserbiomedic.com\/wp-content\/uploads\/2024\/06\/image-90-1536x1097.png 1536w, https:\/\/laserbiomedic.com\/wp-content\/uploads\/2024\/06\/image-90-18x12.png 18w\" sizes=\"(max-width: 1928px) 100vw, 1928px\" \/>\t\t\t\t\t\t\t\t\t\t\t\t\t\t\t<\/div>\n\t\t\t\t<\/div>\n\t\t\t\t<div class=\"elementor-element elementor-element-51b8de3d elementor-widget elementor-widget-heading\" data-id=\"51b8de3d\" data-element_type=\"widget\" data-e-type=\"widget\" data-widget_type=\"heading.default\">\n\t\t\t\t<div class=\"elementor-widget-container\">\n\t\t\t\t\t<h2 class=\"elementor-heading-title elementor-size-default\">informaci\u00f3n t\u00e9cnica\n<\/h2>\t\t\t\t<\/div>\n\t\t\t\t<\/div>\n\t\t\t\t<div class=\"elementor-element elementor-element-24c489e7 elementor-widget elementor-widget-image\" data-id=\"24c489e7\" data-element_type=\"widget\" data-e-type=\"widget\" data-widget_type=\"image.default\">\n\t\t\t\t<div class=\"elementor-widget-container\">\n\t\t\t\t\t\t\t\t\t\t\t\t\t\t\t<img loading=\"lazy\" decoding=\"async\" width=\"1887\" height=\"1421\" src=\"https:\/\/laserbiomedic.com\/wp-content\/uploads\/2024\/06\/image-92.png\" class=\"attachment-full size-full wp-image-901\" alt=\"\" srcset=\"https:\/\/laserbiomedic.com\/wp-content\/uploads\/2024\/06\/image-92.png 1887w, https:\/\/laserbiomedic.com\/wp-content\/uploads\/2024\/06\/image-92-300x226.png 300w, https:\/\/laserbiomedic.com\/wp-content\/uploads\/2024\/06\/image-92-1024x771.png 1024w, https:\/\/laserbiomedic.com\/wp-content\/uploads\/2024\/06\/image-92-768x578.png 768w, https:\/\/laserbiomedic.com\/wp-content\/uploads\/2024\/06\/image-92-1536x1157.png 1536w, https:\/\/laserbiomedic.com\/wp-content\/uploads\/2024\/06\/image-92-16x12.png 16w\" sizes=\"(max-width: 1887px) 100vw, 1887px\" \/>\t\t\t\t\t\t\t\t\t\t\t\t\t\t\t<\/div>\n\t\t\t\t<\/div>\n\t\t\t\t<div class=\"elementor-element elementor-element-97c42be elementor-widget elementor-widget-heading\" data-id=\"97c42be\" data-element_type=\"widget\" data-e-type=\"widget\" data-widget_type=\"heading.default\">\n\t\t\t\t<div class=\"elementor-widget-container\">\n\t\t\t\t\t<h2 class=\"elementor-heading-title elementor-size-default\">RESULTADOS<\/h2>\t\t\t\t<\/div>\n\t\t\t\t<\/div>\n\t\t\t\t<div class=\"elementor-element elementor-element-44f67a84 elementor-widget elementor-widget-image\" data-id=\"44f67a84\" data-element_type=\"widget\" data-e-type=\"widget\" data-widget_type=\"image.default\">\n\t\t\t\t<div class=\"elementor-widget-container\">\n\t\t\t\t\t\t\t\t\t\t\t\t\t\t\t<img loading=\"lazy\" decoding=\"async\" width=\"1617\" height=\"849\" src=\"https:\/\/laserbiomedic.com\/wp-content\/uploads\/2024\/06\/image-93.png\" class=\"attachment-full size-full wp-image-900\" alt=\"\" srcset=\"https:\/\/laserbiomedic.com\/wp-content\/uploads\/2024\/06\/image-93.png 1617w, https:\/\/laserbiomedic.com\/wp-content\/uploads\/2024\/06\/image-93-300x158.png 300w, https:\/\/laserbiomedic.com\/wp-content\/uploads\/2024\/06\/image-93-1024x538.png 1024w, https:\/\/laserbiomedic.com\/wp-content\/uploads\/2024\/06\/image-93-768x403.png 768w, https:\/\/laserbiomedic.com\/wp-content\/uploads\/2024\/06\/image-93-1536x806.png 1536w, https:\/\/laserbiomedic.com\/wp-content\/uploads\/2024\/06\/image-93-18x9.png 18w\" sizes=\"(max-width: 1617px) 100vw, 1617px\" \/>\t\t\t\t\t\t\t\t\t\t\t\t\t\t\t<\/div>\n\t\t\t\t<\/div>\n\t\t\t\t<div class=\"elementor-element elementor-element-3434c4a2 elementor-widget elementor-widget-image\" data-id=\"3434c4a2\" data-element_type=\"widget\" data-e-type=\"widget\" data-widget_type=\"image.default\">\n\t\t\t\t<div class=\"elementor-widget-container\">\n\t\t\t\t\t\t\t\t\t\t\t\t\t\t\t<img loading=\"lazy\" decoding=\"async\" width=\"1568\" height=\"823\" src=\"https:\/\/laserbiomedic.com\/wp-content\/uploads\/2024\/06\/image-94.png\" class=\"attachment-full size-full wp-image-899\" alt=\"\" srcset=\"https:\/\/laserbiomedic.com\/wp-content\/uploads\/2024\/06\/image-94.png 1568w, https:\/\/laserbiomedic.com\/wp-content\/uploads\/2024\/06\/image-94-300x157.png 300w, https:\/\/laserbiomedic.com\/wp-content\/uploads\/2024\/06\/image-94-1024x537.png 1024w, https:\/\/laserbiomedic.com\/wp-content\/uploads\/2024\/06\/image-94-768x403.png 768w, https:\/\/laserbiomedic.com\/wp-content\/uploads\/2024\/06\/image-94-1536x806.png 1536w, https:\/\/laserbiomedic.com\/wp-content\/uploads\/2024\/06\/image-94-18x9.png 18w\" sizes=\"(max-width: 1568px) 100vw, 1568px\" \/>\t\t\t\t\t\t\t\t\t\t\t\t\t\t\t<\/div>\n\t\t\t\t<\/div>\n\t\t\t\t<div class=\"elementor-element elementor-element-4949417a elementor-widget elementor-widget-image\" data-id=\"4949417a\" data-element_type=\"widget\" data-e-type=\"widget\" data-widget_type=\"image.default\">\n\t\t\t\t<div class=\"elementor-widget-container\">\n\t\t\t\t\t\t\t\t\t\t\t\t\t\t\t<img loading=\"lazy\" decoding=\"async\" width=\"1497\" height=\"786\" src=\"https:\/\/laserbiomedic.com\/wp-content\/uploads\/2024\/06\/image-95.png\" class=\"attachment-full size-full wp-image-898\" alt=\"\" srcset=\"https:\/\/laserbiomedic.com\/wp-content\/uploads\/2024\/06\/image-95.png 1497w, https:\/\/laserbiomedic.com\/wp-content\/uploads\/2024\/06\/image-95-300x158.png 300w, https:\/\/laserbiomedic.com\/wp-content\/uploads\/2024\/06\/image-95-1024x538.png 1024w, https:\/\/laserbiomedic.com\/wp-content\/uploads\/2024\/06\/image-95-768x403.png 768w, https:\/\/laserbiomedic.com\/wp-content\/uploads\/2024\/06\/image-95-18x9.png 18w\" sizes=\"(max-width: 1497px) 100vw, 1497px\" \/>\t\t\t\t\t\t\t\t\t\t\t\t\t\t\t<\/div>\n\t\t\t\t<\/div>\n\t\t\t\t<div class=\"elementor-element elementor-element-25dcaf52 elementor-widget elementor-widget-image\" data-id=\"25dcaf52\" data-element_type=\"widget\" data-e-type=\"widget\" data-widget_type=\"image.default\">\n\t\t\t\t<div class=\"elementor-widget-container\">\n\t\t\t\t\t\t\t\t\t\t\t\t\t\t\t<img loading=\"lazy\" decoding=\"async\" width=\"1485\" height=\"716\" src=\"https:\/\/laserbiomedic.com\/wp-content\/uploads\/2024\/06\/image-96.png\" class=\"attachment-full size-full wp-image-897\" alt=\"\" srcset=\"https:\/\/laserbiomedic.com\/wp-content\/uploads\/2024\/06\/image-96.png 1485w, https:\/\/laserbiomedic.com\/wp-content\/uploads\/2024\/06\/image-96-300x145.png 300w, https:\/\/laserbiomedic.com\/wp-content\/uploads\/2024\/06\/image-96-1024x494.png 1024w, https:\/\/laserbiomedic.com\/wp-content\/uploads\/2024\/06\/image-96-768x370.png 768w, https:\/\/laserbiomedic.com\/wp-content\/uploads\/2024\/06\/image-96-18x9.png 18w\" sizes=\"(max-width: 1485px) 100vw, 1485px\" \/>\t\t\t\t\t\t\t\t\t\t\t\t\t\t\t<\/div>\n\t\t\t\t<\/div>\n\t\t\t\t<div class=\"elementor-element elementor-element-75009945 elementor-widget elementor-widget-image\" data-id=\"75009945\" data-element_type=\"widget\" data-e-type=\"widget\" data-widget_type=\"image.default\">\n\t\t\t\t<div class=\"elementor-widget-container\">\n\t\t\t\t\t\t\t\t\t\t\t\t\t\t\t<img loading=\"lazy\" decoding=\"async\" width=\"1539\" height=\"1539\" src=\"https:\/\/laserbiomedic.com\/wp-content\/uploads\/2024\/06\/image-91.png\" class=\"attachment-full size-full wp-image-896\" alt=\"\" srcset=\"https:\/\/laserbiomedic.com\/wp-content\/uploads\/2024\/06\/image-91.png 1539w, https:\/\/laserbiomedic.com\/wp-content\/uploads\/2024\/06\/image-91-300x300.png 300w, https:\/\/laserbiomedic.com\/wp-content\/uploads\/2024\/06\/image-91-1024x1024.png 1024w, https:\/\/laserbiomedic.com\/wp-content\/uploads\/2024\/06\/image-91-150x150.png 150w, https:\/\/laserbiomedic.com\/wp-content\/uploads\/2024\/06\/image-91-768x768.png 768w, https:\/\/laserbiomedic.com\/wp-content\/uploads\/2024\/06\/image-91-1536x1536.png 1536w, https:\/\/laserbiomedic.com\/wp-content\/uploads\/2024\/06\/image-91-12x12.png 12w\" sizes=\"(max-width: 1539px) 100vw, 1539px\" \/>\t\t\t\t\t\t\t\t\t\t\t\t\t\t\t<\/div>\n\t\t\t\t<\/div>\n\t\t\t\t<div class=\"elementor-element elementor-element-2dbdf57d elementor-align-center elementor-widget elementor-widget-button\" data-id=\"2dbdf57d\" data-element_type=\"widget\" data-e-type=\"widget\" data-widget_type=\"button.default\">\n\t\t\t\t<div class=\"elementor-widget-container\">\n\t\t\t\t\t\t\t\t\t<div class=\"elementor-button-wrapper\">\n\t\t\t\t\t<a class=\"elementor-button elementor-button-link elementor-size-sm elementor-animation-grow\" href=\"http:\/\/wa.link\/enzn9z\">\n\t\t\t\t\t\t<span class=\"elementor-button-content-wrapper\">\n\t\t\t\t\t\t\t\t\t<span class=\"elementor-button-text\">SOLICITAR INFORMACION<\/span>\n\t\t\t\t\t<\/span>\n\t\t\t\t\t<\/a>\n\t\t\t\t<\/div>\n\t\t\t\t\t\t\t\t<\/div>\n\t\t\t\t<\/div>\n\t\t\t\t\t<\/div>\n\t\t\t\t<\/div>\n\t\t<div class=\"elementor-element elementor-element-240ed73c e-flex e-con-boxed elementor-invisible e-con e-parent\" data-id=\"240ed73c\" data-element_type=\"container\" data-e-type=\"container\" data-settings=\"{&quot;animation&quot;:&quot;fadeInUp&quot;}\">\n\t\t\t\t\t<div class=\"e-con-inner\">\n\t\t\t\t<div class=\"elementor-element elementor-element-776ecf9e elementor-widget elementor-widget-heading\" data-id=\"776ecf9e\" data-element_type=\"widget\" data-e-type=\"widget\" data-widget_type=\"heading.default\">\n\t\t\t\t<div class=\"elementor-widget-container\">\n\t\t\t\t\t<h2 class=\"elementor-heading-title elementor-size-default\">CONT\u00c1CTANOS<\/h2>\t\t\t\t<\/div>\n\t\t\t\t<\/div>\n\t\t\t\t<div class=\"elementor-element elementor-element-3221c20a elementor-widget-divider--view-line elementor-widget elementor-widget-divider\" data-id=\"3221c20a\" data-element_type=\"widget\" data-e-type=\"widget\" data-widget_type=\"divider.default\">\n\t\t\t\t<div class=\"elementor-widget-container\">\n\t\t\t\t\t\t\t<div class=\"elementor-divider\">\n\t\t\t<span class=\"elementor-divider-separator\">\n\t\t\t\t\t\t<\/span>\n\t\t<\/div>\n\t\t\t\t\t\t<\/div>\n\t\t\t\t<\/div>\n\t\t\t\t<div class=\"elementor-element elementor-element-3eae6f21 elementor-button-align-center elementor-widget elementor-widget-form\" data-id=\"3eae6f21\" data-element_type=\"widget\" data-e-type=\"widget\" data-settings=\"{&quot;step_next_label&quot;:&quot;Next&quot;,&quot;step_previous_label&quot;:&quot;Previous&quot;,&quot;button_width&quot;:&quot;100&quot;,&quot;step_type&quot;:&quot;number_text&quot;,&quot;step_icon_shape&quot;:&quot;circle&quot;}\" data-widget_type=\"form.default\">\n\t\t\t\t<div class=\"elementor-widget-container\">\n\t\t\t\t\t\t\t<form class=\"elementor-form\" method=\"post\" name=\"Laser Biomedic Contact\">\n\t\t\t<input type=\"hidden\" name=\"post_id\" value=\"466\"\/>\n\t\t\t<input type=\"hidden\" name=\"form_id\" value=\"3eae6f21\"\/>\n\t\t\t<input type=\"hidden\" name=\"referer_title\" value=\"Doublo Gold Mfu\" \/>\n\n\t\t\t\t\t\t\t<input type=\"hidden\" name=\"queried_id\" value=\"466\"\/>\n\t\t\t\n\t\t\t<div class=\"elementor-form-fields-wrapper elementor-labels-above\">\n\t\t\t\t\t\t\t\t<div class=\"elementor-field-type-textarea elementor-field-group elementor-column elementor-field-group-message elementor-col-100 elementor-field-required elementor-mark-required\">\n\t\t\t\t\t\t\t\t\t\t\t\t<label for=\"form-field-message\" class=\"elementor-field-label\">\n\t\t\t\t\t\t\t\t\u00bfC\u00d3MO PODEMOS AYUDARTE?\t\t\t\t\t\t\t<\/label>\n\t\t\t\t\t\t<textarea class=\"elementor-field-textual elementor-field  elementor-size-xs\" name=\"form_fields[message]\" id=\"form-field-message\" rows=\"4\" required=\"required\" aria-required=\"true\"><\/textarea>\t\t\t\t<\/div>\n\t\t\t\t\t\t\t\t<div class=\"elementor-field-type-text elementor-field-group elementor-column elementor-field-group-name elementor-col-50 elementor-field-required elementor-mark-required\">\n\t\t\t\t\t\t\t\t\t\t\t\t<label for=\"form-field-name\" class=\"elementor-field-label\">\n\t\t\t\t\t\t\t\tNOMBRE\t\t\t\t\t\t\t<\/label>\n\t\t\t\t\t\t\t\t\t\t\t\t\t\t<input size=\"1\" type=\"text\" name=\"form_fields[name]\" id=\"form-field-name\" class=\"elementor-field elementor-size-xs  elementor-field-textual\" required=\"required\" aria-required=\"true\">\n\t\t\t\t\t\t\t\t\t\t\t<\/div>\n\t\t\t\t\t\t\t\t<div class=\"elementor-field-type-email elementor-field-group elementor-column elementor-field-group-email elementor-col-50 elementor-field-required elementor-mark-required\">\n\t\t\t\t\t\t\t\t\t\t\t\t<label for=\"form-field-email\" class=\"elementor-field-label\">\n\t\t\t\t\t\t\t\tCORREO ELECTR\u00d3NICO\t\t\t\t\t\t\t<\/label>\n\t\t\t\t\t\t\t\t\t\t\t\t\t\t<input size=\"1\" type=\"email\" name=\"form_fields[email]\" id=\"form-field-email\" class=\"elementor-field elementor-size-xs  elementor-field-textual\" required=\"required\" aria-required=\"true\">\n\t\t\t\t\t\t\t\t\t\t\t<\/div>\n\t\t\t\t\t\t\t\t<div class=\"elementor-field-type-tel elementor-field-group elementor-column elementor-field-group-field_7c42165 elementor-col-100 elementor-field-required elementor-mark-required\">\n\t\t\t\t\t\t\t\t\t\t\t\t<label for=\"form-field-field_7c42165\" class=\"elementor-field-label\">\n\t\t\t\t\t\t\t\tTEL\u00c9FONO\t\t\t\t\t\t\t<\/label>\n\t\t\t\t\t\t\t\t<input size=\"1\" type=\"tel\" name=\"form_fields[field_7c42165]\" id=\"form-field-field_7c42165\" class=\"elementor-field elementor-size-xs  elementor-field-textual\" required=\"required\" aria-required=\"true\" pattern=\"[0-9()#&amp;+*-=.]+\" title=\"Only numbers and phone characters (#, -, *, etc) are accepted.\">\n\n\t\t\t\t\t\t<\/div>\n\t\t\t\t\t\t\t\t<div class=\"elementor-field-group elementor-column elementor-field-type-submit elementor-col-100 e-form__buttons\">\n\t\t\t\t\t<button class=\"elementor-button elementor-size-sm elementor-animation-grow\" type=\"submit\">\n\t\t\t\t\t\t<span class=\"elementor-button-content-wrapper\">\n\t\t\t\t\t\t\t\t\t\t\t\t\t\t\t\t\t\t\t\t\t\t<span class=\"elementor-button-text\">Enviar<\/span>\n\t\t\t\t\t\t\t\t\t\t\t\t\t<\/span>\n\t\t\t\t\t<\/button>\n\t\t\t\t<\/div>\n\t\t\t<\/div>\n\t\t<\/form>\n\t\t\t\t\t\t<\/div>\n\t\t\t\t<\/div>\n\t\t\t\t\t<\/div>\n\t\t\t\t<\/div>\n\t\t\t\t<\/div>\n\t\t","protected":false},"excerpt":{"rendered":"<p>DOUBLO GOLD MFU SOLICITAR INFORMACION Con Funci\u00f3n Doble Lifting Alta estabilidad con precisi\u00f3n de coagulaci\u00f3n t\u00e9rmica a profundidades objetivas. Varios cartuchos para indicaciones faciales como S7 (1.5mm), M7 (3.0mm) y D4 (4.5mm). Cartucho L4 (13mm) para procedimientos corporales. Se puede complementar con otros tratamientos como RF, l\u00e1ser fraccional, botox y procedimientos de relleno, etc. C\u00f3modo [&hellip;]<\/p>\n","protected":false},"author":1,"featured_media":0,"parent":0,"menu_order":0,"comment_status":"closed","ping_status":"closed","template":"","meta":{"footnotes":""},"class_list":["post-466","page","type-page","status-publish","hentry"],"_links":{"self":[{"href":"https:\/\/laserbiomedic.com\/en\/wp-json\/wp\/v2\/pages\/466","targetHints":{"allow":["GET"]}}],"collection":[{"href":"https:\/\/laserbiomedic.com\/en\/wp-json\/wp\/v2\/pages"}],"about":[{"href":"https:\/\/laserbiomedic.com\/en\/wp-json\/wp\/v2\/types\/page"}],"author":[{"embeddable":true,"href":"https:\/\/laserbiomedic.com\/en\/wp-json\/wp\/v2\/users\/1"}],"replies":[{"embeddable":true,"href":"https:\/\/laserbiomedic.com\/en\/wp-json\/wp\/v2\/comments?post=466"}],"version-history":[{"count":34,"href":"https:\/\/laserbiomedic.com\/en\/wp-json\/wp\/v2\/pages\/466\/revisions"}],"predecessor-version":[{"id":1455,"href":"https:\/\/laserbiomedic.com\/en\/wp-json\/wp\/v2\/pages\/466\/revisions\/1455"}],"wp:attachment":[{"href":"https:\/\/laserbiomedic.com\/en\/wp-json\/wp\/v2\/media?parent=466"}],"curies":[{"name":"wp","href":"https:\/\/api.w.org\/{rel}","templated":true}]}}