{"id":1523,"date":"2024-08-14T21:23:06","date_gmt":"2024-08-14T21:23:06","guid":{"rendered":"https:\/\/laserbiomedic.com\/?page_id=1523"},"modified":"2024-08-14T21:56:36","modified_gmt":"2024-08-14T21:56:36","slug":"meicet","status":"publish","type":"page","link":"https:\/\/laserbiomedic.com\/en\/meicet\/","title":{"rendered":"Meicet"},"content":{"rendered":"\t\t<div data-elementor-type=\"wp-page\" data-elementor-id=\"1523\" class=\"elementor elementor-1523\" data-elementor-post-type=\"page\">\n\t\t\t\t<div class=\"elementor-element elementor-element-296d85a5 e-con-full e-flex e-con e-parent\" data-id=\"296d85a5\" data-element_type=\"container\" data-e-type=\"container\" data-settings=\"{&quot;background_background&quot;:&quot;classic&quot;}\">\n\t\t\t\t<div class=\"elementor-element elementor-element-44c0a31e elementor-widget elementor-widget-image\" data-id=\"44c0a31e\" data-element_type=\"widget\" data-e-type=\"widget\" data-widget_type=\"image.default\">\n\t\t\t\t<div class=\"elementor-widget-container\">\n\t\t\t\t\t\t\t\t\t\t\t\t\t\t\t<img fetchpriority=\"high\" decoding=\"async\" width=\"1998\" height=\"822\" src=\"https:\/\/laserbiomedic.com\/wp-content\/uploads\/2024\/08\/Layer_1.png\" class=\"attachment-full size-full wp-image-1528\" alt=\"\" srcset=\"https:\/\/laserbiomedic.com\/wp-content\/uploads\/2024\/08\/Layer_1.png 1998w, https:\/\/laserbiomedic.com\/wp-content\/uploads\/2024\/08\/Layer_1-300x123.png 300w, https:\/\/laserbiomedic.com\/wp-content\/uploads\/2024\/08\/Layer_1-1024x421.png 1024w, https:\/\/laserbiomedic.com\/wp-content\/uploads\/2024\/08\/Layer_1-768x316.png 768w, https:\/\/laserbiomedic.com\/wp-content\/uploads\/2024\/08\/Layer_1-1536x632.png 1536w, https:\/\/laserbiomedic.com\/wp-content\/uploads\/2024\/08\/Layer_1-18x7.png 18w\" sizes=\"(max-width: 1998px) 100vw, 1998px\" \/>\t\t\t\t\t\t\t\t\t\t\t\t\t\t\t<\/div>\n\t\t\t\t<\/div>\n\t\t\t\t<\/div>\n\t\t<div class=\"elementor-element elementor-element-aa72ab0 e-flex e-con-boxed e-con e-parent\" data-id=\"aa72ab0\" data-element_type=\"container\" data-e-type=\"container\">\n\t\t\t\t\t<div class=\"e-con-inner\">\n\t\t\t\t<div class=\"elementor-element elementor-element-84b9aef elementor-widget elementor-widget-heading\" data-id=\"84b9aef\" data-element_type=\"widget\" data-e-type=\"widget\" data-widget_type=\"heading.default\">\n\t\t\t\t<div class=\"elementor-widget-container\">\n\t\t\t\t\t<h2 class=\"elementor-heading-title elementor-size-default\">EQUIPOS MEICET<\/h2>\t\t\t\t<\/div>\n\t\t\t\t<\/div>\n\t\t\t\t<div class=\"elementor-element elementor-element-8186967 elementor-widget__width-initial elementor-widget elementor-widget-text-editor\" data-id=\"8186967\" data-element_type=\"widget\" data-e-type=\"widget\" data-widget_type=\"text-editor.default\">\n\t\t\t\t<div class=\"elementor-widget-container\">\n\t\t\t\t\t\t\t\t\t<p>MEICET se especializa en el desarrollo y fabricaci\u00f3n de m\u00e1quinas analizadoras de piel y m\u00e1quinas analizadoras de composici\u00f3n corporal de alta calidad. <br \/><br \/>A continuaci\u00f3n ponemos a su disposici\u00f3n sus equipos dermatol\u00f3gicos de alta tecnolog\u00eda<\/p>\t\t\t\t\t\t\t\t<\/div>\n\t\t\t\t<\/div>\n\t\t\t\t\t<\/div>\n\t\t\t\t<\/div>\n\t\t<div class=\"elementor-element elementor-element-6342194 e-flex e-con-boxed elementor-invisible e-con e-parent\" data-id=\"6342194\" data-element_type=\"container\" data-e-type=\"container\" data-settings=\"{&quot;animation&quot;:&quot;fadeInUp&quot;}\">\n\t\t\t\t\t<div class=\"e-con-inner\">\n\t\t<div class=\"elementor-element elementor-element-4caee3d8 e-con-full e-flex e-con e-child\" data-id=\"4caee3d8\" data-element_type=\"container\" data-e-type=\"container\">\n\t\t\t\t<div class=\"elementor-element elementor-element-1c287895 elementor-widget elementor-widget-image\" data-id=\"1c287895\" data-element_type=\"widget\" data-e-type=\"widget\" data-widget_type=\"image.default\">\n\t\t\t\t<div class=\"elementor-widget-container\">\n\t\t\t\t\t\t\t\t\t\t\t\t\t\t\t\t<a href=\"https:\/\/laserbiomedic.com\/isemeco-d9-analizador-facial\/\">\n\t\t\t\t\t\t\t<img decoding=\"async\" width=\"503\" height=\"535\" src=\"https:\/\/laserbiomedic.com\/wp-content\/uploads\/2024\/08\/picture.png\" class=\"elementor-animation-grow attachment-full size-full wp-image-1537\" alt=\"\" srcset=\"https:\/\/laserbiomedic.com\/wp-content\/uploads\/2024\/08\/picture.png 503w, https:\/\/laserbiomedic.com\/wp-content\/uploads\/2024\/08\/picture-282x300.png 282w, https:\/\/laserbiomedic.com\/wp-content\/uploads\/2024\/08\/picture-11x12.png 11w\" sizes=\"(max-width: 503px) 100vw, 503px\" \/>\t\t\t\t\t\t\t\t<\/a>\n\t\t\t\t\t\t\t\t\t\t\t\t\t\t\t<\/div>\n\t\t\t\t<\/div>\n\t\t\t\t<\/div>\n\t\t<div class=\"elementor-element elementor-element-3c962655 e-con-full e-flex e-con e-child\" data-id=\"3c962655\" data-element_type=\"container\" data-e-type=\"container\">\n\t\t\t\t<div class=\"elementor-element elementor-element-d9f7b73 elementor-widget elementor-widget-heading\" data-id=\"d9f7b73\" data-element_type=\"widget\" data-e-type=\"widget\" data-widget_type=\"heading.default\">\n\t\t\t\t<div class=\"elementor-widget-container\">\n\t\t\t\t\t<h2 class=\"elementor-heading-title elementor-size-default\"><b>ISEMECO D9<\/b> Analizador facial<\/h2>\t\t\t\t<\/div>\n\t\t\t\t<\/div>\n\t\t\t\t<div class=\"elementor-element elementor-element-6f4382eb elementor-widget elementor-widget-text-editor\" data-id=\"6f4382eb\" data-element_type=\"widget\" data-e-type=\"widget\" data-widget_type=\"text-editor.default\">\n\t\t\t\t<div class=\"elementor-widget-container\">\n\t\t\t\t\t\t\t\t\t<ul><li>Imagen facil 3d<\/li><li>Imagen 4 espectros:NL, PPL, UV yCPL<\/li><li>Simulaci\u00f3n de envejecimiento<\/li><li>Detecci\u00f3n de arrugas<\/li><li>Tecnologia de lA<\/li><li>Distinci\u00f3n entre s\u00edntomas leves y graves<\/li><li>Funci\u00f3n est\u00e9tica 3D<\/li><li>Reportes inmediatos de resultado<\/li><\/ul>\t\t\t\t\t\t\t\t<\/div>\n\t\t\t\t<\/div>\n\t\t\t\t<\/div>\n\t\t<div class=\"elementor-element elementor-element-1eb0d420 e-con-full e-flex e-con e-child\" data-id=\"1eb0d420\" data-element_type=\"container\" data-e-type=\"container\">\n\t\t\t\t<div class=\"elementor-element elementor-element-268cf545 elementor-widget elementor-widget-button\" data-id=\"268cf545\" data-element_type=\"widget\" data-e-type=\"widget\" data-widget_type=\"button.default\">\n\t\t\t\t<div class=\"elementor-widget-container\">\n\t\t\t\t\t\t\t\t\t<div class=\"elementor-button-wrapper\">\n\t\t\t\t\t<a class=\"elementor-button elementor-button-link elementor-size-sm elementor-animation-grow\" href=\"http:\/\/wa.link\/enzn9z\">\n\t\t\t\t\t\t<span class=\"elementor-button-content-wrapper\">\n\t\t\t\t\t\t\t\t\t<span class=\"elementor-button-text\">SOLICITAR INFORMACION<\/span>\n\t\t\t\t\t<\/span>\n\t\t\t\t\t<\/a>\n\t\t\t\t<\/div>\n\t\t\t\t\t\t\t\t<\/div>\n\t\t\t\t<\/div>\n\t\t\t\t<\/div>\n\t\t\t\t\t<\/div>\n\t\t\t\t<\/div>\n\t\t<div class=\"elementor-element elementor-element-2e4321f4 e-flex e-con-boxed elementor-invisible e-con e-parent\" data-id=\"2e4321f4\" data-element_type=\"container\" data-e-type=\"container\" data-settings=\"{&quot;animation&quot;:&quot;fadeInUp&quot;}\">\n\t\t\t\t\t<div class=\"e-con-inner\">\n\t\t<div class=\"elementor-element elementor-element-731a427d e-con-full e-flex e-con e-child\" data-id=\"731a427d\" data-element_type=\"container\" data-e-type=\"container\">\n\t\t\t\t<div class=\"elementor-element elementor-element-227d7326 elementor-widget elementor-widget-image\" data-id=\"227d7326\" data-element_type=\"widget\" data-e-type=\"widget\" data-widget_type=\"image.default\">\n\t\t\t\t<div class=\"elementor-widget-container\">\n\t\t\t\t\t\t\t\t\t\t\t\t\t\t\t\t<a href=\"https:\/\/laserbiomedic.com\/pro-a-analizador-facial\/\">\n\t\t\t\t\t\t\t<img decoding=\"async\" width=\"503\" height=\"535\" src=\"https:\/\/laserbiomedic.com\/wp-content\/uploads\/2024\/06\/picture-11.png\" class=\"elementor-animation-grow attachment-full size-full wp-image-733\" alt=\"\" srcset=\"https:\/\/laserbiomedic.com\/wp-content\/uploads\/2024\/06\/picture-11.png 503w, https:\/\/laserbiomedic.com\/wp-content\/uploads\/2024\/06\/picture-11-282x300.png 282w, https:\/\/laserbiomedic.com\/wp-content\/uploads\/2024\/06\/picture-11-11x12.png 11w\" sizes=\"(max-width: 503px) 100vw, 503px\" \/>\t\t\t\t\t\t\t\t<\/a>\n\t\t\t\t\t\t\t\t\t\t\t\t\t\t\t<\/div>\n\t\t\t\t<\/div>\n\t\t\t\t<\/div>\n\t\t<div class=\"elementor-element elementor-element-6fed2403 e-con-full e-flex e-con e-child\" data-id=\"6fed2403\" data-element_type=\"container\" data-e-type=\"container\">\n\t\t\t\t<div class=\"elementor-element elementor-element-1a5a8adb elementor-widget elementor-widget-heading\" data-id=\"1a5a8adb\" data-element_type=\"widget\" data-e-type=\"widget\" data-widget_type=\"heading.default\">\n\t\t\t\t<div class=\"elementor-widget-container\">\n\t\t\t\t\t<h2 class=\"elementor-heading-title elementor-size-default\"><b>Pro A<\/b> Analizador facial<\/h2>\t\t\t\t<\/div>\n\t\t\t\t<\/div>\n\t\t\t\t<div class=\"elementor-element elementor-element-24704d69 elementor-widget elementor-widget-text-editor\" data-id=\"24704d69\" data-element_type=\"widget\" data-e-type=\"widget\" data-widget_type=\"text-editor.default\">\n\t\t\t\t<div class=\"elementor-widget-container\">\n\t\t\t\t\t\t\t\t\t<ul><li>Sistema de detecci\u00f3n y an\u00e1lisis facial<\/li><li>Dise\u00f1o minimalista todo en uno<\/li><li>Sistema de escaneo preciso<\/li><li>Imagen y an\u00e1lisis realista<\/li><li>Acceso instant\u00e1neo a im\u00e1genes<\/li><li>Tecnolog\u00eda de inteligencia artificial para prevenir da\u00f1os futuros<\/li><li>Simulador de envejecimiento<\/li><\/ul>\t\t\t\t\t\t\t\t<\/div>\n\t\t\t\t<\/div>\n\t\t\t\t<\/div>\n\t\t<div class=\"elementor-element elementor-element-4779a9a5 e-con-full e-flex e-con e-child\" data-id=\"4779a9a5\" data-element_type=\"container\" data-e-type=\"container\">\n\t\t\t\t<div class=\"elementor-element elementor-element-506869c4 elementor-widget elementor-widget-button\" data-id=\"506869c4\" data-element_type=\"widget\" data-e-type=\"widget\" data-widget_type=\"button.default\">\n\t\t\t\t<div class=\"elementor-widget-container\">\n\t\t\t\t\t\t\t\t\t<div class=\"elementor-button-wrapper\">\n\t\t\t\t\t<a class=\"elementor-button elementor-button-link elementor-size-sm elementor-animation-grow\" href=\"http:\/\/wa.link\/enzn9z\">\n\t\t\t\t\t\t<span class=\"elementor-button-content-wrapper\">\n\t\t\t\t\t\t\t\t\t<span class=\"elementor-button-text\">SOLICITAR INFORMACION<\/span>\n\t\t\t\t\t<\/span>\n\t\t\t\t\t<\/a>\n\t\t\t\t<\/div>\n\t\t\t\t\t\t\t\t<\/div>\n\t\t\t\t<\/div>\n\t\t\t\t<\/div>\n\t\t\t\t\t<\/div>\n\t\t\t\t<\/div>\n\t\t<div class=\"elementor-element elementor-element-1ac4e08c e-con-full e-flex elementor-invisible e-con e-parent\" data-id=\"1ac4e08c\" data-element_type=\"container\" data-e-type=\"container\" data-settings=\"{&quot;animation&quot;:&quot;fadeInUp&quot;}\">\n\t\t<div class=\"elementor-element elementor-element-2b5b7655 e-con-full e-flex e-con e-child\" data-id=\"2b5b7655\" data-element_type=\"container\" data-e-type=\"container\">\n\t\t\t\t<div class=\"elementor-element elementor-element-1a5afdc9 elementor-widget elementor-widget-image\" data-id=\"1a5afdc9\" data-element_type=\"widget\" data-e-type=\"widget\" data-widget_type=\"image.default\">\n\t\t\t\t<div class=\"elementor-widget-container\">\n\t\t\t\t\t\t\t\t\t\t\t\t\t\t\t<img loading=\"lazy\" decoding=\"async\" width=\"1998\" height=\"663\" src=\"https:\/\/laserbiomedic.com\/wp-content\/uploads\/2024\/08\/11-ConvertidoZXZX-1.png\" class=\"attachment-full size-full wp-image-1543\" alt=\"\" srcset=\"https:\/\/laserbiomedic.com\/wp-content\/uploads\/2024\/08\/11-ConvertidoZXZX-1.png 1998w, https:\/\/laserbiomedic.com\/wp-content\/uploads\/2024\/08\/11-ConvertidoZXZX-1-300x100.png 300w, https:\/\/laserbiomedic.com\/wp-content\/uploads\/2024\/08\/11-ConvertidoZXZX-1-1024x340.png 1024w, https:\/\/laserbiomedic.com\/wp-content\/uploads\/2024\/08\/11-ConvertidoZXZX-1-768x255.png 768w, https:\/\/laserbiomedic.com\/wp-content\/uploads\/2024\/08\/11-ConvertidoZXZX-1-1536x510.png 1536w, https:\/\/laserbiomedic.com\/wp-content\/uploads\/2024\/08\/11-ConvertidoZXZX-1-18x6.png 18w\" sizes=\"(max-width: 1998px) 100vw, 1998px\" \/>\t\t\t\t\t\t\t\t\t\t\t\t\t\t\t<\/div>\n\t\t\t\t<\/div>\n\t\t\t\t<\/div>\n\t\t\t\t<\/div>\n\t\t<div class=\"elementor-element elementor-element-3f8fe5b5 e-flex e-con-boxed elementor-invisible e-con e-parent\" data-id=\"3f8fe5b5\" data-element_type=\"container\" data-e-type=\"container\" data-settings=\"{&quot;animation&quot;:&quot;fadeInUp&quot;}\">\n\t\t\t\t\t<div class=\"e-con-inner\">\n\t\t\t\t<div class=\"elementor-element elementor-element-60db472e elementor-widget elementor-widget-heading\" data-id=\"60db472e\" data-element_type=\"widget\" data-e-type=\"widget\" data-widget_type=\"heading.default\">\n\t\t\t\t<div class=\"elementor-widget-container\">\n\t\t\t\t\t<h2 class=\"elementor-heading-title elementor-size-default\">CONT\u00c1CTANOS<\/h2>\t\t\t\t<\/div>\n\t\t\t\t<\/div>\n\t\t\t\t<div class=\"elementor-element elementor-element-2cd1d716 elementor-widget-divider--view-line elementor-widget elementor-widget-divider\" data-id=\"2cd1d716\" data-element_type=\"widget\" data-e-type=\"widget\" data-widget_type=\"divider.default\">\n\t\t\t\t<div class=\"elementor-widget-container\">\n\t\t\t\t\t\t\t<div class=\"elementor-divider\">\n\t\t\t<span class=\"elementor-divider-separator\">\n\t\t\t\t\t\t<\/span>\n\t\t<\/div>\n\t\t\t\t\t\t<\/div>\n\t\t\t\t<\/div>\n\t\t\t\t<div class=\"elementor-element elementor-element-78419b51 elementor-button-align-center elementor-widget elementor-widget-form\" data-id=\"78419b51\" data-element_type=\"widget\" data-e-type=\"widget\" data-settings=\"{&quot;step_next_label&quot;:&quot;Next&quot;,&quot;step_previous_label&quot;:&quot;Previous&quot;,&quot;button_width&quot;:&quot;100&quot;,&quot;step_type&quot;:&quot;number_text&quot;,&quot;step_icon_shape&quot;:&quot;circle&quot;}\" data-widget_type=\"form.default\">\n\t\t\t\t<div class=\"elementor-widget-container\">\n\t\t\t\t\t\t\t<form class=\"elementor-form\" method=\"post\" name=\"Laser Biomedic Contact\">\n\t\t\t<input type=\"hidden\" name=\"post_id\" value=\"1523\"\/>\n\t\t\t<input type=\"hidden\" name=\"form_id\" value=\"78419b51\"\/>\n\t\t\t<input type=\"hidden\" name=\"referer_title\" value=\"Meicet\" \/>\n\n\t\t\t\t\t\t\t<input type=\"hidden\" name=\"queried_id\" value=\"1523\"\/>\n\t\t\t\n\t\t\t<div class=\"elementor-form-fields-wrapper elementor-labels-above\">\n\t\t\t\t\t\t\t\t<div class=\"elementor-field-type-textarea elementor-field-group elementor-column elementor-field-group-message elementor-col-100 elementor-field-required elementor-mark-required\">\n\t\t\t\t\t\t\t\t\t\t\t\t<label for=\"form-field-message\" class=\"elementor-field-label\">\n\t\t\t\t\t\t\t\t\u00bfC\u00d3MO PODEMOS AYUDARTE?\t\t\t\t\t\t\t<\/label>\n\t\t\t\t\t\t<textarea class=\"elementor-field-textual elementor-field  elementor-size-xs\" name=\"form_fields[message]\" id=\"form-field-message\" rows=\"4\" required=\"required\" aria-required=\"true\"><\/textarea>\t\t\t\t<\/div>\n\t\t\t\t\t\t\t\t<div class=\"elementor-field-type-text elementor-field-group elementor-column elementor-field-group-name elementor-col-50 elementor-field-required elementor-mark-required\">\n\t\t\t\t\t\t\t\t\t\t\t\t<label for=\"form-field-name\" class=\"elementor-field-label\">\n\t\t\t\t\t\t\t\tNOMBRE\t\t\t\t\t\t\t<\/label>\n\t\t\t\t\t\t\t\t\t\t\t\t\t\t<input size=\"1\" type=\"text\" name=\"form_fields[name]\" id=\"form-field-name\" class=\"elementor-field elementor-size-xs  elementor-field-textual\" required=\"required\" aria-required=\"true\">\n\t\t\t\t\t\t\t\t\t\t\t<\/div>\n\t\t\t\t\t\t\t\t<div class=\"elementor-field-type-email elementor-field-group elementor-column elementor-field-group-email elementor-col-50 elementor-field-required elementor-mark-required\">\n\t\t\t\t\t\t\t\t\t\t\t\t<label for=\"form-field-email\" class=\"elementor-field-label\">\n\t\t\t\t\t\t\t\tCORREO ELECTR\u00d3NICO\t\t\t\t\t\t\t<\/label>\n\t\t\t\t\t\t\t\t\t\t\t\t\t\t<input size=\"1\" type=\"email\" name=\"form_fields[email]\" id=\"form-field-email\" class=\"elementor-field elementor-size-xs  elementor-field-textual\" required=\"required\" aria-required=\"true\">\n\t\t\t\t\t\t\t\t\t\t\t<\/div>\n\t\t\t\t\t\t\t\t<div class=\"elementor-field-type-tel elementor-field-group elementor-column elementor-field-group-field_7c42165 elementor-col-100 elementor-field-required elementor-mark-required\">\n\t\t\t\t\t\t\t\t\t\t\t\t<label for=\"form-field-field_7c42165\" class=\"elementor-field-label\">\n\t\t\t\t\t\t\t\tTEL\u00c9FONO\t\t\t\t\t\t\t<\/label>\n\t\t\t\t\t\t\t\t<input size=\"1\" type=\"tel\" name=\"form_fields[field_7c42165]\" id=\"form-field-field_7c42165\" class=\"elementor-field elementor-size-xs  elementor-field-textual\" required=\"required\" aria-required=\"true\" pattern=\"[0-9()#&amp;+*-=.]+\" title=\"Only numbers and phone characters (#, -, *, etc) are accepted.\">\n\n\t\t\t\t\t\t<\/div>\n\t\t\t\t\t\t\t\t<div class=\"elementor-field-group elementor-column elementor-field-type-submit elementor-col-100 e-form__buttons\">\n\t\t\t\t\t<button class=\"elementor-button elementor-size-sm elementor-animation-grow\" type=\"submit\">\n\t\t\t\t\t\t<span class=\"elementor-button-content-wrapper\">\n\t\t\t\t\t\t\t\t\t\t\t\t\t\t\t\t\t\t\t\t\t\t<span class=\"elementor-button-text\">Enviar<\/span>\n\t\t\t\t\t\t\t\t\t\t\t\t\t<\/span>\n\t\t\t\t\t<\/button>\n\t\t\t\t<\/div>\n\t\t\t<\/div>\n\t\t<\/form>\n\t\t\t\t\t\t<\/div>\n\t\t\t\t<\/div>\n\t\t\t\t\t<\/div>\n\t\t\t\t<\/div>\n\t\t\t\t<\/div>\n\t\t","protected":false},"excerpt":{"rendered":"<p>EQUIPOS MEICET MEICET se especializa en el desarrollo y fabricaci\u00f3n de m\u00e1quinas analizadoras de piel y m\u00e1quinas analizadoras de composici\u00f3n corporal de alta calidad. A continuaci\u00f3n ponemos a su disposici\u00f3n sus equipos dermatol\u00f3gicos de alta tecnolog\u00eda ISEMECO D9 Analizador facial Imagen facil 3d Imagen 4 espectros:NL, PPL, UV yCPL Simulaci\u00f3n de envejecimiento Detecci\u00f3n de arrugas [&hellip;]<\/p>\n","protected":false},"author":1,"featured_media":0,"parent":0,"menu_order":0,"comment_status":"closed","ping_status":"closed","template":"","meta":{"footnotes":""},"class_list":["post-1523","page","type-page","status-publish","hentry"],"_links":{"self":[{"href":"https:\/\/laserbiomedic.com\/en\/wp-json\/wp\/v2\/pages\/1523","targetHints":{"allow":["GET"]}}],"collection":[{"href":"https:\/\/laserbiomedic.com\/en\/wp-json\/wp\/v2\/pages"}],"about":[{"href":"https:\/\/laserbiomedic.com\/en\/wp-json\/wp\/v2\/types\/page"}],"author":[{"embeddable":true,"href":"https:\/\/laserbiomedic.com\/en\/wp-json\/wp\/v2\/users\/1"}],"replies":[{"embeddable":true,"href":"https:\/\/laserbiomedic.com\/en\/wp-json\/wp\/v2\/comments?post=1523"}],"version-history":[{"count":10,"href":"https:\/\/laserbiomedic.com\/en\/wp-json\/wp\/v2\/pages\/1523\/revisions"}],"predecessor-version":[{"id":1552,"href":"https:\/\/laserbiomedic.com\/en\/wp-json\/wp\/v2\/pages\/1523\/revisions\/1552"}],"wp:attachment":[{"href":"https:\/\/laserbiomedic.com\/en\/wp-json\/wp\/v2\/media?parent=1523"}],"curies":[{"name":"wp","href":"https:\/\/api.w.org\/{rel}","templated":true}]}}